{"id":184,"date":"2025-10-28T00:06:50","date_gmt":"2025-10-28T03:06:50","guid":{"rendered":"http:\/\/localhost:8080\/?page_id=184"},"modified":"2026-05-05T09:53:16","modified_gmt":"2026-05-05T12:53:16","slug":"orientacoes-para-o-registro-de-inscricao-principal","status":"publish","type":"page","link":"https:\/\/cress-ba.org.br\/?page_id=184","title":{"rendered":"Inscri\u00e7\u00e3o Principal Pessoa F\u00edsica"},"content":{"rendered":"\n<p><strong><em>RESOLU\u00c7\u00c3O CFESS N\u00ba 1014\/2022<\/em><\/strong><\/p>\n\n\n\n<p><strong>ANUIDADES<\/strong>:&nbsp;A inscri\u00e7\u00e3o no CRESS-BA obriga a\/o pessoa requerente ao pagamento de anuidades profissionais.&nbsp;Portanto,&nbsp;<strong>verifique a necessidade de obter o seu registro neste momento<\/strong>, a fim de evitar d\u00e9bitos futuros, que poder\u00e3o ser cobrados inclusive judicialmente.<\/p>\n\n\n\n<p><strong>REQUISITOS<\/strong>:&nbsp;Ser Bacharel em curso de gradua\u00e7\u00e3o em Servi\u00e7o Social, oficialmente reconhecido no Pa\u00eds, ou se, diplomado em Pa\u00eds estrangeiro, o diploma dever\u00e1 estar devidamente revalidado e registrado em \u00f3rg\u00e3o competente no Brasil.<\/p>\n\n\n\n<p><strong>Para efeito de realiza\u00e7\u00e3o da inscri\u00e7\u00e3o, o documento que comprove a cola\u00e7\u00e3o de grau, s\u00f3 ser\u00e1 aceito at\u00e9 24 meses ap\u00f3s a data de cola\u00e7\u00e3o de grau.<\/strong><\/p>\n\n\n\n<p><strong>PRAZO para retorno do setor ap\u00f3s pr\u00e9-cadastro no site:<\/strong>&nbsp;at\u00e9 10 dias \u00fateis.<\/p>\n\n\n\n<p><strong>PRAZO para emiss\u00e3o do n\u00famero de registro:&nbsp;<\/strong>em at\u00e9&nbsp;45&nbsp;dias \u00fateis ap\u00f3s o pagamento das taxas.<\/p>\n\n\n\n<p><strong>PRAZO&nbsp;para emiss\u00e3o do n\u00famero de registro em car\u00e1ter de urg\u00eancia (mediante envio de declara\u00e7\u00e3o do empregador ou resultado de processo seletivo):&nbsp;<\/strong>at\u00e9 10 dias&nbsp;\u00fateis, ap\u00f3s pagamento das taxas.<\/p>\n\n\n\n<p><strong>COMO SOLICITAR A PRIMEIRA INSCRI\u00c7\u00c3O:<\/strong><\/p>\n\n\n\n<p>1.&nbsp;Acesse a aba de&nbsp;<strong>\u201cServi\u00e7os Online\u201d<\/strong>&nbsp;na p\u00e1gina principal do CRESS-BA.<\/p>\n\n\n\n<p>2. Na nova p\u00e1gina que abrir\u00e1, clique na op\u00e7\u00e3o&nbsp;<strong>\u201cPr\u00e9-Cadastro\u201d ou&nbsp;<a href=\"https:\/\/cress-ba.implanta.net.br\/servicosonline\/Precadastro\/PreCadastro\/\">acesse aqui diretamente<\/a><\/strong><\/p>\n\n\n\n<p>3. Em seguida, no bloco&nbsp;<strong>\u201cNovo\u201d&nbsp;<\/strong>selecione a op\u00e7\u00e3o<strong>&nbsp;\u201cProfissional\u201d&nbsp;<\/strong>e clique na op\u00e7\u00e3o<strong>&nbsp;\u201cAssistente Social\u201d<\/strong>.<\/p>\n\n\n\n<p>4. Posteriormente, ir\u00e1 aparecer todas as informa\u00e7\u00f5es das etapas que a\/o profissional deve seguir obrigatoriamente para a solicitar a 1\u00b0 inscri\u00e7\u00e3o. Leia atentamente essas informa\u00e7\u00f5es.<\/p>\n\n\n\n<p>5.&nbsp;Clique no bot\u00e3o<strong>&nbsp;\u201cSalvar e Pr\u00f3ximo &#8211; Inscri\u00e7\u00e3o e Identifica\u00e7\u00e3o\u201d.<\/strong><\/p>\n\n\n\n<p>6. Em seguida, aparecer\u00e1 os campos para preenchimento. Em&nbsp;<strong>\u201cTipo de Inscri\u00e7\u00e3o\u201d<\/strong>,&nbsp;selecione&nbsp;\u201c<strong>PRINCIPAL- Profissional<\/strong>\u201d,&nbsp;informe nome, CPF e motivo de inscri\u00e7\u00e3o. O <strong>item \u201cNOME SOCIAL\u201d<\/strong> \u00e9 utilizado, principalmente, por pessoas transexuais e travestis, devendo ser respeitado em todos os registros, comunica\u00e7\u00f5es e atendimentos realizados por assistentes sociais, conforme os princ\u00edpios \u00e9ticos<br>da profiss\u00e3o e a garantia dos direitos humanos.<\/p>\n\n\n\n<p><a href=\"https:\/\/www.cfess.org.br\/arquivos\/CFESS-NomeSocial-Folder30x25cm-Aprovado.pdf\" data-type=\"link\" data-id=\"https:\/\/www.cfess.org.br\/arquivos\/CFESS-NomeSocial-Folder30x25cm-Aprovado.pdf\">Confira orienta\u00e7\u00f5es para o atendimento de pessoas Trans no Conjunto CFESS-CRESS<\/a><\/p>\n\n\n\n<p>Ressalta-se que o \u201cNOME SOCIAL\u201d N\u00c3O SE TRATA DE APELIDO, mas de um direito assegurado, que expressa a identidade da pessoa e deve ser reconhecido e utilizado de forma adequada e respeitosa.<br>Dessa forma, solicitamos que o campo destinado ao NOME SOCIAL dever\u00e1 ser preenchido apenas por indiv\u00edduos que se enquadrem nesse perfil. Caso contr\u00e1rio, o campo n\u00e3o dever\u00e1 ser preenchido. Depois de preencher, clique em&nbsp;\u201cSalvar e Pr\u00f3ximo \u2013 Dados Pessoais\u201d.<\/p>\n\n\n\n<p>7. Voc\u00ea deve informar os dados pessoais&nbsp;<strong>\u201cContato\u201d e \u201cForma\u00e7\u00e3o\u201d<\/strong>&nbsp;nos campos apresentados;<\/p>\n\n\n\n<p>8. Em seguida, aparecer\u00e1 os campos para anexar seus documentos digitalizados: RG;&nbsp;CPF;&nbsp;DIPLOMA&nbsp;(frente e verso) ou&nbsp;Certid\u00e3o original de Cola\u00e7\u00e3o de Grau (caso n\u00e3o tenha diploma), a ser substitu\u00edda pelo Diploma original no prazo de 1 (um) ano, prorrog\u00e1vel por mais 1 ano, somente ap\u00f3s aprova\u00e7\u00e3o da Comiss\u00e3o de Inscri\u00e7\u00e3o; COMPROVANTE DE RESID\u00caNCIA, FOTO 3X4 (fundo branco);&nbsp;CERTIFICADO DE RESERVISTA, obrigat\u00f3rio para o sexo masculino&nbsp;entre 18 e 45 anos.<\/p>\n\n\n\n<p>Caso tenha urg\u00eancia, diante da oportunidade de contrata\u00e7\u00e3o, acrescente em &#8220;documento diverso&#8221; a Declara\u00e7\u00e3o do Empregador, em papel timbrado, ou Edital de Convoca\u00e7\u00e3o em Concurso P\u00fablico, solicitando o registro urgente do\/a profissional para fins de contrata\u00e7\u00e3o.<\/p>\n\n\n\n<p>9. Ap\u00f3s realizar esse processo, aguarde retorno do CRESS-BA no e-mail que voc\u00ea informou no pr\u00e9-cadastro.<\/p>\n\n\n\n<p>10. O setor de registro enviar\u00e1 os boletos (taxa de inscri\u00e7\u00e3o + anuidade + taxa de emiss\u00e3o do DIP)<br>&nbsp;<\/p>\n\n\n\n<p><strong>DOCUMENTOS (DEVEM SER DIGITALIZADOS)<\/strong>:<\/p>\n\n\n\n<p>Para inscri\u00e7\u00e3o, \u00e9 necess\u00e1rio anexar os seguintes documentos&nbsp;obrigat\u00f3rios:<\/p>\n\n\n\n<p>1)<strong>&nbsp;Documento de identifica\u00e7\u00e3o com foto &#8211; RG, CNH ou&nbsp; Registro Nacional de Estrageiro,&nbsp;<\/strong>se for o caso;<\/p>\n\n\n\n<p>2)&nbsp;<strong>CPF&nbsp;leg\u00edvel;<\/strong><\/p>\n\n\n\n<p>3)<strong>&nbsp;Comprovante de resid\u00eancia;<\/strong><\/p>\n\n\n\n<p>4)&nbsp;<strong>Foto 3&#215;4<\/strong>&nbsp;(em jpg);<\/p>\n\n\n\n<p>5)<strong>&nbsp;Diploma<\/strong>&nbsp;(frente e verso) ou&nbsp;<strong>Certid\u00e3o original de Cola\u00e7\u00e3o de Grau<\/strong>, que s\u00f3 ser\u00e1 aceito at\u00e9 24 meses ap\u00f3s a data de cola\u00e7\u00e3o de grau, e&nbsp;a mesma dever\u00e1 ser substituida no prazo de 1&nbsp;ano, com possibilidade de prorroga\u00e7\u00e3o por&nbsp;mais 1 ano, somente ap\u00f3s aprova\u00e7\u00e3o da Comiss\u00e3o de Inscri\u00e7\u00e3o)<strong>;<\/strong><\/p>\n\n\n\n<p>6)&nbsp;<strong>Certificado de reservista,<\/strong>&nbsp;obrigat\u00f3rio para o sexo masculino entre 18 e 45 anos<\/p>\n\n\n\n<p><strong>DESTAQUE<\/strong>:&nbsp; Em caso de instabilidade ou impossibilidade de uso da plataforma eletr\u00f4nica, ser\u00e1 permitido, excepcionalmente, o envio da documenta\u00e7\u00e3o pelo&nbsp; e-mail: <strong>registro@cress-ba.org.br<\/strong>,&nbsp; que posteriormente, dever\u00e1 ser&nbsp;<strong>obrigatoriamente<\/strong>&nbsp;substitu\u00edda pelo solicitante t\u00e3o logo ocorra o restabelecimento do sistema, seja na pr\u00f3pria plataforma ou por meio da apresenta\u00e7\u00e3o dos originais. Na falta do envio pela plataforma ou apresenta\u00e7\u00e3o dos originais, poder\u00e1 ter sua solicita\u00e7\u00e3o indeferida.<\/p>\n\n\n\n<p><strong>Excepcionalmente,<\/strong>&nbsp;ser\u00e1 permitido o pedido de inscri\u00e7\u00e3o de forma presencial, caso o profissional n\u00e3o tenha acesso a computador e internet. Esta\/e&nbsp;poder\u00e1 acessar equipamento multim\u00eddia das 09h&nbsp;\u00e0s 15h na sede do&nbsp;CRESS-BA,&nbsp;munidos das documenta\u00e7\u00f5es necess\u00e1rias <strong>DIGITALIZADOS<\/strong> em m\u00eddia eletr\u00f4nica, e a\/o&nbsp;trabalhador\/a do Conselho, <strong>apenas<\/strong> auxiliar\u00e1 a\/o requerente, com os procedimentos para a inser\u00e7\u00e3o das informa\u00e7\u00f5es e da documenta\u00e7\u00e3o na plataforma eletr\u00f4nica.<\/p>\n\n\n\n<p><strong>Confira os valores para primeira inscri\u00e7\u00e3o e reinscri\u00e7\u00e3o, com pagamentos \u00e0 vista ou parcelado no boleto.<\/strong><\/p>\n\n\n\n<figure class=\"wp-block-image size-full\"><img loading=\"lazy\" decoding=\"async\" width=\"904\" height=\"368\" src=\"https:\/\/cress-ba.org.br\/wp-content\/uploads\/2026\/01\/Captura-de-tela-2026-01-06-170039.png\" alt=\"\" class=\"wp-image-2632\" srcset=\"https:\/\/cress-ba.org.br\/wp-content\/uploads\/2026\/01\/Captura-de-tela-2026-01-06-170039.png 904w, https:\/\/cress-ba.org.br\/wp-content\/uploads\/2026\/01\/Captura-de-tela-2026-01-06-170039-300x122.png 300w, https:\/\/cress-ba.org.br\/wp-content\/uploads\/2026\/01\/Captura-de-tela-2026-01-06-170039-768x313.png 768w\" sizes=\"auto, (max-width: 904px) 100vw, 904px\" \/><\/figure>\n\n\n\n<figure class=\"wp-block-image size-full\"><img loading=\"lazy\" decoding=\"async\" width=\"896\" height=\"377\" src=\"https:\/\/cress-ba.org.br\/wp-content\/uploads\/2026\/01\/Captura-de-tela-2026-01-06-170055.png\" alt=\"\" class=\"wp-image-2633\" srcset=\"https:\/\/cress-ba.org.br\/wp-content\/uploads\/2026\/01\/Captura-de-tela-2026-01-06-170055.png 896w, https:\/\/cress-ba.org.br\/wp-content\/uploads\/2026\/01\/Captura-de-tela-2026-01-06-170055-300x126.png 300w, https:\/\/cress-ba.org.br\/wp-content\/uploads\/2026\/01\/Captura-de-tela-2026-01-06-170055-768x323.png 768w\" sizes=\"auto, (max-width: 896px) 100vw, 896px\" \/><\/figure>\n\n\n\n<p><strong>A&nbsp;anuidade&nbsp;n\u00e3o paga em cota \u00fanica at\u00e9 o d\u00e9cimo quinto dia do m\u00eas de maio de&nbsp;2026 (15\/05), ou parcela n\u00e3o quitada nas datas de vencimento implicar\u00e1 em Multa de 2% e Juros de 1% a.m, conforme prev\u00ea a Resolu\u00e7\u00e3o do CFESS.<\/strong><\/p>\n","protected":false},"excerpt":{"rendered":"<p>RESOLU\u00c7\u00c3O CFESS N\u00ba 1014\/2022 ANUIDADES:&nbsp;A inscri\u00e7\u00e3o no CRESS-BA obriga a\/o pessoa requerente ao pagamento de anuidades profissionais.&nbsp;Portanto,&nbsp;verifique a necessidade de obter o seu registro neste momento, a fim de evitar d\u00e9bitos futuros, que poder\u00e3o ser cobrados inclusive judicialmente. REQUISITOS:&nbsp;Ser Bacharel em curso de gradua\u00e7\u00e3o em Servi\u00e7o Social, oficialmente reconhecido no Pa\u00eds, ou se, diplomado em [&hellip;]<\/p>\n","protected":false},"author":1,"featured_media":0,"parent":0,"menu_order":0,"comment_status":"closed","ping_status":"closed","template":"","meta":{"footnotes":""},"class_list":["post-184","page","type-page","status-publish","hentry"],"_hostinger_reach_plugin_has_subscription_block":false,"_hostinger_reach_plugin_is_elementor":false,"_links":{"self":[{"href":"https:\/\/cress-ba.org.br\/index.php?rest_route=\/wp\/v2\/pages\/184","targetHints":{"allow":["GET"]}}],"collection":[{"href":"https:\/\/cress-ba.org.br\/index.php?rest_route=\/wp\/v2\/pages"}],"about":[{"href":"https:\/\/cress-ba.org.br\/index.php?rest_route=\/wp\/v2\/types\/page"}],"author":[{"embeddable":true,"href":"https:\/\/cress-ba.org.br\/index.php?rest_route=\/wp\/v2\/users\/1"}],"replies":[{"embeddable":true,"href":"https:\/\/cress-ba.org.br\/index.php?rest_route=%2Fwp%2Fv2%2Fcomments&post=184"}],"version-history":[{"count":19,"href":"https:\/\/cress-ba.org.br\/index.php?rest_route=\/wp\/v2\/pages\/184\/revisions"}],"predecessor-version":[{"id":5633,"href":"https:\/\/cress-ba.org.br\/index.php?rest_route=\/wp\/v2\/pages\/184\/revisions\/5633"}],"wp:attachment":[{"href":"https:\/\/cress-ba.org.br\/index.php?rest_route=%2Fwp%2Fv2%2Fmedia&parent=184"}],"curies":[{"name":"wp","href":"https:\/\/api.w.org\/{rel}","templated":true}]}}