{"id":190,"date":"2025-10-28T00:40:21","date_gmt":"2025-10-28T03:40:21","guid":{"rendered":"http:\/\/localhost:8080\/?page_id=190"},"modified":"2026-02-24T13:23:15","modified_gmt":"2026-02-24T16:23:15","slug":"orientacoes-para-a-reinscricao","status":"publish","type":"page","link":"https:\/\/cress-ba.org.br\/?page_id=190","title":{"rendered":"Reinscri\u00e7\u00e3o"},"content":{"rendered":"\n<p><strong>LEIA COM BASTANTE ATEN\u00c7\u00c3O AS INFORMA\u00c7\u00d5ES ABAIXO:<\/strong><\/p>\n\n\n\n<p><strong>REQUISITOS<\/strong>:&nbsp;Para reinscri\u00e7\u00e3o, \u00e9 necess\u00e1rio que a(o) profissional tenha cancelado anteriormente a sua inscri\u00e7\u00e3o principal no&nbsp;CRESS-BA.<\/p>\n\n\n\n<p><strong>ANUIDADES<\/strong>:&nbsp;A inscri\u00e7\u00e3o no CRESS obriga o\/a requerente ao pagamento de anuidades profissionais, portanto, verifique a necessidade de obter a&nbsp;reinscri\u00e7\u00e3o<strong>&nbsp;<\/strong>do seu registro neste momento, a fim de evitar d\u00e9bitos futuros, que poder\u00e3o ser cobrados pelas vias administrativas e judiciais.<\/p>\n\n\n\n<p><strong>COMO SOLICITAR REINSCRI\u00c7\u00c3O:&nbsp;<\/strong><\/p>\n\n\n\n<p>Envie e-mail para registro@cress-ba.org.br com os seguintes documentos:<\/p>\n\n\n\n<ol class=\"wp-block-list\">\n<li>1. <strong>Documento de identifica\u00e7\u00e3o com foto &#8211; RG, CNH ou Registro Nacional de Estrangeiro,<\/strong> se for o caso;<\/li>\n\n\n\n<li>2.<strong> CPF leg\u00edvel;<\/strong><\/li>\n\n\n\n<li>3. <strong>Comprovante de resid\u00eancia;<\/strong><\/li>\n\n\n\n<li>4. <strong>Foto 3&#215;4<\/strong> (em jpg);<\/li>\n\n\n\n<li>5. <strong>Diploma<\/strong> (frente e verso) ou <strong>Certid\u00e3o de original de Cola\u00e7\u00e3o de Grau<\/strong> (a mesma dever\u00e1 ser substitu\u00edda no prazo de 1 ano, com possibilidade de prorroga\u00e7\u00e3o por mais 1 ano, somente ap\u00f3s aprova\u00e7\u00e3o da Comiss\u00e3o de Inscri\u00e7\u00e3o);<\/li>\n<\/ol>\n\n\n\n<p>Formul\u00e1rio de solicita\u00e7\u00e3o de reinscri\u00e7\u00e3o <a href=\"https:\/\/drive.google.com\/file\/d\/1-VdhLACkdF2D0RIUBOuwD-c9Fbs-NrEB\/view?usp=sharing\">(acesse aqui o modelo do Requerimento)<\/a><\/p>\n\n\n\n<p>O setor enviar\u00e1 os boletos e documentos referentes ao DIP (Documento de Identidade Profissional).<\/p>\n\n\n\n<p>Prazo de deferimento\/indeferimento ser\u00e1 de 10 dias \u00fateis, caso tenha urg\u00eancia, diante da oportunidade de contrata\u00e7\u00e3o, envie a Declara\u00e7\u00e3o do Empregador, em papel timbrado, ou Edital de Convoca\u00e7\u00e3o em Concurso P\u00fablico, solicitando o registro urgente do\/a profissional para fins de contrata\u00e7\u00e3o.<\/p>\n\n\n\n<p>Entre em contato com o setor de Registro para receber&nbsp;as orienta\u00e7\u00f5es necess\u00e1rias para realizar a reinscri\u00e7\u00e3o no CRESS-BA:<\/p>\n\n\n\n<p>Central de Atendimento por whatsapp: (71) 3322-0421<\/p>\n\n\n\n<p>E-mail: registro@cress-ba.org.br<\/p>\n\n\n\n<p>Confira abaixo a tabela de valores referentes ao pagamento da anuidade, proporcional ao m\u00eas de solicita\u00e7\u00e3o da reinscri\u00e7\u00e3o, das taxas de reinscri\u00e7\u00e3o e de emiss\u00e3o do Documento de Identidade Profissional (DIP), com pagamento \u00e0 vista (taxa \u00fanica) ou parcelada no boleto: <\/p>\n\n\n\n<figure class=\"wp-block-image size-full\"><img loading=\"lazy\" decoding=\"async\" width=\"894\" height=\"345\" src=\"https:\/\/cress-ba.org.br\/wp-content\/uploads\/2026\/01\/Captura-de-tela-2026-01-06-170103.png\" alt=\"\" class=\"wp-image-2634\" srcset=\"https:\/\/cress-ba.org.br\/wp-content\/uploads\/2026\/01\/Captura-de-tela-2026-01-06-170103.png 894w, https:\/\/cress-ba.org.br\/wp-content\/uploads\/2026\/01\/Captura-de-tela-2026-01-06-170103-300x116.png 300w, https:\/\/cress-ba.org.br\/wp-content\/uploads\/2026\/01\/Captura-de-tela-2026-01-06-170103-768x296.png 768w\" sizes=\"auto, (max-width: 894px) 100vw, 894px\" \/><\/figure>\n\n\n\n<figure class=\"wp-block-image size-full\"><img loading=\"lazy\" decoding=\"async\" width=\"898\" height=\"348\" src=\"https:\/\/cress-ba.org.br\/wp-content\/uploads\/2026\/01\/Captura-de-tela-2026-01-06-170112.png\" alt=\"\" class=\"wp-image-2635\" srcset=\"https:\/\/cress-ba.org.br\/wp-content\/uploads\/2026\/01\/Captura-de-tela-2026-01-06-170112.png 898w, https:\/\/cress-ba.org.br\/wp-content\/uploads\/2026\/01\/Captura-de-tela-2026-01-06-170112-300x116.png 300w, https:\/\/cress-ba.org.br\/wp-content\/uploads\/2026\/01\/Captura-de-tela-2026-01-06-170112-768x298.png 768w\" sizes=\"auto, (max-width: 898px) 100vw, 898px\" \/><\/figure>\n","protected":false},"excerpt":{"rendered":"<p>LEIA COM BASTANTE ATEN\u00c7\u00c3O AS INFORMA\u00c7\u00d5ES ABAIXO: REQUISITOS:&nbsp;Para reinscri\u00e7\u00e3o, \u00e9 necess\u00e1rio que a(o) profissional tenha cancelado anteriormente a sua inscri\u00e7\u00e3o principal no&nbsp;CRESS-BA. ANUIDADES:&nbsp;A inscri\u00e7\u00e3o no CRESS obriga o\/a requerente ao pagamento de anuidades profissionais, portanto, verifique a necessidade de obter a&nbsp;reinscri\u00e7\u00e3o&nbsp;do seu registro neste momento, a fim de evitar d\u00e9bitos futuros, que poder\u00e3o ser cobrados [&hellip;]<\/p>\n","protected":false},"author":1,"featured_media":0,"parent":0,"menu_order":0,"comment_status":"closed","ping_status":"closed","template":"","meta":{"footnotes":""},"class_list":["post-190","page","type-page","status-publish","hentry"],"_hostinger_reach_plugin_has_subscription_block":false,"_hostinger_reach_plugin_is_elementor":false,"_links":{"self":[{"href":"https:\/\/cress-ba.org.br\/index.php?rest_route=\/wp\/v2\/pages\/190","targetHints":{"allow":["GET"]}}],"collection":[{"href":"https:\/\/cress-ba.org.br\/index.php?rest_route=\/wp\/v2\/pages"}],"about":[{"href":"https:\/\/cress-ba.org.br\/index.php?rest_route=\/wp\/v2\/types\/page"}],"author":[{"embeddable":true,"href":"https:\/\/cress-ba.org.br\/index.php?rest_route=\/wp\/v2\/users\/1"}],"replies":[{"embeddable":true,"href":"https:\/\/cress-ba.org.br\/index.php?rest_route=%2Fwp%2Fv2%2Fcomments&post=190"}],"version-history":[{"count":12,"href":"https:\/\/cress-ba.org.br\/index.php?rest_route=\/wp\/v2\/pages\/190\/revisions"}],"predecessor-version":[{"id":3508,"href":"https:\/\/cress-ba.org.br\/index.php?rest_route=\/wp\/v2\/pages\/190\/revisions\/3508"}],"wp:attachment":[{"href":"https:\/\/cress-ba.org.br\/index.php?rest_route=%2Fwp%2Fv2%2Fmedia&parent=190"}],"curies":[{"name":"wp","href":"https:\/\/api.w.org\/{rel}","templated":true}]}}