{"id":193,"date":"2025-10-28T00:41:29","date_gmt":"2025-10-28T03:41:29","guid":{"rendered":"http:\/\/localhost:8080\/?page_id=193"},"modified":"2026-02-10T15:11:15","modified_gmt":"2026-02-10T18:11:15","slug":"transferencia","status":"publish","type":"page","link":"https:\/\/cress-ba.org.br\/?page_id=193","title":{"rendered":"Transfer\u00eancia de registro"},"content":{"rendered":"\n<p><strong>LEIA COM BASTANTE ATEN\u00c7\u00c3O AS INFORMA\u00c7\u00d5ES ABAIXO!<\/strong><\/p>\n\n\n\n<p><strong>I. TRANSFER\u00caNCIA DE OUTRO REGIONAL PARA O CRESS-BA<\/strong><\/p>\n\n\n\n<p>Para solicitar transfer\u00eancia de registro para o CRESS- 5\u00aa Regi\u00e3o &#8211; Bahia, a\/o Assistente Social&nbsp;dever\u00e1, primeiro, solicitar a Certid\u00e3o de Inteiro Teor ao CRESS de origem.&nbsp;<\/p>\n\n\n\n<p>Obs:&nbsp;As\/os profissionais que possuem&nbsp;cadastro no CRESS-Bahia e est\u00e3o retornando, devem entrar em contato por e-mail para atualiza\u00e7\u00e3o de dados: financeiro@cress-ba.org.br<\/p>\n\n\n\n<p>Existindo d\u00e9bito da\/o interessada\/o com o CRESS de origem, a\/o profissional dever\u00e1 regularizar a situa\u00e7\u00e3o mediante pagamento \u00e0 vista ou acordo administrativo nos termos da Resolu\u00e7\u00e3o CFESS sobre anuidades e taxas vigentes.<\/p>\n\n\n\n<p>Ap\u00f3s verificada as condi\u00e7\u00f5es dispostas no artigo anterior, o CRESS de origem remeter\u00e1 ao CRESS de destino, no prazo de 15 dias corridos, todos os seguintes documentos: <\/p>\n\n\n\n<p>I &#8211; Formul\u00e1rio de solicita\u00e7\u00e3o de transfer\u00eancia da\/o interessada\/o;<\/p>\n\n\n\n<p>II &#8211; Certid\u00e3o de inteiro teor dos assentamentos constantes sobre a\/o interessada\/o, inclusive quanto a situa\u00e7\u00e3o de d\u00e9bitos e processos disciplinares e\/ou \u00e9ticos;<\/p>\n\n\n\n<p>III &#8211; Comprovante do repasse da anuidade proporcional, caso a\/o profissional j\u00e1 tenha efetuado o pagamento junto ao CRESS de origem;<\/p>\n\n\n\n<p>A\/o profissional, dever\u00e1 o site do CRESS-BA, na aba <strong>&#8220;Servi\u00e7os Online&#8221;<\/strong> e realizar o pr\u00e9-cadastro, com as seguintes informa\u00e7\u00f5es: Inscri\u00e7\u00e3o Principal e no campo <strong>&#8220;Detalhe&#8221;<\/strong> Desligamento da Origem ou Transfer\u00eancia.<\/p>\n\n\n\n<p>Se tiver Declara\u00e7\u00e3o do Empregador, Edital de Convoca\u00e7\u00e3o em Concurso, inserir o documento durante a realiza\u00e7\u00e3o do pr\u00e9-cadastro.<\/p>\n\n\n\n<p><strong>II &#8211; TRANSFER\u00caNCIA DE INSCRI\u00c7\u00c3O&nbsp;NO CRESS-BA PARA OUTRO REGIONAL<\/strong><\/p>\n\n\n\n<p>A\/o profissional registrada\/o no CRESS-BA que deseja atuar em outro estado, dever\u00e1 baixar o requerimento <a href=\"https:\/\/cress-ba.org.br\/wp-content\/uploads\/2025\/10\/REQUERIMENTO-DE-TRANSFERENCIA-ATUAL-2025.pdf\" data-type=\"link\" data-id=\"https:\/\/cress-ba.org.br\/wp-content\/uploads\/2025\/10\/REQUERIMENTO-DE-TRANSFERENCIA-ATUAL-2025.pdf\">(acesse aqui)<\/a>, preencher, assinar, digitalizar em formato PDF e devolver ao CRESS-BA, atrav\u00e9s do e-mail: financeiro@cress-ba.org.br<\/p>\n\n\n\n<p>Existindo d\u00e9bito da\/o interessada\/o com o CRESS-BA, a\/o dever\u00e1 regularizar a situa\u00e7\u00e3o mediante pagamento \u00e0 vista ou acordo administrativo nos termos da Resolu\u00e7\u00e3o CFESS sobre anuidades e taxas vigentes.<\/p>\n\n\n\n<p><strong>Aten\u00e7\u00e3o: Se for residir em&nbsp;outro estado e estiver&nbsp;sem previs\u00e3o de emprego, sugerimos solicitar ao CRESS-BA o&nbsp;&#8220;CANCELAMENTO&#8221; e quando for exercer a profiss\u00e3o, solicitar inscri\u00e7\u00e3o no estado onde se encontra.<\/strong><\/p>\n\n\n\n<p><\/p>\n","protected":false},"excerpt":{"rendered":"<p>LEIA COM BASTANTE ATEN\u00c7\u00c3O AS INFORMA\u00c7\u00d5ES ABAIXO! I. TRANSFER\u00caNCIA DE OUTRO REGIONAL PARA O CRESS-BA Para solicitar transfer\u00eancia de registro para o CRESS- 5\u00aa Regi\u00e3o &#8211; Bahia, a\/o Assistente Social&nbsp;dever\u00e1, primeiro, solicitar a Certid\u00e3o de Inteiro Teor ao CRESS de origem.&nbsp; Obs:&nbsp;As\/os profissionais que possuem&nbsp;cadastro no CRESS-Bahia e est\u00e3o retornando, devem entrar em contato por [&hellip;]<\/p>\n","protected":false},"author":1,"featured_media":0,"parent":0,"menu_order":0,"comment_status":"closed","ping_status":"closed","template":"","meta":{"footnotes":""},"class_list":["post-193","page","type-page","status-publish","hentry"],"_hostinger_reach_plugin_has_subscription_block":false,"_hostinger_reach_plugin_is_elementor":false,"_links":{"self":[{"href":"https:\/\/cress-ba.org.br\/index.php?rest_route=\/wp\/v2\/pages\/193","targetHints":{"allow":["GET"]}}],"collection":[{"href":"https:\/\/cress-ba.org.br\/index.php?rest_route=\/wp\/v2\/pages"}],"about":[{"href":"https:\/\/cress-ba.org.br\/index.php?rest_route=\/wp\/v2\/types\/page"}],"author":[{"embeddable":true,"href":"https:\/\/cress-ba.org.br\/index.php?rest_route=\/wp\/v2\/users\/1"}],"replies":[{"embeddable":true,"href":"https:\/\/cress-ba.org.br\/index.php?rest_route=%2Fwp%2Fv2%2Fcomments&post=193"}],"version-history":[{"count":9,"href":"https:\/\/cress-ba.org.br\/index.php?rest_route=\/wp\/v2\/pages\/193\/revisions"}],"predecessor-version":[{"id":3454,"href":"https:\/\/cress-ba.org.br\/index.php?rest_route=\/wp\/v2\/pages\/193\/revisions\/3454"}],"wp:attachment":[{"href":"https:\/\/cress-ba.org.br\/index.php?rest_route=%2Fwp%2Fv2%2Fmedia&parent=193"}],"curies":[{"name":"wp","href":"https:\/\/api.w.org\/{rel}","templated":true}]}}