{"id":198,"date":"2025-10-28T00:45:28","date_gmt":"2025-10-28T03:45:28","guid":{"rendered":"http:\/\/localhost:8080\/?page_id=198"},"modified":"2026-05-07T11:56:54","modified_gmt":"2026-05-07T14:56:54","slug":"orientacoes-para-inscricao-secundarialeia-com-bastante-atencao-as-informacoes-abaixo","status":"publish","type":"page","link":"https:\/\/cress-ba.org.br\/?page_id=198","title":{"rendered":"Inscri\u00e7\u00e3o Secund\u00e1ria"},"content":{"rendered":"\n<p><strong>LEIA COM BASTANTE ATEN\u00c7\u00c3O AS INFORMA\u00c7\u00d5ES ABAIXO!<\/strong><\/p>\n\n\n\n<p>Conforme prev\u00ea a Resolu\u00e7\u00e3o do CFESS&nbsp;1014\/2022, que regulamenta a inscri\u00e7\u00e3o (principal e secund\u00e1ria), transfer\u00eancia, cancelamento e reinscri\u00e7\u00e3o de pessoa f\u00edsica no \u00e2mbito dos CRESS:<\/p>\n\n\n\n<p>&#8220;A inscri\u00e7\u00e3o secund\u00e1ria \u00e9 aquela a que est\u00e1 obrigada\/o a\/o profissional para exercer a profiss\u00e3o por per\u00edodo superior a 90 dias corridos fora da \u00e1rea de jurisdi\u00e7\u00e3o do CRESS em que a\/o profissional tenha inscri\u00e7\u00e3o principal.&nbsp;<\/p>\n\n\n\n<p>As atividades eventuais que se desenvolvam em tempo inferior a 90 dias corridos por ano, em cada Regi\u00e3o, ser\u00e3o consideradas de natureza eventual e, por conseguinte, n\u00e3o sujeitar\u00e3o a\/o assistente social \u00e0 inscri\u00e7\u00e3o secund\u00e1ria.&#8221;<\/p>\n\n\n\n<p>Ou seja, a&nbsp;inscri\u00e7\u00e3o secund\u00e1ria \u00e9 exclusiva para profissionais&nbsp;que j\u00e1 t\u00eam registro em uma regi\u00e3o e v\u00e3o atuar, simultaneamente, em outra regi\u00e3o por per\u00edodo superior a 90 dias corridos.<\/p>\n\n\n\n<p><strong>Confira&nbsp;as orienta\u00e7\u00f5es para as\/os assistentes sociais&nbsp;inscritas\/os em outra regi\u00e3o que v\u00e3o requerer Inscri\u00e7\u00e3o Secund\u00e1ria no CRESS-BA:<\/strong><\/p>\n\n\n\n<p>1. Primeiramente, a\/o&nbsp;assistente social deve entrar&nbsp;em contato com o CRESS de origem <strong>(onde possui a inscri\u00e7\u00e3o principal)<\/strong> e&nbsp;solicitar a certid\u00e3o de inteiro teor;<\/p>\n\n\n\n<p>2. J\u00e1 com a certid\u00e3o de inteiro teor em m\u00e3os, v\u00e1 na aba <strong>&#8220;Servi\u00e7os Online&#8221;<\/strong> no site do CRESS-BA,&nbsp;a\/o profissional dever\u00e1 clicar na op\u00e7\u00e3o <strong>&#8220;Pr\u00e9-cadastro&#8221;<\/strong>, em seguida clicar no bot\u00e3o <strong>&#8220;Profissional&#8221;<\/strong>. Ao iniciar o pr\u00e9-cadastro, dever\u00e1 selecionar&nbsp;a op\u00e7\u00e3o <strong>&#8220;inscri\u00e7\u00e3o secund\u00e1ria&#8221; <\/strong>no t\u00f3pico <strong>&#8220;Tipo de inscri\u00e7\u00e3o&#8221;<\/strong>. Para acessar diretamente a p\u00e1gina de pr\u00e9-cadastro,&nbsp;<a href=\"https:\/\/cress-ba.implanta.net.br\/servicosonline\/Precadastro\/PreCadastro\/Editar\/00000000-0000-0000-0000-000000000000\/\">clique aqui<\/a>.<\/p>\n\n\n\n<p>3.&nbsp;Voc\u00ea entrar\u00e1 na p\u00e1gina para cria\u00e7\u00e3o do pr\u00e9-cadastro. Leia todas as informa\u00e7\u00f5es e, em seguida, clique em <strong>&#8220;Inscri\u00e7\u00e3o e Identifica\u00e7\u00e3o&#8221;<\/strong>, no final da p\u00e1gina;<\/p>\n\n\n\n<p>4)&nbsp;A\/o profissional dever\u00e1 informar seus dados (nome, RG, CPF, naturalidade, nome de pai e m\u00e3e, endere\u00e7o, etc.). Os dados devem ser exatamente como constam em&nbsp;seus documentos oficiais e conforme est\u00e3o tamb\u00e9m nos documentos&nbsp;que ser\u00e3o enviados no pr\u00e9-cadastro. Tamb\u00e9m ser\u00e3o solicitados as informa\u00e7\u00f5es de contato (telefone, e-mail), de extrema import\u00e2ncia para o Conselho se comunicar com voc\u00ea;<\/p>\n\n\n\n<p><strong><mark style=\"background-color:rgba(0, 0, 0, 0)\" class=\"has-inline-color has-vivid-red-color\">AVISO IMPORTANTE: <\/mark><\/strong><\/p>\n\n\n\n<p>A\/O assistente social estar\u00e1 isenta\/o de pagar anuidades ao CRESS onde possua inscri\u00e7\u00e3o secund\u00e1ria, no entanto, est\u00e1 obrigada\/o ao pagamento de taxa de inscri\u00e7\u00e3o e o DIP (Documento de Identidade Profissional);<\/p>\n\n\n\n<p>Independentemente das inscri\u00e7\u00f5es secund\u00e1rias em outros Regionais, a\/o profissional permanecer\u00e1 com sua inscri\u00e7\u00e3o principal, sujeito a todas as obriga\u00e7\u00f5es pecuni\u00e1rias decorrentes dessa inscri\u00e7\u00e3o.<\/p>\n\n\n\n<p><strong>ATEN\u00c7\u00c3O:<\/strong>&nbsp;O&nbsp;<strong>item \u201cNOME SOCIAL\u201d<\/strong>&nbsp;\u00e9 utilizado, principalmente, por pessoas transexuais e travestis, devendo ser respeitado em todos os registros, comunica\u00e7\u00f5es e atendimentos realizados por assistentes sociais, conforme os princ\u00edpios \u00e9ticos da profiss\u00e3o e a garantia dos direitos humanos.<\/p>\n\n\n\n<p><a href=\"https:\/\/www.cfess.org.br\/arquivos\/CFESS-NomeSocial-Folder30x25cm-Aprovado.pdf\" data-type=\"link\" data-id=\"https:\/\/www.cfess.org.br\/arquivos\/CFESS-NomeSocial-Folder30x25cm-Aprovado.pdf\">Confira orienta\u00e7\u00f5es para o atendimento de pessoas Trans no Conjunto CFESS-CRESS<\/a><\/p>\n\n\n\n<p>Ressalta-se que o \u201cNOME SOCIAL\u201d <strong>N\u00c3O SE TRATA DE APELIDO,<\/strong> mas de um direito assegurado, que expressa a identidade da pessoa e deve ser reconhecido e utilizado de forma adequada e respeitosa.<br>Dessa forma, solicitamos que o campo destinado ao NOME SOCIAL dever\u00e1 ser preenchido apenas por indiv\u00edduos que se enquadrem nesse perfil. Caso contr\u00e1rio, o campo n\u00e3o dever\u00e1 ser preenchido.&nbsp;<\/p>\n\n\n\n<p>4. Ap\u00f3s o preenchimento de dados, no passo 6 do pr\u00e9-cadastro&nbsp;voc\u00ea dever\u00e1&nbsp;anexar os documentos&nbsp;digitalizados (confira&nbsp;a lista abaixo).&nbsp;<\/p>\n\n\n\n<p>5.&nbsp;No passo 5, voc\u00ea dever\u00e1 preencher informa\u00e7\u00f5es relacionadas \u00e0 sua forma\u00e7\u00e3o.&nbsp;Nesse momento,&nbsp;n\u00e3o \u00e9 obrigat\u00f3rio anexar o diploma.&nbsp;Se voc\u00ea tiver o Diploma Digital, pode anexar,<strong>&nbsp;<\/strong>em formato XML;<\/p>\n\n\n\n<p>6. No passo 6 do pr\u00e9-cadastro,&nbsp;voc\u00ea dever\u00e1&nbsp;anexar os documentos&nbsp;digitalizados (confira&nbsp;a lista abaixo).<\/p>\n\n\n\n<p><strong>Caso tenha urg\u00eancia<\/strong>, diante de oportunidade de contrata\u00e7\u00e3o, acrescente em <strong>&#8220;documento diverso&#8221;<\/strong> a&nbsp;<strong>Declara\u00e7\u00e3o do Empregador<\/strong>, em papel timbrado, ou&nbsp;<strong>Edital de Convoca\u00e7\u00e3o em Concurso P\u00fablico<\/strong>, solicitando o registro urgente do\/a profissional para fins de contrata\u00e7\u00e3o.<\/p>\n\n\n\n<p>Entre os documentos, ser\u00e1 necess\u00e1rio anexar uma&nbsp;foto 3&#215;4. Voc\u00ea pode tirar uma foto de rosto, em fundo branco, em local com boa luminosidade. Caso realize o pr\u00e9-cadastro por computador, voc\u00ea pode enviar do celular por e-mail para abrir no computador, fazer o download da foto e depois anexar a foto no pr\u00e9-cadastro.<\/p>\n\n\n\n<p>7. Na sequ\u00eancia, aparecer\u00e3o todos os dados preenchidos para confer\u00eancia, assim como os documentos anexados;<\/p>\n\n\n\n<p>8. Ap\u00f3s concluir o preenchimento, o pr\u00f3ximo passo \u00e9 fazer o download do&nbsp;requerimento do DIP (Documento de Identidade Profissional);<\/p>\n\n\n\n<p>Imprima, assine o documento no centro do ret\u00e2ngulo (sem encostar nas bordas), com&nbsp;caneta de tinta preta e&nbsp;cole uma foto 3&#215;4 de fundo branco, padr\u00e3o RG. Depois, voc\u00ea dever\u00e1 digitalizar o documento assinado e anexar na mesma p\u00e1gina onde fez o download do requerimento;<\/p>\n\n\n\n<p>9.&nbsp;Por fim, voc\u00ea clicar\u00e1 na op\u00e7\u00e3o <strong>&#8220;concluir pr\u00e9-cadastro&#8221;<\/strong>. Ao final da solicita\u00e7\u00e3o de inscri\u00e7\u00e3o, ser\u00e1 encaminhado ao seu e-mail um comunicado de confirma\u00e7\u00e3o do envio do requerimento;<\/p>\n\n\n\n<p>10.&nbsp;Caso os documentos n\u00e3o estejam no padr\u00e3o exigido, ser\u00e1 gerada&nbsp;uma notifica\u00e7\u00e3o de pend\u00eancia para corre\u00e7\u00e3o a&nbsp;ser enviada para o e-mail do requerente;<\/p>\n\n\n\n<p>11.&nbsp;Com os dados e documentos lan\u00e7ados corretamente, ser\u00e3o&nbsp;emitidos os boletos das taxas de inscri\u00e7\u00e3o e de emiss\u00e3o do&nbsp;DIP &#8211; Documento de Identidade Profissional.<\/p>\n\n\n\n<p><strong>Documentos necess\u00e1rios (devem ser digitalizados em scanner ou impressora em formato PDF):<\/strong><\/p>\n\n\n\n<p>1)<strong>&nbsp;Documento de identifica\u00e7\u00e3o com foto &#8211; RG ou&nbsp; Registro Nacional de Estrageiro (<\/strong>RNE) se for o caso<\/p>\n\n\n\n<p>2)&nbsp;<strong>CPF&nbsp;leg\u00edvel;<\/strong><\/p>\n\n\n\n<p><strong>3) Comprovante de resid\u00eancia;<\/strong><\/p>\n\n\n\n<p>4)&nbsp;<strong>Foto recente, fundo branco e papel fosco (3&#215;4);<\/strong><\/p>\n\n\n\n<p>5)&nbsp;<strong>Diploma<\/strong>&nbsp;ou<strong>&nbsp;Certid\u00e3o original de Cola\u00e7\u00e3o de Grau a ser substitu\u00edda pelo Diploma<\/strong>&nbsp;. A mesma dever\u00e1 ser substituida no prazo de 1 (um) ano, sendo prorrog\u00e1vel por mais 1 ano somente ap\u00f3s aprova\u00e7\u00e3o da Comiss\u00e3o de Inscri\u00e7\u00e3o;<\/p>\n\n\n\n<p>6)&nbsp;<strong>Comprovante de quita\u00e7\u00e3o com o Servi\u00e7o Militar obrigat\u00f3rio para o sexo masculino entre 18 e 45 anos<\/strong><\/p>\n\n\n\n<p>7)<strong>&nbsp;Certid\u00e3o de inteiro teor do CRESS de origem.&nbsp;<\/strong><\/p>\n","protected":false},"excerpt":{"rendered":"<p>LEIA COM BASTANTE ATEN\u00c7\u00c3O AS INFORMA\u00c7\u00d5ES ABAIXO! Conforme prev\u00ea a Resolu\u00e7\u00e3o do CFESS&nbsp;1014\/2022, que regulamenta a inscri\u00e7\u00e3o (principal e secund\u00e1ria), transfer\u00eancia, cancelamento e reinscri\u00e7\u00e3o de pessoa f\u00edsica no \u00e2mbito dos CRESS: &#8220;A inscri\u00e7\u00e3o secund\u00e1ria \u00e9 aquela a que est\u00e1 obrigada\/o a\/o profissional para exercer a profiss\u00e3o por per\u00edodo superior a 90 dias corridos fora da [&hellip;]<\/p>\n","protected":false},"author":1,"featured_media":0,"parent":0,"menu_order":0,"comment_status":"closed","ping_status":"closed","template":"","meta":{"footnotes":""},"class_list":["post-198","page","type-page","status-publish","hentry"],"_hostinger_reach_plugin_has_subscription_block":false,"_hostinger_reach_plugin_is_elementor":false,"_links":{"self":[{"href":"https:\/\/cress-ba.org.br\/index.php?rest_route=\/wp\/v2\/pages\/198","targetHints":{"allow":["GET"]}}],"collection":[{"href":"https:\/\/cress-ba.org.br\/index.php?rest_route=\/wp\/v2\/pages"}],"about":[{"href":"https:\/\/cress-ba.org.br\/index.php?rest_route=\/wp\/v2\/types\/page"}],"author":[{"embeddable":true,"href":"https:\/\/cress-ba.org.br\/index.php?rest_route=\/wp\/v2\/users\/1"}],"replies":[{"embeddable":true,"href":"https:\/\/cress-ba.org.br\/index.php?rest_route=%2Fwp%2Fv2%2Fcomments&post=198"}],"version-history":[{"count":7,"href":"https:\/\/cress-ba.org.br\/index.php?rest_route=\/wp\/v2\/pages\/198\/revisions"}],"predecessor-version":[{"id":5651,"href":"https:\/\/cress-ba.org.br\/index.php?rest_route=\/wp\/v2\/pages\/198\/revisions\/5651"}],"wp:attachment":[{"href":"https:\/\/cress-ba.org.br\/index.php?rest_route=%2Fwp%2Fv2%2Fmedia&parent=198"}],"curies":[{"name":"wp","href":"https:\/\/api.w.org\/{rel}","templated":true}]}}