{"id":202,"date":"2025-10-28T00:49:15","date_gmt":"2025-10-28T03:49:15","guid":{"rendered":"http:\/\/localhost:8080\/?page_id=202"},"modified":"2026-02-10T14:55:50","modified_gmt":"2026-02-10T17:55:50","slug":"orientacoes-para-o-cancelamento-de-registro","status":"publish","type":"page","link":"https:\/\/cress-ba.org.br\/?page_id=202","title":{"rendered":"Cancelamento de registro"},"content":{"rendered":"\n<p><strong><em>RESOLU\u00c7\u00c3O CFESS N\u00ba 1014\/2022<\/em><\/strong><\/p>\n\n\n\n<p><strong>LEIA COM BASTANTE ATEN\u00c7\u00c3O AS INFORMA\u00c7\u00d5ES ABAIXO!<\/strong><\/p>\n\n\n\n<p><strong>ANUIDADES:<\/strong><\/p>\n\n\n\n<p>Informamos que, conforme prev\u00ea a&nbsp;Lei&nbsp;8.662\/93 &#8211; que regulamenta o exerc\u00edcio profissional &#8211;&nbsp;&nbsp;art 78 e a&nbsp;Resolu\u00e7\u00e3o CFESS N\u00ba 1014\/2022 ,&nbsp;a&nbsp;anuidade&nbsp;\u00e9 um tributo obrigat\u00f3rio e enquanto o registro estiver ativo, gerar\u00e1 anuidades. Para cessar o pagamento anual, a\/o assistente social que n\u00e3o se encontra exercendo a profiss\u00e3o poder\u00e1&nbsp;solicitar&nbsp;cancelamento e a anuidade ser\u00e1 paga proporcionalmente ao m\u00eas do requerimento.<\/p>\n\n\n\n<p><strong>D\u00c9BITOS:<\/strong>&nbsp;A\/O profissional que possui anuidades em aberto, poder\u00e1 solicitar o cancelamento, por\u00e9m, se n\u00e3o forem quitados antes do cancelamento ou no ato de solicita\u00e7\u00e3o, ser\u00e3o cobrados pelas vias administrativas ou judiciais.<\/p>\n\n\n\n<p><strong>REQUISITOS:<\/strong>&nbsp;S\u00e3o requisitos para o cancelamento do registro profissional o n\u00e3o exerc\u00edcio de qualquer atividade, fun\u00e7\u00e3o ou cargo que envolva o exerc\u00edcio profissional da\/o assistente social e n\u00e3o estar respondendo a qualquer Processo \u00c9tico e\/ou Disciplinar.<\/p>\n\n\n\n<p><strong>FALECIMENTO:<\/strong>&nbsp;No caso de falecimento do\/a profissional inscrita\/o, o cancelamento do registro profissional ser\u00e1 autom\u00e1tico mediante apresenta\u00e7\u00e3o de original e c\u00f3pia da Certid\u00e3o de \u00d3bito, ficando extintos todos os seus eventuais d\u00e9bitos decorrentes de anuidades, taxas e multas.<\/p>\n\n\n\n<p><strong>PRAZO DA AN\u00c1LISE:&nbsp;<\/strong>O prazo de an\u00e1lise para decidir sobre o pedido de Cancelamento de Registro \u00e9 de at\u00e9 45 (quarenta e cinco) dias.<\/p>\n\n\n\n<p><strong>COMO FAZER:<\/strong>&nbsp;A\/O profissional dever\u00e1 acessar: <a href=\"https:\/\/cress-ba.implanta.net.br\/servicosonline\/\">https:\/\/cress-ba.implanta.net.br\/servicosonline\/,<\/a> preencher os campos com usu\u00e1rio e senha, e seguir as orienta\u00e7\u00f5es abaixo:<\/p>\n\n\n\n<p><strong>PASSO A PASSO PARA REALIZA\u00c7\u00c3O PEDIDO DE CANCELAMENTO ONLINE<\/strong><\/p>\n\n\n\n<ol class=\"wp-block-list\">\n<li>1. Acessar os <strong>&#8220;Servi\u00e7os Online&#8221;<\/strong> com seu usu\u00e1rio e senha;<\/li>\n\n\n\n<li>2. Selecionar a aba <strong>&#8220;Requerimento&#8221;<\/strong>;<\/li>\n\n\n\n<li>3. Clicar na aba em <strong>&#8220;Cancelamento de Registro Profissional&#8221;<\/strong>;<\/li>\n\n\n\n<li>4. Ler atentamente as <strong>&#8220;Orienta\u00e7\u00f5es para Cancelamento de Registro&#8221;<\/strong>;<\/li>\n\n\n\n<li>5. Baixar o arquivo <strong>&#8220;Requerimento de Cancelamento de Registro Profissional&#8221;<\/strong>, preench\u00ea-lo e <\/li>\n\n\n\n<li>assin\u00e1-lo;<\/li>\n\n\n\n<li>6. Baixar o arquivo <strong>&#8220;Declara\u00e7\u00e3o de N\u00e3o Exerc\u00edcio Profissional&#8221;<\/strong>, preench\u00ea-la e asssin\u00e1-la;<\/li>\n\n\n\n<li>7. Conferir os dados cadastrais no sistema;<\/li>\n\n\n\n<li>8. Anexar o <strong>&#8220;Requerimento de Cancelamento de Registro Profissional&#8221;<\/strong> e a <strong>&#8220;Declara\u00e7\u00e3o de N\u00e3o Exerc\u00edcio Profissional&#8221;<\/strong> prenchidos e assinados;<\/li>\n\n\n\n<li>9. Concluir a solicita\u00e7\u00e3o.<\/li>\n<\/ol>\n\n\n\n<p><strong>DOCUMENTOS&nbsp;OBRIGAT\u00d3RIOS<\/strong><\/p>\n\n\n\n<p>S\u00e3o documentos necess\u00e1rios ao&nbsp;<strong>Cancelamento de Registro Profissional<\/strong>:<\/p>\n\n\n\n<p>a) Requerimento de Cancelamento de Registro Profissional preenchido e assinado <a href=\"https:\/\/drive.google.com\/file\/d\/1LrpcO7cYR3MtKh0v6zpk9pSNEJXWk4d5\/view?usp=sharing\" data-type=\"link\" data-id=\"https:\/\/cress-ba.org.br\/wp-content\/uploads\/2025\/10\/REQUERIMENTO-PARA-CANCELAR1.pdf\">(acesse aqui o modelo do Requerimento);<\/a><\/p>\n\n\n\n<p>b) Declara\u00e7\u00e3o de N\u00e3o Exerc\u00edcio Profissional preenchida e assinada <a href=\"https:\/\/cress-ba.org.br\/wp-content\/uploads\/2025\/10\/DECLARACAO-DE-NAO-EXERCICIO-PROFISSIONAL-71.pdf\">(acesse aqui o modelo de declara\u00e7\u00e3o);<\/a><\/p>\n\n\n\n<p><\/p>\n","protected":false},"excerpt":{"rendered":"<p>RESOLU\u00c7\u00c3O CFESS N\u00ba 1014\/2022 LEIA COM BASTANTE ATEN\u00c7\u00c3O AS INFORMA\u00c7\u00d5ES ABAIXO! ANUIDADES: Informamos que, conforme prev\u00ea a&nbsp;Lei&nbsp;8.662\/93 &#8211; que regulamenta o exerc\u00edcio profissional &#8211;&nbsp;&nbsp;art 78 e a&nbsp;Resolu\u00e7\u00e3o CFESS N\u00ba 1014\/2022 ,&nbsp;a&nbsp;anuidade&nbsp;\u00e9 um tributo obrigat\u00f3rio e enquanto o registro estiver ativo, gerar\u00e1 anuidades. Para cessar o pagamento anual, a\/o assistente social que n\u00e3o se encontra exercendo [&hellip;]<\/p>\n","protected":false},"author":1,"featured_media":0,"parent":0,"menu_order":0,"comment_status":"closed","ping_status":"closed","template":"","meta":{"footnotes":""},"class_list":["post-202","page","type-page","status-publish","hentry"],"_hostinger_reach_plugin_has_subscription_block":false,"_hostinger_reach_plugin_is_elementor":false,"_links":{"self":[{"href":"https:\/\/cress-ba.org.br\/index.php?rest_route=\/wp\/v2\/pages\/202","targetHints":{"allow":["GET"]}}],"collection":[{"href":"https:\/\/cress-ba.org.br\/index.php?rest_route=\/wp\/v2\/pages"}],"about":[{"href":"https:\/\/cress-ba.org.br\/index.php?rest_route=\/wp\/v2\/types\/page"}],"author":[{"embeddable":true,"href":"https:\/\/cress-ba.org.br\/index.php?rest_route=\/wp\/v2\/users\/1"}],"replies":[{"embeddable":true,"href":"https:\/\/cress-ba.org.br\/index.php?rest_route=%2Fwp%2Fv2%2Fcomments&post=202"}],"version-history":[{"count":14,"href":"https:\/\/cress-ba.org.br\/index.php?rest_route=\/wp\/v2\/pages\/202\/revisions"}],"predecessor-version":[{"id":3452,"href":"https:\/\/cress-ba.org.br\/index.php?rest_route=\/wp\/v2\/pages\/202\/revisions\/3452"}],"wp:attachment":[{"href":"https:\/\/cress-ba.org.br\/index.php?rest_route=%2Fwp%2Fv2%2Fmedia&parent=202"}],"curies":[{"name":"wp","href":"https:\/\/api.w.org\/{rel}","templated":true}]}}