{"id":209,"date":"2025-10-28T01:11:57","date_gmt":"2025-10-28T04:11:57","guid":{"rendered":"http:\/\/localhost:8080\/?page_id=209"},"modified":"2026-02-10T16:44:01","modified_gmt":"2026-02-10T19:44:01","slug":"orientacoes-para-o-registro-de-pessoa-juridica","status":"publish","type":"page","link":"https:\/\/cress-ba.org.br\/?page_id=209","title":{"rendered":"Inscri\u00e7\u00e3o de Pessoa Jur\u00eddica"},"content":{"rendered":"\n<p>\u00c9 obrigat\u00f3rio o registro, nos Conselhos Regionais de Servi\u00e7o Social de suas respectivas jurisdi\u00e7\u00f5es, das Pessoas Jur\u00eddicas de Direito P\u00fablico e Privado, j\u00e1 constitu\u00eddas ou que vierem a se constituir, com a atividade b\u00e1sica em Servi\u00e7o Social, para que possam praticar quaisquer atos de natureza profissional.<\/p>\n\n\n\n<p>Incluem-se nas pessoas jur\u00eddicas de direito privado a que se refere o caput as sociedades (inclusive as unipessoais), as Empresas Individuais de Responsabilidade Limitada &#8211; EIRELI, as associa\u00e7\u00f5es, as funda\u00e7\u00f5es, as cooperativas, e as Organiza\u00e7\u00f5es da Sociedade Civil de Interesse P\u00fablico &#8211; OSCIP;<\/p>\n\n\n\n<p>As referidas entidades de que trata o presente artigo est\u00e3o sujeitas ao pagamento de anuidades de pessoas jur\u00eddicas e taxas que forem estabelecidas em Resolu\u00e7\u00e3o pelo Conselho Federal de Servi\u00e7o Social.<\/p>\n\n\n\n<p>Deve ser solicitada&nbsp;no CRESS da&nbsp;respectiva regi\u00e3o, que, por sua vez, garantir\u00e1 estrutura para os tr\u00e2mites e procedimentos necess\u00e1rios para an\u00e1lise e sua homologa\u00e7\u00e3o.<\/p>\n\n\n\n<p>O registro no CRESS \u00e9 <strong>OBRIGAT\u00d3RIO <\/strong>para as Pessoas Jur\u00eddicas que t\u00eam como atividade b\u00e1sica o Servi\u00e7o Social, tais como: assessoria, consultoria, planejamento, capacita\u00e7\u00e3o e outros da mesma natureza em Servi\u00e7o Social.<\/p>\n\n\n\n<p>A Pessoa Jur\u00eddica estar\u00e1 obrigada, no prazo de 30 dias corridos, a requerer ao CRESS a anota\u00e7\u00e3o de altera\u00e7\u00e3o de seu Contrato Social, Estatuto ou Lei, conforme o caso, bem como a mudan\u00e7a de endere\u00e7o e\/ou de representante legal, e atualiza\u00e7\u00e3o do quadro de Assistentes Sociais.<\/p>\n\n\n\n<p>No ato do pedido do registro, a pessoa jur\u00eddica dever\u00e1 recolher o valor referente \u00e0 taxa de inscri\u00e7\u00e3o e anuidade proporcional ao exerc\u00edcio em curso.<\/p>\n\n\n\n<p>Concedido o registro, a Pessoa Jur\u00eddica ficar\u00e1 obrigada a recolher uma anuidade a cada exerc\u00edcio, conforme disposi\u00e7\u00f5es legais e normativas previstas \u00e0 esp\u00e9cie.<\/p>\n\n\n\n<p><strong>DOCUMENTOS NECESS\u00c1RIOS <\/strong><\/p>\n\n\n\n<p>Para requerer a Inscri\u00e7\u00e3o de Pessoa Jur\u00eddica, o\/a representante legal da&nbsp;entidade dever\u00e1 apresentar os seguintes documentos, conforme art. 2\u00ba&nbsp;da Resolu\u00e7\u00e3o CFESS 1.015, de 13 de dezembro de 2022:<\/p>\n\n\n\n<p>I &#8211; Estatuto ou ata devidamente registrada no cart\u00f3rio&nbsp;competente, ou contrato social devidamente registrado no&nbsp;cart\u00f3rio competente, ou Lei que criou ou instituiu o \u00f3rg\u00e3o de&nbsp;natureza p\u00fablica;<\/p>\n\n\n\n<p>II &#8211; Declara\u00e7\u00e3o do in\u00edcio das atividades de Servi\u00e7o Social da&nbsp;Pessoa Jur\u00eddica;<\/p>\n\n\n\n<p>III &#8211; Rela\u00e7\u00e3o contendo nome e n\u00famero de CRESS dos\/as&nbsp;Assistentes Sociais que trabalham na entidade sob v\u00ednculo&nbsp;empregat\u00edcio ou n\u00e3o;<\/p>\n\n\n\n<p>IV &#8211; Declara\u00e7\u00e3o assinada pelo representante legal da entidade&nbsp;assegurando a\/ao assistente social atribui\u00e7\u00f5es compat\u00edveis&nbsp;com as exig\u00eancias legais, normas \u00e9ticas, dignidade profissional&nbsp;e garantia de autonomia nos assuntos t\u00e9cnicos;<\/p>\n\n\n\n<p>V &#8211; Comprovante de inscri\u00e7\u00e3o no CNPJ;<\/p>\n\n\n\n<p>VI &#8211;&nbsp;Termo de Responsabilidade T\u00e9cnica emitida pelo CRESS;<\/p>\n\n\n\n<p>VII &#8211; Requerimento de inscri\u00e7\u00e3o de Pessoa Jur\u00eddica&nbsp;<a href=\"https:\/\/cress-ba.org.br\/wp-content\/uploads\/2025\/10\/NOVO-REQUERIMENTO-REGISTRO-PESSOA-JURIDICA.pdf\">(acesse aqui)<\/a>&nbsp;<\/p>\n\n\n\n<p>A inscri\u00e7\u00e3o de Pessoa Jur\u00eddica deve ser solicitada na aba <strong>&#8220;Servi\u00e7os online&#8221;<\/strong>, selecionar a op\u00e7\u00e3o &#8220;<strong>Pr\u00e9-cadastro&#8221; <\/strong>no site do CRESS-BA:\u00a0<a href=\"https:\/\/cress-ba.implanta.net.br\/ServicosOnline\/\">https:\/\/cress-ba.implanta.net.br\/ServicosOnline\/\u00a0<\/a><\/p>\n\n\n\n<p>O\/a&nbsp;Assistente Social respons\u00e1vel t\u00e9cnico pela empresa&nbsp;utilizar\u00e1 login e senha para ingresso na plataforma do Servi\u00e7os online.<\/p>\n\n\n\n<p>O Respons\u00e1vel t\u00e9cnico deve solicitar o&nbsp;<strong>Termo de Responsabilidade T\u00e9cnica,<\/strong>&nbsp;atrav\u00e9s do e-mail fiscalizacao@cress-ba.org.br. E, em seguida, anexar o termo de responsabilidade t\u00e9cnica no pr\u00e9-cadastro, no campo de documentos.<\/p>\n\n\n\n<p>Tamb\u00e9m deve preencher o Requerimento de Inscri\u00e7\u00e3o de Pessoa Jur\u00eddica, assinar e anexar junto aos demais documentos no pr\u00e9-cadastro.<\/p>\n\n\n\n<p>Ap\u00f3s envio do pedido, o setor administrativo do CRESS avaliar\u00e1 o conte\u00fado, gerando pend\u00eancia, quando for o caso, que dever\u00e1 ser sanada em 20 dias corridos, sob pena de arquivamento.<\/p>\n\n\n\n<p>Ao final da solicita\u00e7\u00e3o, o processo ser\u00e1 encaminhado para an\u00e1lise da Comiss\u00e3o de Inscri\u00e7\u00e3o. Sendo deferido, ser\u00e1 emitido os boletos para pagamento e posterior andamento do registro.<\/p>\n\n\n\n<p>Nos casos de indeferimento, ser\u00e1 emitida&nbsp;declara\u00e7\u00e3o de n\u00e3o obrigatoriedade de registro no Conselho.<\/p>\n\n\n\n<p><strong>Valor da anuidade 2026: <\/strong>R$ 750,99<\/p>\n\n\n\n<p><strong>Formas de pagamento:<\/strong><\/p>\n\n\n\n<ul class=\"wp-block-list\">\n<li><em>Pagamento integral:<\/em><\/li>\n<\/ul>\n\n\n\n<p>Desconto de 15% at\u00e9 15\/02\/2026 =\u00a0<strong>R$638,34<\/strong><\/p>\n\n\n\n<p>Desconto de 10% at\u00e9 15\/03\/2026 =\u00a0<strong>R$675,89<\/strong><\/p>\n\n\n\n<p>Desconto de 05% at\u00e9 15\/04\/2026 =\u00a0<strong>R$713,44<\/strong><\/p>\n\n\n\n<p>Sem Desconto a partir de 15\/04\/2026<\/p>\n\n\n\n<ul class=\"wp-block-list\">\n<li><em>Pagamento parcelado em 10 vezes:<\/em><\/li>\n<\/ul>\n\n\n\n<p>1\u00aa parcela at\u00e9 15\/02\/2026 =\u00a0 R$75,10<\/p>\n\n\n\n<p>2\u00aa parcela at\u00e9 15\/03\/2026 =\u00a0 R$75,10<\/p>\n\n\n\n<p>3\u00aa parcela at\u00e9 15\/04\/2026 =\u00a0 R$75,10<\/p>\n\n\n\n<p>4\u00aa parcela at\u00e9 15\/05\/2026 =\u00a0 R$75,10<\/p>\n\n\n\n<p>5\u00aa parcela at\u00e9 15\/06\/2026 =\u00a0 R$75,10<\/p>\n\n\n\n<p>6\u00aa parcela at\u00e9 15\/07\/2026 =\u00a0 R$75,10<\/p>\n\n\n\n<p>7\u00aa parcela at\u00e9 15\/08\/2026 =\u00a0 R$75,10<\/p>\n\n\n\n<p>8\u00aa parcela at\u00e9 15\/09\/2026 =\u00a0 R$75,10<\/p>\n\n\n\n<p>9\u00ba parcela at\u00e9 15\/10\/2026 =\u00a0 R$475,10<\/p>\n\n\n\n<p>10\u00ba parcela at\u00e9 15\/11\/2026 =\u00a0 R$75,10<\/p>\n\n\n\n<p><strong>A&nbsp;anuidade&nbsp;n\u00e3o paga em cota \u00fanica at\u00e9 o d\u00e9cimo quinto dia do m\u00eas de maio de&nbsp;2026 (15\/05), ou parcela n\u00e3o quitada nas datas de vencimento implicar\u00e1 em Multa de 2% e Juros de 1% a.m, conforme prev\u00ea a Resolu\u00e7\u00e3o do CFESS.<\/strong><\/p>\n","protected":false},"excerpt":{"rendered":"<p>\u00c9 obrigat\u00f3rio o registro, nos Conselhos Regionais de Servi\u00e7o Social de suas respectivas jurisdi\u00e7\u00f5es, das Pessoas Jur\u00eddicas de Direito P\u00fablico e Privado, j\u00e1 constitu\u00eddas ou que vierem a se constituir, com a atividade b\u00e1sica em Servi\u00e7o Social, para que possam praticar quaisquer atos de natureza profissional. Incluem-se nas pessoas jur\u00eddicas de direito privado a que [&hellip;]<\/p>\n","protected":false},"author":1,"featured_media":0,"parent":0,"menu_order":0,"comment_status":"closed","ping_status":"closed","template":"","meta":{"footnotes":""},"class_list":["post-209","page","type-page","status-publish","hentry"],"_hostinger_reach_plugin_has_subscription_block":false,"_hostinger_reach_plugin_is_elementor":false,"_links":{"self":[{"href":"https:\/\/cress-ba.org.br\/index.php?rest_route=\/wp\/v2\/pages\/209","targetHints":{"allow":["GET"]}}],"collection":[{"href":"https:\/\/cress-ba.org.br\/index.php?rest_route=\/wp\/v2\/pages"}],"about":[{"href":"https:\/\/cress-ba.org.br\/index.php?rest_route=\/wp\/v2\/types\/page"}],"author":[{"embeddable":true,"href":"https:\/\/cress-ba.org.br\/index.php?rest_route=\/wp\/v2\/users\/1"}],"replies":[{"embeddable":true,"href":"https:\/\/cress-ba.org.br\/index.php?rest_route=%2Fwp%2Fv2%2Fcomments&post=209"}],"version-history":[{"count":8,"href":"https:\/\/cress-ba.org.br\/index.php?rest_route=\/wp\/v2\/pages\/209\/revisions"}],"predecessor-version":[{"id":3462,"href":"https:\/\/cress-ba.org.br\/index.php?rest_route=\/wp\/v2\/pages\/209\/revisions\/3462"}],"wp:attachment":[{"href":"https:\/\/cress-ba.org.br\/index.php?rest_route=%2Fwp%2Fv2%2Fmedia&parent=209"}],"curies":[{"name":"wp","href":"https:\/\/api.w.org\/{rel}","templated":true}]}}