{"id":218,"date":"2025-10-29T02:22:18","date_gmt":"2025-10-29T05:22:18","guid":{"rendered":"http:\/\/localhost:8080\/?page_id=218"},"modified":"2026-03-23T13:02:45","modified_gmt":"2026-03-23T16:02:45","slug":"nucleos-regionais","status":"publish","type":"page","link":"https:\/\/cress-ba.org.br\/?page_id=218","title":{"rendered":"NUCRESS"},"content":{"rendered":"\n<p>A Gest\u00e3o do CRESS-BA do tri\u00eanio 2014-2017 instituiu a Comiss\u00e3o Interioriza\u00e7\u00e3o, com o objetivo de apoiar a organiza\u00e7\u00e3o da categoria por meio de N\u00facleos Regionais de Assistentes Sociais, legitimando-os como mais um espa\u00e7o de capacita\u00e7\u00e3o e discuss\u00e3o te\u00f3rico-pol\u00edtica.<\/p>\n\n\n\n<p>No tri\u00eanio da gest\u00e3o, foram realizadas in\u00fameras articula\u00e7\u00f5es com grupos de Assistentes Sociais de v\u00e1rios munic\u00edpios da Bahia at\u00e9 a normatiza\u00e7\u00e3o dos N\u00facleos.<\/p>\n\n\n\n<p>Os NUCRESS \u2013 N\u00facleos do Conselho Regional de Servi\u00e7o Social constituem-se como espa\u00e7os de valoriza\u00e7\u00e3o do Servi\u00e7o Social, do exerc\u00edcio profissional, de defesa do Projeto \u00c9tico-pol\u00edtico da profiss\u00e3o e de divulga\u00e7\u00e3o do CRESS enquanto conselho de representa\u00e7\u00e3o da categoria na sua regi\u00e3o.<\/p>\n\n\n\n<p>Confira aqui a<strong>&nbsp;<a href=\"https:\/\/cress-ba.org.br\/wp-content\/uploads\/2025\/10\/RESOLUCAO_CRESS-BA_No006-2021_-_REGULAMENTA_OS_NUCRESS_NO_CRESS-BAHIA.pdf\">Resolu\u00e7\u00e3o&nbsp;CRESS-BA 5\u00aa REGI\u00c3O N\u00b0006\/2021<\/a><\/strong><\/p>\n\n\n\n<p><strong>Como s\u00e3o formados os NUCRESS<\/strong><\/p>\n\n\n\n<p>Os NUCRESS recebem orienta\u00e7\u00e3o, apoio e subs\u00eddios do CRESS 5\u00aa Regi\u00e3o, e poder\u00e3o ser formados em n\u00edvel municipal e\/ou regional, conforme regionaliza\u00e7\u00e3o proposta. O NUCRESS dever\u00e1 aprovar a sua regionaliza\u00e7\u00e3o e inform\u00e1-la ao CRESS. N\u00e3o tem personalidade jur\u00eddica e&nbsp;subordina-se \u00e0s normas e diretrizes do CRESS-BA. Ao Conselho devem ser enviadas a ata de constitui\u00e7\u00e3o ou reativa\u00e7\u00e3o do respectivo n\u00facleo, e a lista de presen\u00e7a com nome, n\u00famero de registro profissional, endere\u00e7o, telefone e&nbsp;e-mail.<\/p>\n\n\n\n<p><strong>Quem pode participar<\/strong><\/p>\n\n\n\n<p>Os e as assistentes sociais devidamente registrados no CRESS-BA. Poder\u00e3o participar estudantes de Servi\u00e7o Social, em momentos espec\u00edficos determinados previamente pela coordena\u00e7\u00e3o do n\u00facleo.<\/p>\n\n\n\n<p><strong>NUCRESS e cidades que os comp\u00f5em&nbsp;(atualizado em 2026):<\/strong><\/p>\n\n\n\n<ul class=\"wp-block-list\">\n<li><strong>Nucress Bacia do Rio Corrente<\/strong> <strong>(Santa Maria da Vit\u00f3ria e Regi\u00e3o)<\/strong><\/li>\n<\/ul>\n\n\n\n<p>Munic\u00edpios:&nbsp;Brejol\u00e2ndia, Can\u00e1polis, Cocos, Coribe, Correntina, Jaborandi, Santa Maria Da Vit\u00f3ria, Santana, S\u00e3o F\u00e9lix Do Coribe, Serra Dourada e Tabocas Do Brejo Velho.<\/p>\n\n\n\n<p>Articuladoras: Ruth Guimar\u00e3es de Souza Viana e Sheila Veiga Ramos da Rocha.<\/p>\n\n\n\n<p>E-mail:&nbsp;nucressassistentessociais@outlook.com&nbsp;<\/p>\n\n\n\n<ul class=\"wp-block-list\">\n<li><strong>Nucress Baixo Sul (Valen\u00e7a e Regi\u00e3o)<\/strong><\/li>\n<\/ul>\n\n\n\n<p>Munic\u00edpios:&nbsp;Aratu\u00edpe, Cairu, Camamu, Gandu, Ibirataia, Igrapi\u00fana, Ituber\u00e1, Jaguaripe, Nilo Pe\u00e7anha, Pira\u00ed do Norte, Presidente Tancredo Neves, Tapero\u00e1, Teol\u00e2ndia,&nbsp;Valen\u00e7a e Wenceslau Guimar\u00e3es.<\/p>\n\n\n\n<p>Articuladores:&nbsp;Jo\u00e3o Paulo Aguiar de Souza, Dijamara Texeira Sousa dos Passos e Patricia Sousa Santos.<\/p>\n\n\n\n<p>E-mails:&nbsp;nucressbaixosul@gmail.com; joaopaulo.aguiar15@hotmail.com; dyjarama@yahoo.com.br<\/p>\n\n\n\n<ul class=\"wp-block-list\">\n<li><strong>Nucress Bom Jesus da Lapa e regi\u00e3o<\/strong><\/li>\n<\/ul>\n\n\n\n<p>Munic\u00edpios:&nbsp;Bom Jesus da Lapa, Paratinga, Serra do Ramalho e S\u00edtio do Mato.<\/p>\n\n\n\n<p>Articuladoras:&nbsp;Jaqueline Rodrigues de Souza&nbsp;e Rosa Rita Camelo Vieira.<\/p>\n\n\n\n<p>E-mail:&nbsp;nucressbjlapa_ba@hotmail.com<\/p>\n\n\n\n<ul class=\"wp-block-list\">\n<li><strong>Nucress Senhor do Bonfim e Regi\u00e3o<\/strong><\/li>\n<\/ul>\n\n\n\n<p>Munic\u00edpios:&nbsp;Andorinha, Ant\u00f4nio Gon\u00e7alves, Caldeir\u00e3o Grande, Campo Formoso, Filad\u00e9lfia, Iti\u00faba, Jacobina, Jaguarari, Pindoba\u00e7u, Ponto Novo, Sa\u00fade e Senhor do Bonfim.<\/p>\n\n\n\n<p>Articuladores:&nbsp;Jamerson Luiz Gon\u00e7alves, Ezilda Ferreira Barreto, Vanessa Sena Gomes da Silva e Marilia Gabriela Carvalho Bonfim.<\/p>\n\n\n\n<p>E-mail:&nbsp;nucressbonfim@hotmail.com<\/p>\n\n\n\n<ul class=\"wp-block-list\">\n<li><strong>Nucress Costa do Descobrimento (Porto Seguro e Regi\u00e3o)<\/strong><\/li>\n<\/ul>\n\n\n\n<p>Munic\u00edpios:&nbsp;Belmonte, Eun\u00e1polis, Guaratinga, Itabela, Itagimirim, Itapebi, Porto Seguro e Santa Cruz Cabr\u00e1lia.<\/p>\n\n\n\n<p>Articuladora:&nbsp;Marcela Fernandes Bitencourt<\/p>\n\n\n\n<p>E-mail:&nbsp;&nbsp;asmarcelaperita@gmail.com<\/p>\n\n\n\n<ul class=\"wp-block-list\">\n<li><strong>Nucress Portal do Sert\u00e3o (Feira de Santana e Regi\u00e3o)<\/strong><\/li>\n<\/ul>\n\n\n\n<p>Munic\u00edpio: \u00c1gua Fria, Am\u00e9lia Rodrigues, Anguera, Ant\u00f4nio Cardoso, Concei\u00e7\u00e3o da Feira, Concei\u00e7\u00e3o do Jacu\u00edpe, Cora\u00e7\u00e3o de Maria, Feira de Santana, Ipecaet\u00e1, Irar\u00e1, Santa B\u00e1rbara, Santan\u00f3polis, Santo Est\u00eav\u00e3o, S\u00e3o Gon\u00e7alo dos Campos, Tanquinho, Teodoro Sampaio e Terra Nova.<\/p>\n\n\n\n<p>Articuladoras: Siane Santos Paix\u00e3o, Maria Isabela Benicio dos Santos Marques de Oliveira, Rosana Borges de Carvalho, Ana Pomp\u00e9ia de Souza Gomes, Ana Rita da Costa Oliveira e Gislane Marinho de Almeida.<\/p>\n\n\n\n<p>E-mail:&nbsp;nucress2025@gmail.com<\/p>\n\n\n\n<ul class=\"wp-block-list\">\n<li><strong>Nucress Guanambi e Regi\u00e3o<\/strong><\/li>\n<\/ul>\n\n\n\n<p>Munic\u00edpios:&nbsp;Caetit\u00e9, Candiba, Carinhanha, Feira da Mata, Guanambi, Ibiassuc\u00ea, Igapor\u00e3, Iuiu, Lagoa Real, Lic\u00ednio de Almeida, Malhada, Matina, Palmas de Monte Alto, Pinda\u00ed, Riacho de Santana, Sebasti\u00e3o Laranjeiras e Urandi.<\/p>\n\n\n\n<p>Articuladores:&nbsp;Ros\u00e2ngela Teixeira de Souza, Ge\u00f3rgia Bezerra, Edite Lessa, Leuseny Teixeira e Lucas Reis Trindade Nascimento.<\/p>\n\n\n\n<p>E-mails:&nbsp;nucressgbi@yahoo.com.br; georgiabem@bol.com.br<\/p>\n\n\n\n<ul class=\"wp-block-list\">\n<li><strong>Nucress Irec\u00ea e Regi\u00e3o<\/strong><\/li>\n<\/ul>\n\n\n\n<p>Munic\u00edpios:&nbsp;Am\u00e9rica Dourado, Barra do Mendes, Barro Alto, Cafarnaum, Canarana, Central, Gentio do Ouro, Ibipeba, Ibitit\u00e1, Ipupiara, Irec\u00ea, Itagua\u00e7u da Bahia, Jo\u00e3o Dourado, Jussara, Lap\u00e3o, Mulungu do Morro, Presidente Dutra, S\u00e3o Gabriel, Uiba\u00ed e&nbsp;Xique-Xique.<\/p>\n\n\n\n<p>Articuladores: Erla Thalita Pimenta Novaes, Tayn\u00e3 Martins de Sousa, Deise Gomesda Silva Antunes, Clara Caroline Barreto e Juliana Gomes de Almeira.<\/p>\n\n\n\n<p>E-mail:&nbsp; nucressirece@gmail.com<\/p>\n\n\n\n<ul class=\"wp-block-list\">\n<li><strong>Nucress Jequi\u00e9 e Regi\u00e3o Cidade do Sol<\/strong><\/li>\n<\/ul>\n\n\n\n<p>Munic\u00edpio:&nbsp; Aiquara, Aipuarema, Barra do Rocha, Boa Nova, D\u00e1rio Meira, Gongagi, Ibirataia, Ipia\u00fa, Itagi, Itagib\u00e1, Itamari, Jequi\u00e9, Jita\u00fana, Manoel Vitorino, Nova Ibi\u00e1 e Ubat\u00e3.&nbsp;<\/p>\n\n\n\n<p>Articuladoras:&nbsp;Gilv\u00e2nia Moreira Brito, Fernanda Karina Boeno Oliveira, Ana Maria Santana, Daniella Lopes, Kaline Meira, Edilene Andrade, Luyana Silva Contrim e Maria Aparecida Cabral.<\/p>\n\n\n\n<p>E-mails:&nbsp;&nbsp;nucress.jequieeregiao@outlook.com<\/p>\n\n\n\n<ul class=\"wp-block-list\">\n<li><strong>Nucress Regi\u00e3o Metropolitana de Salvador<\/strong><\/li>\n<\/ul>\n\n\n\n<p>Munic\u00edpio:&nbsp;Itaparica, Cama\u00e7ari, Madre de Deus, Pojuca, Mata de S\u00e3o Jo\u00e3o, Vera Cruz, Candeias, Lauro de Freitas, Sim\u00f5es Filho, S\u00e3o Francisco do Conde, S\u00e3o Francisco do Conde, S\u00e3o Sebasti\u00e3o do Pass\u00e9 e Dias d&#8217; \u00c1vila.<\/p>\n\n\n\n<p>Articuladores:&nbsp;Ver\u00f4nica Maria G\u00f3es da Silva, M\u00f4nica Evangelista dos Santos e Luciana Vaz Rios.<\/p>\n\n\n\n<p>E-mail:&nbsp;nucressregiaometropolitana@gmail.com<\/p>\n\n\n\n<ul class=\"wp-block-list\">\n<li><strong>Nucress Litoral Sul<\/strong> <strong>&#8211; NUCRESSUL (Itabuna e Regi\u00e3o)<\/strong><\/li>\n<\/ul>\n\n\n\n<p>Munic\u00edpios:&nbsp;Almadina, Arataca, Aurelino Leal, Barro Preto, Buerarema, Camacan, Canavieiras, Coaraci, Floresta Azul, Ibicara\u00ed, Ilh\u00e9us, Itabuna, Itacar\u00e9, Itaju do Col\u00f4nia, Itaju\u00edpe, Itap\u00e9, Itapitanga, Jussari, Mara\u00fa, Mascote, Pau-Brasil, Santa Luzia, S\u00e3o Jos\u00e9 da Vit\u00f3ria, Ubaitaba, Una e Uru\u00e7uca.<\/p>\n\n\n\n<p>Articuladoras:&nbsp;&nbsp;Dulce&nbsp;Carolina Fonseca Marinho, Jurema Bocega, F\u00e1tima In\u00eaz Albuquerque Lopes de Souza e Maria Vit\u00f3ria Cunha Freitas.<\/p>\n\n\n\n<p>E-mail:&nbsp;nucress.litoralsul.ba@gmail.com<\/p>\n\n\n\n<ul class=\"wp-block-list\">\n<li><strong>Nucress Paulo Afonso e Regi\u00e3o<\/strong><\/li>\n<\/ul>\n\n\n\n<p>Munic\u00edpios:&nbsp;Antas, Abar\u00e9, Chorroch\u00f3, Gl\u00f3ria, Macurur\u00e9, Jeremoabo, Paulo Afonso, Rodelas e Santa Br\u00edgida.<\/p>\n\n\n\n<p>Articuladoras:\u00a0Anderlaine Simpl\u00edcio da Silva, Edilene Rocha Garc\u00eaz Ben\u00edcio\u00a0e Silvana Alves Lopes.<\/p>\n\n\n\n<p>E-mail:&nbsp;nucresspaeregiao@gmail.com<\/p>\n\n\n\n<ul class=\"wp-block-list\">\n<li><strong>Nucress Rec\u00f4ncavo da Bahia<\/strong><\/li>\n<\/ul>\n\n\n\n<p>Munic\u00edpios:&nbsp;Cabaceiras do Paragua\u00e7u, Cachoeira, Castro Alves, Concei\u00e7\u00e3o do Almeida, Cruz das Almas, Dom M\u00e2cedo Costa, Governador Mangabeira, Maragogipe, Muniz Ferreira, Muritiba, Nazar\u00e9, Salinas da Margarida, Santo Amaro, Santo Ant\u00f4nio de Jesus, S\u00e3o Felipe, S\u00e3o F\u00e9lix, Sapea\u00e7u, Saubara e Varzedo. <\/p>\n\n\n\n<p>Articuladoras:&nbsp;Maria Clara Silva Santos, Fabiana de Jesus Santos, Gabriela Rosa dos Santos de Santana, Carolina Borges Barreto da Silva e Ilana Silva Santos.<\/p>\n\n\n\n<p>E-mail:&nbsp; nucressreconcavo@gmail.com<\/p>\n\n\n\n<ul class=\"wp-block-list\">\n<li><strong>Nucress Sudoeste<\/strong> (<strong>Vit\u00f3ria da Conquista e Regi\u00e3o<\/strong>)<\/li>\n<\/ul>\n\n\n\n<p>Munic\u00edpios:&nbsp;&nbsp;Anag\u00e9, Aracatu, Barra do Cho\u00e7a, Belo Campo, Bom Jesus da Serra, Caetanos, C\u00e2ndido Sales, Cara\u00edbas, Conde\u00faba, Cordeiros, Encruzilhada, Guajeru. Jacaraci, Lic\u00ednio de Almeida, Maetinga, Mirante, Mortugaba. Pirip\u00e1, Planalto, Po\u00e7\u00f5es, Presidente J\u00e2nio Quadros, Ribeir\u00e3o do Largo, Tremedal&nbsp;e Vit\u00f3ria da Conquista.<\/p>\n\n\n\n<p>Articuladoras:&nbsp;Fabiana Neves, H\u00e9lia Vieira, Andr\u00e9a Silva, Micaellen de Oliveira e Iure Santos.<\/p>\n\n\n\n<p>E-mails:&nbsp;nucress.gestaosudoeste@gmail.com<\/p>\n\n\n\n<ul class=\"wp-block-list\">\n<li><strong>Nucress Vale do S\u00e3o Francisco<\/strong> <strong>(Juazeiro e Regi\u00e3o) <\/strong><\/li>\n<\/ul>\n\n\n\n<p>Munic\u00edpios:&nbsp;Campo Alegre de Lourdes, Canudos, Casa Nova, Cura\u00e7\u00e1,&nbsp;Juazeiro,&nbsp;Pil\u00e3o Arcado, Remanso, Sento S\u00e9, Sobradinho e Uau\u00e1.<\/p>\n\n\n\n<p>Articuladores:&nbsp;Andrea Rodrigues Alves Novaes<\/p>\n\n\n\n<p>E-mail:&nbsp;nucressvale32@gmail.com<\/p>\n\n\n\n<ul class=\"wp-block-list\">\n<li><strong>Nucress Territ\u00f3rio do Sisal e Regi\u00e3o<\/strong><\/li>\n<\/ul>\n\n\n\n<p>Munic\u00edpios: Araci, Barrocas, Biritinga, Candeal, Cansan\u00e7\u00e3o, Concei\u00e7\u00e3o do Coit\u00e9, Ichu, Iti\u00faba, Lamar\u00e3o, Monte Santo, Nordestina, Queimadas, Quijingue, Retirol\u00e2ndia, Santa Luz, S\u00e3o Domingos, Serrinha, Teofil\u00e2ndia, Tucano e Valente.<\/p>\n\n\n\n<p>Articuladores: Jaguaraci Silva de Jesus, Gilca da Silva Carneiro Morais, Nilda dos Santos de Jesus, Cleidione de Oliveira Santos, Maria Cleuma Rodrigues da Silva Sena, Cristina Costa de Oliveira, Dalila Goncalves dos Santos, Luciv\u00e2nia Queiroz de Oliveira e Nalyni Carneiro Cardoso e Silva.<\/p>\n\n\n\n<p>E-mail: jaguara29@gmail.com ; carneiro.gilca@gmail.com<\/p>\n\n\n\n<ul class=\"wp-block-list\">\n<li><strong>Nucress Bacia do Rio Grande (Barreiras e Regi\u00e3o)<\/strong><\/li>\n<\/ul>\n\n\n\n<p>Munic\u00edpios: Angical, Baian\u00f3polis, Barreiras, Buritirama, Catol\u00e2ndia, Cotegipe, Crist\u00f3polis, Formosa do Rio Preto, Lu\u00eds Eduardo Magalh\u00e3es, Mansid\u00e3o, Riach\u00e3o das Neves, Santa Rita de C\u00e1ssia, S\u00e3o Desid\u00e9rio e Wanderley.<\/p>\n\n\n\n<p>Articuladores: D\u00e9bora Pereira de Morais, Eliane Barros Leite, George Souza de Ara\u00fajo, Mar\u00edlia Barbosa Silva, P\u00e2mylla dos Santos de Miranda Pinto e Wanneska Barberella Afonso Machado Peixoto.<\/p>\n\n\n\n<p>E-mail: nucressriograndeba@gmail.com<\/p>\n\n\n\n<p><\/p>\n","protected":false},"excerpt":{"rendered":"<p>A Gest\u00e3o do CRESS-BA do tri\u00eanio 2014-2017 instituiu a Comiss\u00e3o Interioriza\u00e7\u00e3o, com o objetivo de apoiar a organiza\u00e7\u00e3o da categoria por meio de N\u00facleos Regionais de Assistentes Sociais, legitimando-os como mais um espa\u00e7o de capacita\u00e7\u00e3o e discuss\u00e3o te\u00f3rico-pol\u00edtica. No tri\u00eanio da gest\u00e3o, foram realizadas in\u00fameras articula\u00e7\u00f5es com grupos de Assistentes Sociais de v\u00e1rios munic\u00edpios da [&hellip;]<\/p>\n","protected":false},"author":1,"featured_media":0,"parent":0,"menu_order":0,"comment_status":"closed","ping_status":"closed","template":"","meta":{"footnotes":""},"class_list":["post-218","page","type-page","status-publish","hentry"],"_hostinger_reach_plugin_has_subscription_block":false,"_hostinger_reach_plugin_is_elementor":false,"_links":{"self":[{"href":"https:\/\/cress-ba.org.br\/index.php?rest_route=\/wp\/v2\/pages\/218","targetHints":{"allow":["GET"]}}],"collection":[{"href":"https:\/\/cress-ba.org.br\/index.php?rest_route=\/wp\/v2\/pages"}],"about":[{"href":"https:\/\/cress-ba.org.br\/index.php?rest_route=\/wp\/v2\/types\/page"}],"author":[{"embeddable":true,"href":"https:\/\/cress-ba.org.br\/index.php?rest_route=\/wp\/v2\/users\/1"}],"replies":[{"embeddable":true,"href":"https:\/\/cress-ba.org.br\/index.php?rest_route=%2Fwp%2Fv2%2Fcomments&post=218"}],"version-history":[{"count":17,"href":"https:\/\/cress-ba.org.br\/index.php?rest_route=\/wp\/v2\/pages\/218\/revisions"}],"predecessor-version":[{"id":3834,"href":"https:\/\/cress-ba.org.br\/index.php?rest_route=\/wp\/v2\/pages\/218\/revisions\/3834"}],"wp:attachment":[{"href":"https:\/\/cress-ba.org.br\/index.php?rest_route=%2Fwp%2Fv2%2Fmedia&parent=218"}],"curies":[{"name":"wp","href":"https:\/\/api.w.org\/{rel}","templated":true}]}}