{"id":229,"date":"2025-10-29T02:31:42","date_gmt":"2025-10-29T05:31:42","guid":{"rendered":"http:\/\/localhost:8080\/?page_id=229"},"modified":"2026-04-09T13:09:43","modified_gmt":"2026-04-09T16:09:43","slug":"documento-de-identidade-profissional","status":"publish","type":"page","link":"https:\/\/cress-ba.org.br\/?page_id=229","title":{"rendered":"Documento de Identidade Profissional"},"content":{"rendered":"\n<p><strong>Documento de Identidade Profissional<\/strong>&nbsp;\u00e9 o documento de identifica\u00e7\u00e3o profissional, confeccionado pelo Conselho Federal de Servi\u00e7o Social (CFESS) e expedido pelos Conselhos Regionais de Servi\u00e7o Social (CRESS), e que serve de prova para fins de exerc\u00edcio profissional e de identifica\u00e7\u00e3o civil.<\/p>\n\n\n\n<p>Sua emiss\u00e3o \u00e9 regulamentada pela&nbsp;<a href=\"https:\/\/cress-ba.org.br\/wp-content\/uploads\/2025\/10\/Res582-compilada-nova.pdf\" target=\"_blank\" rel=\"noreferrer noopener\">Resolu\u00e7\u00e3o CFESS n\u00ba 582\/2010<\/a>, alterada pela&nbsp;<a href=\"https:\/\/cress-ba.org.br\/wp-content\/uploads\/2025\/10\/Resolucao707-2015.pdf\" target=\"_blank\" rel=\"noreferrer noopener\">Resolu\u00e7\u00e3o CFESS n\u00ba 707\/2015<\/a>, tendo tamb\u00e9m como base legal a <a href=\"https:\/\/www.cfess.org.br\/arquivos\/Resolucaocfess1014-2022.pdf\" data-type=\"link\" data-id=\"https:\/\/www.cfess.org.br\/arquivos\/Resolucaocfess1014-2022.pdf\">Resolu\u00e7\u00e3o CFESS n\u00b0 1014\/2022<\/a>.<\/p>\n\n\n\n<h3 class=\"wp-block-heading\"><strong>Como solicitar meu DIP?<\/strong><\/h3>\n\n\n\n<p>Ao solicitar o PEDIDO DE INSCRI\u00c7\u00c3O PRINCIPAL ou TRANSFER\u00caNCIA no sistema online, a\/o profissional ter\u00e1 acesso ao&nbsp;<strong>Requerimento DIP.<\/strong>&nbsp;Quanto aos pedidos de reinscri\u00e7\u00e3o ou inscri\u00e7\u00e3o secund\u00e1ria, os quais ainda n\u00e3o est\u00e3o dispon\u00edveis em sistema online, a\/o assistente social dever\u00e1 solicitar o DIP juntamente com o pedido (reinscri\u00e7\u00e3o ou inscri\u00e7\u00e3o secund\u00e1ria) pelo e-mail registro@cress-ba.org.br.<\/p>\n\n\n\n<p><strong>Se a\/o profissional j\u00e1 \u00e9 inscrita\/o antes de 2017 (quando passou a emitir o DIP) e queira solicitar o documento, dever\u00e1 entrar em contato com registro@cress-ba.org.br.<\/strong><\/p>\n\n\n\n<p>Ap\u00f3s o deferimento do pedido de inscri\u00e7\u00e3o ou transfer\u00eancia da\/o profissional, o CRESS encaminhar\u00e1 o requerimento ao CFESS para confec\u00e7\u00e3o do DIP.<\/p>\n\n\n\n<p><strong>RETIRADA DE DIP:<\/strong><\/p>\n\n\n\n<ul class=\"wp-block-list\">\n<li>Confira se seu\u00a0DIP est\u00e1 dispon\u00edvel para retirada\u00a0na sede ou para solicitar o envio pelos correios:<strong><a href=\"https:\/\/drive.google.com\/file\/d\/1F6hvmlpiByZMMjpithFyTVBzImE_85nF\/view?usp=sharing\">\u00a0<\/a><a href=\"https:\/\/cress-ba.org.br\/wp-content\/uploads\/2026\/04\/LISTA-DE-CARTEIRA-DE-IDENTIDADE-PROFISSIONAL-AGUARDANDO-RETIRADA-09.04.2026.xlsx\" data-type=\"link\" data-id=\"https:\/\/drive.google.com\/file\/d\/1GsGqN0OaBrESqYh99yd6hLoyPiSST2t6\/view?usp=sharing\">lista de DIPs dispon\u00edveis<\/a><\/strong><\/li>\n\n\n\n<li>Se voc\u00ea solicitou seu&nbsp;DIP h\u00e1 mais de 45 dias e seu nome n\u00e3o consta na lista de DIP&#8217;s dispon\u00edveis para retirada, entre em contato no e-mail:&nbsp;<strong>registro@cress-ba.org.br ou <\/strong>por <strong>whatsapp: (71) 3322-0421<\/strong>, com atendimento em dias \u00fateis das 9h \u00e0s 15h.<\/li>\n\n\n\n<li>Se seu DIP j\u00e1 estiver dispon\u00edvel, somente voc\u00ea, profissional, poder\u00e1 fazer a retirada do seu documento presencialmente na sede do CRESS-BA ou solicitar por Correios.<\/li>\n<\/ul>\n\n\n\n<p><strong>Confira abaixo o passo a passo para solicitar DIP por correio:<\/strong><\/p>\n\n\n\n<p>Envio regulamentado pela&nbsp;<a href=\"https:\/\/drive.google.com\/file\/d\/1bmkvmO9GzTdYhKVZE5tdU8_d0Fb32wCd\/view?usp=sharing\" data-type=\"link\" data-id=\"https:\/\/drive.google.com\/file\/d\/1bmkvmO9GzTdYhKVZE5tdU8_d0Fb32wCd\/view?usp=sharing\" target=\"_blank\" rel=\"noreferrer noopener\">Resolu\u00e7\u00e3o N\u00ba 003\/2023.<\/a><\/p>\n\n\n\n<p>1. Efetue o dep\u00f3sito\/transfer\u00eancia ou PIX (CNPJ: 14.820.039\/0001-60) no valor de&nbsp;R$ 16,35 (DEZESSEIS REAIS E TRINTA E CINCO CENTAVOS), taxa de responsabilidade dos Correios e sujeito a altera\u00e7\u00f5es.<\/p>\n\n\n\n<p>2. Preencha o&nbsp;<strong><a href=\"https:\/\/cress-ba.org.br\/wp-content\/uploads\/2026\/01\/REQUERIMENTO-DE-ENVIO-DE-DOCUMENTO-DE-INDENTIDADE-PROFISSIONAL-2.docx\">REQUERIMENTO<\/a><\/strong>&nbsp;de envio do Documento de Identidade Profissional, o<strong>&nbsp;<a href=\"https:\/\/cress-ba.org.br\/wp-content\/uploads\/2026\/01\/TERMO-DE-AUTORIZACAO-PARA-ENVIO-DOCUMENTO-DE-IDENTIDADE-PROFISSIONAL-PELOS-CORREIOS.docx\">TERMO DE AUTORIZA\u00c7\u00c3O<\/a>&nbsp;<\/strong>para envio do DIP e envie os dois juntamente com o Comprovante do dep\u00f3sito\/transfer\u00eancia para o e-mail&nbsp;<strong><a href=\"mailto:meudip@cress-ba.org.br\">meudip@cress-ba.org.br<\/a>.<\/strong><\/p>\n\n\n\n<p>3. Ap\u00f3s&nbsp;o recebimento, o CRESS far\u00e1 as devidas confer\u00eancias na documenta\u00e7\u00e3o.<\/p>\n\n\n\n<p>4. O prazo para envio por Correios ser\u00e1 at\u00e9 30 dias.<\/p>\n\n\n\n<p><strong>Outras informa\u00e7\u00f5es<\/strong>: <\/p>\n\n\n\n<p>E-mail: <a style=\"font-weight: bold;\" href=\"mailto:registro@cress-ba.org.br\">registro@cress-ba.org.br<\/a><strong>&nbsp;<\/strong><\/p>\n\n\n\n<p>Whatsapp: (71) 3322-0421 &#8211; dias \u00fateis, das 9h \u00e0s 15h.<\/p>\n\n\n\n<p><\/p>\n","protected":false},"excerpt":{"rendered":"<p>Documento de Identidade Profissional&nbsp;\u00e9 o documento de identifica\u00e7\u00e3o profissional, confeccionado pelo Conselho Federal de Servi\u00e7o Social (CFESS) e expedido pelos Conselhos Regionais de Servi\u00e7o Social (CRESS), e que serve de prova para fins de exerc\u00edcio profissional e de identifica\u00e7\u00e3o civil. Sua emiss\u00e3o \u00e9 regulamentada pela&nbsp;Resolu\u00e7\u00e3o CFESS n\u00ba 582\/2010, alterada pela&nbsp;Resolu\u00e7\u00e3o CFESS n\u00ba 707\/2015, tendo tamb\u00e9m [&hellip;]<\/p>\n","protected":false},"author":1,"featured_media":0,"parent":0,"menu_order":0,"comment_status":"closed","ping_status":"closed","template":"","meta":{"footnotes":""},"class_list":["post-229","page","type-page","status-publish","hentry"],"_hostinger_reach_plugin_has_subscription_block":false,"_hostinger_reach_plugin_is_elementor":false,"_links":{"self":[{"href":"https:\/\/cress-ba.org.br\/index.php?rest_route=\/wp\/v2\/pages\/229","targetHints":{"allow":["GET"]}}],"collection":[{"href":"https:\/\/cress-ba.org.br\/index.php?rest_route=\/wp\/v2\/pages"}],"about":[{"href":"https:\/\/cress-ba.org.br\/index.php?rest_route=\/wp\/v2\/types\/page"}],"author":[{"embeddable":true,"href":"https:\/\/cress-ba.org.br\/index.php?rest_route=\/wp\/v2\/users\/1"}],"replies":[{"embeddable":true,"href":"https:\/\/cress-ba.org.br\/index.php?rest_route=%2Fwp%2Fv2%2Fcomments&post=229"}],"version-history":[{"count":23,"href":"https:\/\/cress-ba.org.br\/index.php?rest_route=\/wp\/v2\/pages\/229\/revisions"}],"predecessor-version":[{"id":3875,"href":"https:\/\/cress-ba.org.br\/index.php?rest_route=\/wp\/v2\/pages\/229\/revisions\/3875"}],"wp:attachment":[{"href":"https:\/\/cress-ba.org.br\/index.php?rest_route=%2Fwp%2Fv2%2Fmedia&parent=229"}],"curies":[{"name":"wp","href":"https:\/\/api.w.org\/{rel}","templated":true}]}}