{"id":237,"date":"2025-10-30T02:11:40","date_gmt":"2025-10-30T05:11:40","guid":{"rendered":"https:\/\/sitesf2j.com.br\/cress\/?page_id=237"},"modified":"2025-12-29T13:04:04","modified_gmt":"2025-12-29T16:04:04","slug":"processo-eleitoral","status":"publish","type":"page","link":"https:\/\/cress-ba.org.br\/?page_id=237","title":{"rendered":"Elei\u00e7\u00f5es"},"content":{"rendered":"\n<p>A cada tr\u00eas anos, o Conjunto CFESS-CRESS realiza o processo eleitoral para a escolha das novas gest\u00f5es trienais das entidades.<\/p>\n\n\n\n<p>A elei\u00e7\u00e3o direta, com voto de assistentes sociais registrados em seus conselhos e em situa\u00e7\u00e3o regular, para as dire\u00e7\u00f5es dos Conselhos e suas seccionais \u00e9 um compromisso \u00e9tico-pol\u00edtico e um exerc\u00edcio democr\u00e1tico que define os rumos pol\u00edticos da categoria. Por isso, \u00e9 fundamental que as e os profissionais conhe\u00e7am as chapas concorrentes, participem dos debates e exer\u00e7am seu direito ao voto.<\/p>\n\n\n\n<p>Importante lembrar que o voto \u00e9 facultativo, no entanto, o processo eleitoral do Conjunto CFESS-CRESS exige um patamar m\u00ednimo para se eleger uma chapa: o qu\u00f3rum de 10% de assistentes sociais com registro ativo nos CRESS.\u00a0\u00a0\u00a0<\/p>\n","protected":false},"excerpt":{"rendered":"<p>A cada tr\u00eas anos, o Conjunto CFESS-CRESS realiza o processo eleitoral para a escolha das novas gest\u00f5es trienais das entidades. A elei\u00e7\u00e3o direta, com voto de assistentes sociais registrados em seus conselhos e em situa\u00e7\u00e3o regular, para as dire\u00e7\u00f5es dos Conselhos e suas seccionais \u00e9 um compromisso \u00e9tico-pol\u00edtico e um exerc\u00edcio democr\u00e1tico que define os [&hellip;]<\/p>\n","protected":false},"author":1,"featured_media":0,"parent":0,"menu_order":0,"comment_status":"closed","ping_status":"closed","template":"","meta":{"footnotes":""},"class_list":["post-237","page","type-page","status-publish","hentry"],"_hostinger_reach_plugin_has_subscription_block":false,"_hostinger_reach_plugin_is_elementor":false,"_links":{"self":[{"href":"https:\/\/cress-ba.org.br\/index.php?rest_route=\/wp\/v2\/pages\/237","targetHints":{"allow":["GET"]}}],"collection":[{"href":"https:\/\/cress-ba.org.br\/index.php?rest_route=\/wp\/v2\/pages"}],"about":[{"href":"https:\/\/cress-ba.org.br\/index.php?rest_route=\/wp\/v2\/types\/page"}],"author":[{"embeddable":true,"href":"https:\/\/cress-ba.org.br\/index.php?rest_route=\/wp\/v2\/users\/1"}],"replies":[{"embeddable":true,"href":"https:\/\/cress-ba.org.br\/index.php?rest_route=%2Fwp%2Fv2%2Fcomments&post=237"}],"version-history":[{"count":7,"href":"https:\/\/cress-ba.org.br\/index.php?rest_route=\/wp\/v2\/pages\/237\/revisions"}],"predecessor-version":[{"id":2534,"href":"https:\/\/cress-ba.org.br\/index.php?rest_route=\/wp\/v2\/pages\/237\/revisions\/2534"}],"wp:attachment":[{"href":"https:\/\/cress-ba.org.br\/index.php?rest_route=%2Fwp%2Fv2%2Fmedia&parent=237"}],"curies":[{"name":"wp","href":"https:\/\/api.w.org\/{rel}","templated":true}]}}