{"id":2529,"date":"2025-12-29T12:52:56","date_gmt":"2025-12-29T15:52:56","guid":{"rendered":"https:\/\/cress-ba.org.br\/?page_id=2529"},"modified":"2026-03-19T12:49:00","modified_gmt":"2026-03-19T15:49:00","slug":"eleicoes-2026-2029","status":"publish","type":"page","link":"https:\/\/cress-ba.org.br\/?page_id=2529","title":{"rendered":"Elei\u00e7\u00f5es 2026-2029"},"content":{"rendered":"\n<p class=\"has-vivid-red-color has-text-color has-link-color has-medium-font-size wp-elements-54bdb29b9a706dffb283015d617858be\"><strong>Site de vota\u00e7\u00e3o:\u00a0<a href=\"http:\/\/www.votaassistentesocial.com.br\/\">www.votaassistentesocial.com.br<\/a>\u00a0<\/strong><\/p>\n\n\n\n<p><strong>Documentos das elei\u00e7\u00f5es: <\/strong><\/p>\n\n\n\n<p><a href=\"https:\/\/www.cfess.org.br\/uploads\/pagina\/5393\/sN_RMYLH2ui30MS36yTMc9_DwODaPdpF.pdf\" target=\"_blank\" rel=\"noreferrer noopener\">Edital de convoca\u00e7\u00e3o geral para o processo eleitoral do Conjunto CFESS-CRESS tri\u00eanio 2026-2029 e calend\u00e1rio eleitoral<\/a><\/p>\n\n\n\n<p><a href=\"https:\/\/www.cfess.org.br\/uploads\/pagina\/5396\/Sf5OwAd78s9W1BrH9whfmTbvIb-BahNB.pdf\" target=\"_blank\" rel=\"noreferrer noopener\">C\u00f3digo Eleitoral \u2013 Resolu\u00e7\u00e3o CFESS n\u00ba 1.117\/2025 (acesse aqui)<\/a><\/p>\n\n\n\n<p><a href=\"https:\/\/cress-ba.org.br\/wp-content\/uploads\/2025\/12\/PORTARIA_CRESS_5C2AA_REGIAO_NC2BA_3132C_de_12_de_novembro_de_2025_-_Nomeia_Comissao_Regional_Eleitoral_Trienic_2026-2029_assinado.pdf\">Composi\u00e7\u00e3o da Comiss\u00e3o Regional Eleitoral do CRESS-BA<\/a><\/p>\n\n\n\n<p><a href=\"https:\/\/cress-ba.org.br\/wp-content\/uploads\/2025\/12\/plantoes-da-Comissao-Regional-Eleitoral-Dezembro-.pdf\">Cronograma de plant\u00f5es da Comiss\u00e3o Regional Eleitoral \u2013 dezembro de 2025<\/a><\/p>\n\n\n\n<p><a href=\"https:\/\/cress-ba.org.br\/wp-content\/uploads\/2025\/12\/CRONOGRAMA-PLANTOES-COMISSAO-ELEITORAL-JANEIRO-2026.pdf\">Cronograma de plant\u00f5es da Comiss\u00e3o Regional Eleitoral \u2013 janeiro 2026<\/a><\/p>\n\n\n\n<p><a href=\"https:\/\/cress-ba.org.br\/wp-content\/uploads\/2026\/01\/CRONOGRAMA-PLANTOES-COMISSAO-ELEITORAL-JANEIRO-2026-Atualizado.pdf\" data-type=\"link\" data-id=\"https:\/\/cress-ba.org.br\/wp-content\/uploads\/2026\/01\/CRONOGRAMA-PLANTOES-COMISSAO-ELEITORAL-JANEIRO-2026-Atualizado.pdf\">Cronograma de plant\u00f5es da Comiss\u00e3o Regional Eleitoral &#8211; janeiro 2026 (atualizada)<\/a><\/p>\n\n\n\n<p><a href=\"https:\/\/cress-ba.org.br\/wp-content\/uploads\/2026\/03\/1a-LISTA-DE-APTOS-A-VOTAR-16.01.2026-CRESS-5a-BAHIA.pdf\">1\u00aa Lista de Aptos(as) a Votar para as elei\u00e7\u00f5es 2026\u20132029<\/a><\/p>\n\n\n\n<p><a href=\"https:\/\/drive.google.com\/file\/d\/1b7x3273E8lkv2VFFRodwSS2IXZ8zt86V\/view?usp=sharing\" data-type=\"link\" data-id=\"https:\/\/drive.google.com\/file\/d\/1b7x3273E8lkv2VFFRodwSS2IXZ8zt86V\/view?usp=sharing\">Cronograma de plant\u00f5es da Comiss\u00e3o Regional Eleitoral &#8211; fevereiro 2026 (atualizada)<\/a><\/p>\n\n\n\n<p><a href=\"https:\/\/cress-ba.org.br\/wp-content\/uploads\/2026\/02\/ATA-n01.pdf\">Ata 01 &#8211; Reuni\u00e3o Comiss\u00e3o Regional Eleitoral &#8211; 15\/12\/2026<\/a><\/p>\n\n\n\n<p><a href=\"https:\/\/cress-ba.org.br\/wp-content\/uploads\/2026\/02\/ATAS-CRE-2026.pdf\">Atas das reuni\u00f5es da Comiss\u00e3o Regional Eleitoral &#8211; de 15\/12\/2025 a 30\/01\/2026<\/a><\/p>\n\n\n\n<p><a href=\"https:\/\/drive.google.com\/file\/d\/1Vgh52um1-rXVweVMLDTZBFVC9WENt8nO\/view?usp=sharing\" data-type=\"link\" data-id=\"https:\/\/drive.google.com\/file\/d\/1Vgh52um1-rXVweVMLDTZBFVC9WENt8nO\/view?usp=sharing\">Composi\u00e7\u00e3o chapa \u00fanica para elei\u00e7\u00f5es 2026-2029<\/a><\/p>\n\n\n\n<p><a href=\"https:\/\/drive.google.com\/file\/d\/10FUWUMbYJRH8NvL0ZJd93Lq_bz2qx9lA\/view?usp=sharing\" data-type=\"link\" data-id=\"https:\/\/drive.google.com\/file\/d\/10FUWUMbYJRH8NvL0ZJd93Lq_bz2qx9lA\/view?usp=sharing\">Composi\u00e7\u00e3o chapa \u00fanica para elei\u00e7\u00f5es 2026-2029 (atualizada)<\/a><\/p>\n\n\n\n<p><a href=\"https:\/\/cress-ba.org.br\/wp-content\/uploads\/2026\/02\/2a-LISTA-DE-APTOS-A-VOTAR-13.02.2026-CRESS-5a-BAHIA.pdf\">2\u00aa Lista de Aptos(as) a votar nas elei\u00e7\u00f5es 2026-2029 <\/a><\/p>\n\n\n\n<p><a href=\"https:\/\/drive.google.com\/file\/d\/10NfWQ-ka9Pf12kqnSmUirJ4lSaDNCZim\/view\" data-type=\"link\" data-id=\"https:\/\/drive.google.com\/file\/d\/10NfWQ-ka9Pf12kqnSmUirJ4lSaDNCZim\/view\">Prazo final para os profissionais regularizarem sua situa\u00e7\u00e3o perante o CRESS e se tornarem aptos a votar<\/a><\/p>\n\n\n\n<p><a href=\"https:\/\/cress-ba.org.br\/wp-content\/uploads\/2026\/03\/3a-LISTA-DE-APTOS-A-VOTAR-02.03.2026-CRESS-5a-BAHIA-1.pdf\">3\u00aa Lista de Aptas e aptos a votar nas elei\u00e7\u00f5es 2026-2029<\/a><\/p>\n\n\n\n<p><a href=\"https:\/\/cress-ba.org.br\/wp-content\/uploads\/2026\/03\/CartaProgramaMacambira.pdf\" data-type=\"link\" data-id=\"https:\/\/cress-ba.org.br\/wp-content\/uploads\/2026\/03\/CartaProgramaMacambira.pdf\">Carta-programa e composi\u00e7\u00e3o da Chapa 1 &#8211; Fortalecendo ra\u00edzes e territ\u00f3rios<\/a><\/p>\n\n\n\n<p><a href=\"https:\/\/drive.google.com\/file\/d\/19KXV6fwVeiyAbf1c323k7nnuP6dV8S9k\/view?usp=sharing\" data-type=\"link\" data-id=\"https:\/\/drive.google.com\/file\/d\/19KXV6fwVeiyAbf1c323k7nnuP6dV8S9k\/view?usp=sharing\">Cronograma de plant\u00f5es da Comiss\u00e3o Regional Eleitoral &#8211; mar\u00e7o 2026<\/a><\/p>\n\n\n\n<p><a href=\"https:\/\/cress-ba.org.br\/wp-content\/uploads\/2026\/03\/Comunicado-de-Calendario-Marco-de-2026.pdf\">Altera\u00e7\u00e3o no Cronograma de plant\u00f5es da Comiss\u00e3o Regional Eleitoral &#8211; mar\u00e7o 2026<\/a><\/p>\n\n\n\n<p><strong>Outros documentos:<\/strong><\/p>\n\n\n\n<p><a href=\"https:\/\/drive.google.com\/file\/d\/1wbUmKwmGQYP2XK9qHCQSBjbpcad8J526\/view?usp=sharing\" data-type=\"link\" data-id=\"https:\/\/drive.google.com\/file\/d\/1wbUmKwmGQYP2XK9qHCQSBjbpcad8J526\/view?usp=sharing\">REGIMENTO INTERNO DOS CRESS 5a REGI\u00c3O &#8211; BAHIA<\/a><\/p>\n\n\n\n<p><a href=\"https:\/\/drive.google.com\/file\/d\/1ttxgKDUU64FhJpgBTcvsWCBPts6DGEfx\/view?usp=sharing\" data-type=\"link\" data-id=\"https:\/\/drive.google.com\/file\/d\/1ttxgKDUU64FhJpgBTcvsWCBPts6DGEfx\/view?usp=sharing\">RESOLU\u00c7\u00c3O CFESS N\u00b0 469\/2005<\/a><\/p>\n\n\n\n<p><strong>Principais datas do processo eleitoral<\/strong>:<\/p>\n\n\n\n<ul class=\"wp-block-list\">\n<li>Posse das novas gest\u00f5es: 15 de maio de 2026<\/li>\n\n\n\n<li>Inscri\u00e7\u00e3o de chapas: de 15\/12\/2025 a 16\/1\/2026<\/li>\n\n\n\n<li>Propaganda eleitoral: a partir de 22\/1\/2026<\/li>\n\n\n\n<li>Vota\u00e7\u00e3o on-line: 17, 18 e 19\/3\/2026<\/li>\n\n\n\n<li>Divulga\u00e7\u00e3o do resultado: 20\/3\/2026<\/li>\n<\/ul>\n\n\n\n<p><strong>Contato da Comiss\u00e3o Regional Eleitoral do CRESS-BA:<\/strong> cre@cress-ba.org.br<\/p>\n\n\n\n<p><strong>Not\u00edcias relacionadas:<\/strong><\/p>\n\n\n\n<blockquote class=\"wp-block-quote is-layout-flow wp-block-quote-is-layout-flow\">\n<p><a href=\"https:\/\/cress-ba.org.br\/?p=2514\">Est\u00e1 aberto o per\u00edodo de inscri\u00e7\u00e3o de chapas para as Elei\u00e7\u00f5es do Conjunto CFESS-CRESS 2026-2029!<\/a><\/p>\n<\/blockquote>\n\n\n\n<figure class=\"wp-block-embed is-type-wp-embed is-provider-cress-ba wp-block-embed-cress-ba\"><div class=\"wp-block-embed__wrapper\">\n<blockquote class=\"wp-embedded-content\" data-secret=\"jyqULsR2uo\"><a href=\"https:\/\/cress-ba.org.br\/?p=2514\">Est\u00e1 aberto o per\u00edodo de inscri\u00e7\u00e3o de chapas para as Elei\u00e7\u00f5es do Conjunto CFESS-CRESS 2026-2029!<\/a><\/blockquote><iframe loading=\"lazy\" class=\"wp-embedded-content\" sandbox=\"allow-scripts\" security=\"restricted\" style=\"position: absolute; visibility: hidden;\" title=\"&#8220;Est\u00e1 aberto o per\u00edodo de inscri\u00e7\u00e3o de chapas para as Elei\u00e7\u00f5es do Conjunto CFESS-CRESS 2026-2029!&#8221; &#8212; CRESS-BA\" src=\"https:\/\/cress-ba.org.br\/?p=2514&#038;embed=true#?secret=dovV9WRSjj#?secret=jyqULsR2uo\" data-secret=\"jyqULsR2uo\" width=\"500\" height=\"282\" frameborder=\"0\" marginwidth=\"0\" marginheight=\"0\" scrolling=\"no\"><\/iframe>\n<\/div><\/figure>\n\n\n\n<blockquote class=\"wp-block-quote is-layout-flow wp-block-quote-is-layout-flow\">\n<p><a href=\"https:\/\/cress-ba.org.br\/?p=2172\">V\u00eam a\u00ed as elei\u00e7\u00f5es do Conjunto CFESS-CRESS e voc\u00ea faz parte desse processo<\/a><\/p>\n<\/blockquote>\n\n\n\n<p><a href=\"https:\/\/cress-ba.org.br\/?p=2514\" data-type=\"link\" data-id=\"https:\/\/cress-ba.org.br\/?p=2514\">Est\u00e1 aberto o per\u00edodo de inscri\u00e7\u00e3o de chapas para as Elei\u00e7\u00f5es do Conjunto CFESS-CRESS 2026-2029!<\/a><\/p>\n\n\n\n<p><a href=\"https:\/\/cress-ba.org.br\/?p=2656\" data-type=\"link\" data-id=\"https:\/\/cress-ba.org.br\/?p=2656\">CRESS-BA divulga 1\u00aa Lista de Aptos(as) a Votar para as elei\u00e7\u00f5es 2026\u20132029<\/a><\/p>\n\n\n\n<p><a href=\"https:\/\/cress-ba.org.br\/?p=2726\" data-type=\"link\" data-id=\"https:\/\/cress-ba.org.br\/?p=2726\">Comiss\u00e3o Eleitoral defere inscri\u00e7\u00e3o de chapa \u00fanica para as Elei\u00e7\u00f5es CFESS-CRESS 2026\u20132029<\/a><\/p>\n\n\n\n<p><a href=\"https:\/\/cress-ba.org.br\/?p=2699\" data-type=\"link\" data-id=\"https:\/\/cress-ba.org.br\/?p=2699\">Comiss\u00e3o Eleitoral informa in\u00edcio da propaganda eleitoral do Processo CFESS-CRESS 2026\u20132029<\/a><\/p>\n\n\n\n<p><\/p>\n","protected":false},"excerpt":{"rendered":"<p>Site de vota\u00e7\u00e3o:\u00a0www.votaassistentesocial.com.br\u00a0 Documentos das elei\u00e7\u00f5es: Edital de convoca\u00e7\u00e3o geral para o processo eleitoral do Conjunto CFESS-CRESS tri\u00eanio 2026-2029 e calend\u00e1rio eleitoral C\u00f3digo Eleitoral \u2013 Resolu\u00e7\u00e3o CFESS n\u00ba 1.117\/2025 (acesse aqui) Composi\u00e7\u00e3o da Comiss\u00e3o Regional Eleitoral do CRESS-BA Cronograma de plant\u00f5es da Comiss\u00e3o Regional Eleitoral \u2013 dezembro de 2025 Cronograma de plant\u00f5es da Comiss\u00e3o Regional [&hellip;]<\/p>\n","protected":false},"author":2,"featured_media":0,"parent":0,"menu_order":0,"comment_status":"closed","ping_status":"closed","template":"","meta":{"footnotes":""},"class_list":["post-2529","page","type-page","status-publish","hentry"],"_links":{"self":[{"href":"https:\/\/cress-ba.org.br\/index.php?rest_route=\/wp\/v2\/pages\/2529","targetHints":{"allow":["GET"]}}],"collection":[{"href":"https:\/\/cress-ba.org.br\/index.php?rest_route=\/wp\/v2\/pages"}],"about":[{"href":"https:\/\/cress-ba.org.br\/index.php?rest_route=\/wp\/v2\/types\/page"}],"author":[{"embeddable":true,"href":"https:\/\/cress-ba.org.br\/index.php?rest_route=\/wp\/v2\/users\/2"}],"replies":[{"embeddable":true,"href":"https:\/\/cress-ba.org.br\/index.php?rest_route=%2Fwp%2Fv2%2Fcomments&post=2529"}],"version-history":[{"count":25,"href":"https:\/\/cress-ba.org.br\/index.php?rest_route=\/wp\/v2\/pages\/2529\/revisions"}],"predecessor-version":[{"id":3825,"href":"https:\/\/cress-ba.org.br\/index.php?rest_route=\/wp\/v2\/pages\/2529\/revisions\/3825"}],"wp:attachment":[{"href":"https:\/\/cress-ba.org.br\/index.php?rest_route=%2Fwp%2Fv2%2Fmedia&parent=2529"}],"curies":[{"name":"wp","href":"https:\/\/api.w.org\/{rel}","templated":true}]}}