{"id":2585,"date":"2026-01-05T13:47:26","date_gmt":"2026-01-05T16:47:26","guid":{"rendered":"https:\/\/cress-ba.org.br\/?page_id=2585"},"modified":"2026-02-10T17:10:16","modified_gmt":"2026-02-10T20:10:16","slug":"denuncia-fiscalizacao","status":"publish","type":"page","link":"https:\/\/cress-ba.org.br\/?page_id=2585","title":{"rendered":"Den\u00fancia \u00e0 fiscaliza\u00e7\u00e3o"},"content":{"rendered":"\n<p>Em casos de desrespeito, por parte de profissionais de Servi\u00e7o Social e\/ou institui\u00e7\u00f5es, \u00e0s legisla\u00e7\u00f5es e normas t\u00e9cnicas previstas pelo Conjunto CFESS\/CRESS, \u00e9 poss\u00edvel e recomend\u00e1vel que se fa\u00e7a uma den\u00fancia das irregularidades encontradas ao Setor de Orienta\u00e7\u00e3o e Fiscaliza\u00e7\u00e3o do CRESS.<\/p>\n\n\n\n<p>Para identificar essas irregularidades, \u00e9 fundamental, primeiramente, ter conhecimento das\u00a0<a href=\"https:\/\/www.cfess.org.br\/legislacao\">legisla\u00e7\u00f5es da profiss\u00e3o<\/a> e das <a href=\"https:\/\/cress-ba.org.br\/?page_id=476\">normas t\u00e9cnicas <\/a>emitidas pelo CRESS-BA.<\/p>\n\n\n\n<p>Ap\u00f3s confirmar a irregularidade, a(o) denunciante precisa reunir o maior n\u00famero de informa\u00e7\u00f5es precisas, com o maior detalhamento poss\u00edvel. A den\u00fancia pode ser feita atrav\u00e9s de e-mail, telefone ou presencialmente, preferencialmente por agendamento diretamente com o setor. A identidade do autor da den\u00fancia ser\u00e1 resguardada e mantida em sigilo.<\/p>\n\n\n\n<p>E-mail: fiscalizacao@cress-ba.org.br<\/p>\n\n\n\n<p>Telefone: (71)3322-0421<\/p>\n","protected":false},"excerpt":{"rendered":"<p>Em casos de desrespeito, por parte de profissionais de Servi\u00e7o Social e\/ou institui\u00e7\u00f5es, \u00e0s legisla\u00e7\u00f5es e normas t\u00e9cnicas previstas pelo Conjunto CFESS\/CRESS, \u00e9 poss\u00edvel e recomend\u00e1vel que se fa\u00e7a uma den\u00fancia das irregularidades encontradas ao Setor de Orienta\u00e7\u00e3o e Fiscaliza\u00e7\u00e3o do CRESS. Para identificar essas irregularidades, \u00e9 fundamental, primeiramente, ter conhecimento das\u00a0legisla\u00e7\u00f5es da profiss\u00e3o e [&hellip;]<\/p>\n","protected":false},"author":2,"featured_media":0,"parent":0,"menu_order":0,"comment_status":"closed","ping_status":"closed","template":"","meta":{"footnotes":""},"class_list":["post-2585","page","type-page","status-publish","hentry"],"_hostinger_reach_plugin_has_subscription_block":false,"_hostinger_reach_plugin_is_elementor":false,"_links":{"self":[{"href":"https:\/\/cress-ba.org.br\/index.php?rest_route=\/wp\/v2\/pages\/2585","targetHints":{"allow":["GET"]}}],"collection":[{"href":"https:\/\/cress-ba.org.br\/index.php?rest_route=\/wp\/v2\/pages"}],"about":[{"href":"https:\/\/cress-ba.org.br\/index.php?rest_route=\/wp\/v2\/types\/page"}],"author":[{"embeddable":true,"href":"https:\/\/cress-ba.org.br\/index.php?rest_route=\/wp\/v2\/users\/2"}],"replies":[{"embeddable":true,"href":"https:\/\/cress-ba.org.br\/index.php?rest_route=%2Fwp%2Fv2%2Fcomments&post=2585"}],"version-history":[{"count":3,"href":"https:\/\/cress-ba.org.br\/index.php?rest_route=\/wp\/v2\/pages\/2585\/revisions"}],"predecessor-version":[{"id":3464,"href":"https:\/\/cress-ba.org.br\/index.php?rest_route=\/wp\/v2\/pages\/2585\/revisions\/3464"}],"wp:attachment":[{"href":"https:\/\/cress-ba.org.br\/index.php?rest_route=%2Fwp%2Fv2%2Fmedia&parent=2585"}],"curies":[{"name":"wp","href":"https:\/\/api.w.org\/{rel}","templated":true}]}}