{"id":271,"date":"2025-10-31T01:41:57","date_gmt":"2025-10-31T04:41:57","guid":{"rendered":"https:\/\/sitesf2j.com.br\/cress\/?page_id=271"},"modified":"2025-11-04T13:15:01","modified_gmt":"2025-11-04T16:15:01","slug":"sobre-o-cress","status":"publish","type":"page","link":"https:\/\/cress-ba.org.br\/?page_id=271","title":{"rendered":"SOBRE O CRESS"},"content":{"rendered":"\n<p>O Conselho Regional de Servi\u00e7o Social da 5\u00aa Regi\u00e3o &#8211; Bahia, criado pela Lei Federal n\u00ba 8.662, de 07 de junho de 1993, integrante do Conjunto CFESS\/CRESS, \u00e9 autarquia federal dotada de autonomia administrativa e financeira e destinada, basicamente, \u00e0 orienta\u00e7\u00e3o, \u00e0 disciplina, \u00e0 defesa e \u00e0 fiscaliza\u00e7\u00e3o do exerc\u00edcio profissional de Assistentes Sociais no estado da Bahia.<\/p>\n\n\n\n<p>Desta maneira, o CRESS 5\u00aa Regi\u00e3o \u2013 Bahia, para embasar, implementar e efetivar a fiscaliza\u00e7\u00e3o do exerc\u00edcio profissional utiliza, de modo sistem\u00e1tico e como base referencial, os instrumentos normativos em vigor, tais como: a Lei de Regulamenta\u00e7\u00e3o, o C\u00f3digo de \u00c9tica do\/a Assistente Social, o Estatuto do Conjunto CFESS\/CRESS, o Regimento Interno do Cress 5\u00aa Regi\u00e3o &#8211; Bahia, a Pol\u00edtica Nacional de Fiscaliza\u00e7\u00e3o, o C\u00f3digo Processual de \u00c9tica do\/a Assistente Social, o C\u00f3digo Eleitoral do Conjunto CFESS\/CRESS, al\u00e9m das resolu\u00e7\u00f5es editadas e publicadas pelo Conselho Federal de Servi\u00e7o Social e as delibera\u00e7\u00f5es do Encontros Nacionais do Conjunto CFESS\/CRESS, colocando, assim, \u00e0 disposi\u00e7\u00e3o das\/os profissionais Assistentes Sociais e dos\/as usu\u00e1rios\/as dos servi\u00e7os uma atua\u00e7\u00e3o \u00e9tica, comprometida e tecnicamente qualificada.<\/p>\n\n\n\n<p><strong>Ao CRESS 5\u00aa Regi\u00e3o \u2013 Bahia compete:<br><\/strong>01 &#8211; Orientar, disciplinar e fiscalizar o exerc\u00edcio da profiss\u00e3o em \u00e1rea de sua jurisdi\u00e7\u00e3o;<br>02 &#8211; Zelar pelo livre exerc\u00edcio da profiss\u00e3o de assistente social;<br>03 &#8211; Organizar e manter o registro profissional expedindo seu respectivo t\u00edtulo;<br>04 &#8211; Zelar pela observ\u00e2ncia do C\u00f3digo de \u00c9tica Profissional, funcionando como Tribunal Regional de \u00c9tica Profissional;<br>05 &#8211; Impor as san\u00e7\u00f5es previstas no C\u00f3digo de \u00c9tica Profissional;<br>06 &#8211; Cumprir as Resolu\u00e7\u00f5es e Instru\u00e7\u00f5es do CFESS.<\/p>\n\n\n\n<p><strong>MISS\u00c3O<br><\/strong>Garantir o exerc\u00edcio legal da profiss\u00e3o na perspectiva da efetiva\u00e7\u00e3o do processo \u00e9tico-pol\u00edtico do servi\u00e7o social perante a categoria, os usu\u00e1rios e a sociedade.<\/p>\n\n\n\n<p><strong>VIS\u00c3O<br><\/strong>Ser incorporada no cotidiano do Assistente Social e refer\u00eancia na luta pela efetiva\u00e7\u00e3o dos direitos, com forte visibilidade na sociedade.<\/p>\n","protected":false},"excerpt":{"rendered":"<p>O Conselho Regional de Servi\u00e7o Social da 5\u00aa Regi\u00e3o &#8211; Bahia, criado pela Lei Federal n\u00ba 8.662, de 07 de junho de 1993, integrante do Conjunto CFESS\/CRESS, \u00e9 autarquia federal dotada de autonomia administrativa e financeira e destinada, basicamente, \u00e0 orienta\u00e7\u00e3o, \u00e0 disciplina, \u00e0 defesa e \u00e0 fiscaliza\u00e7\u00e3o do exerc\u00edcio profissional de Assistentes Sociais no [&hellip;]<\/p>\n","protected":false},"author":1,"featured_media":0,"parent":0,"menu_order":0,"comment_status":"closed","ping_status":"closed","template":"","meta":{"footnotes":""},"class_list":["post-271","page","type-page","status-publish","hentry"],"_hostinger_reach_plugin_has_subscription_block":false,"_hostinger_reach_plugin_is_elementor":false,"_links":{"self":[{"href":"https:\/\/cress-ba.org.br\/index.php?rest_route=\/wp\/v2\/pages\/271","targetHints":{"allow":["GET"]}}],"collection":[{"href":"https:\/\/cress-ba.org.br\/index.php?rest_route=\/wp\/v2\/pages"}],"about":[{"href":"https:\/\/cress-ba.org.br\/index.php?rest_route=\/wp\/v2\/types\/page"}],"author":[{"embeddable":true,"href":"https:\/\/cress-ba.org.br\/index.php?rest_route=\/wp\/v2\/users\/1"}],"replies":[{"embeddable":true,"href":"https:\/\/cress-ba.org.br\/index.php?rest_route=%2Fwp%2Fv2%2Fcomments&post=271"}],"version-history":[{"count":9,"href":"https:\/\/cress-ba.org.br\/index.php?rest_route=\/wp\/v2\/pages\/271\/revisions"}],"predecessor-version":[{"id":462,"href":"https:\/\/cress-ba.org.br\/index.php?rest_route=\/wp\/v2\/pages\/271\/revisions\/462"}],"wp:attachment":[{"href":"https:\/\/cress-ba.org.br\/index.php?rest_route=%2Fwp%2Fv2%2Fmedia&parent=271"}],"curies":[{"name":"wp","href":"https:\/\/api.w.org\/{rel}","templated":true}]}}