{"id":2742,"date":"2026-01-27T09:07:06","date_gmt":"2026-01-27T12:07:06","guid":{"rendered":"http:\/\/localhost:8083\/?page_id=2742"},"modified":"2026-01-27T14:29:27","modified_gmt":"2026-01-27T17:29:27","slug":"decisoes-2","status":"publish","type":"page","link":"https:\/\/cress-ba.org.br\/?page_id=2742","title":{"rendered":"Decis\u00f5es"},"content":{"rendered":"\n<p>As decis\u00f5es s\u00e3o atos internos emanados &#8220;ad referendum&#8221; do Conselho Pleno pelo\/a Conselheiro\/a Presidente\/a, de acordo com o disposto no artigo 21, inciso XV, e no artigo 26, inciso VI, todos do Regimento Interno da Autarquia, e destinados aos seus subordinados, expedindo determina\u00e7\u00f5es gerais ou especiais, notadamente, para regulamentar processos de trabalho.<a href=\"http:\/\/localhost:8080\/publicacoes\/decisoes#collapse0\"><\/a><\/p>\n\n\n\n<details class=\"wp-block-details is-layout-flow wp-block-details-is-layout-flow\"><summary>2022<\/summary>\n<p><a target=\"_blank\" href=\"https:\/\/cress-ba.org.br\/wp-content\/uploads\/2026\/01\/DECISC383O_CRESS_5C2AA_REGIC383O_NC2BA002-2022_REFIS-5.pdf\" rel=\"noreferrer noopener\">DECIS\u00c3O CRESS 5\u00aa REGI\u00c3O N\u00ba002, DE 08 DE SETEMBRO DE 2022.&nbsp;(PDF)&nbsp;(XLS)&nbsp;(DOC)<\/a><\/p>\n\n\n\n<p>Decide, ad referendum do Conselho Pleno, Revogar a Resolu\u00e7\u00e3o CRESS 5\u00aa regi\u00e3o, n\u00b00007\/2021, de 17 de agosto de 2021, no \u00e2mbito do Conselho Regional de Servi\u00e7o Social Bahia, e d\u00e1 outras provid\u00eancias.&nbsp;<\/p>\n\n\n\n<h4 class=\"wp-block-heading\"><a target=\"_blank\" href=\"https:\/\/cress-ba.org.br\/wp-content\/uploads\/2026\/01\/DECISC383O_CRESS_5C2AA_REGIC383O_NC2BA_001_DE_03_DE_FEVEREIRO_DE_2022__ASSINADO-5.pdf\" rel=\"noreferrer noopener\">DECIS\u00c3O CRESS 5\u00aa REGI\u00c3O N\u00ba001, DE 03 DE FEVEREIRO DE 2022.&nbsp;(PDF)&nbsp;(XLS)&nbsp;(DOC)<\/a><\/h4>\n\n\n\n<p>Decide Postergar os efeitos da delibera\u00e7\u00e3o da reuni\u00e3o ordin\u00e1ria n\u00ba 001\/2022 do Conselho Pleno, realizada em 14 de janeiro de 2022, ponto de pauta, exonera\u00e7\u00e3o da ASLIC, at\u00e9 que seja realizado processo para substitui\u00e7\u00e3o do assessor.<\/p>\n<\/details>\n\n\n\n<details class=\"wp-block-details is-layout-flow wp-block-details-is-layout-flow\"><summary>2021<\/summary>\n<p><a target=\"_blank\" href=\"http:\/\/localhost:8080\/ckfinder\/userfiles\/files\/DECIS%C3%83O_CRESS_5%C2%AA_REGI%C3%83O_N%C2%BA010,_DE_23_DE_DEZEMBRO_DE_2021.pdf\" rel=\"noreferrer noopener\">DECIS\u00c3O CRESS 5\u00aa REGI\u00c3O N\u00ba010, DE 23 DE DEZEMBRO DE 2021.&nbsp;(PDF)&nbsp;(XLS)&nbsp;(DOC)<\/a><\/p>\n\n\n\n<p>Decide, ad referendum do Conselho Pleno, Alterar a Resolu\u00e7\u00e3o Cress 5\u00aa Regi\u00e3o n\u00ba008\/2020 que disp\u00f5e sobre o ressarcimento de despesas, concess\u00e3o de di\u00e1ria e passagens a conselheiros, funcion\u00e1rios, assessores e membros de comiss\u00f5es e demais assistentes sociais designados oficialmente pelo Conselho Regional de Servi\u00e7o Social da 5\u00aa Regi\u00e3o \u2013 Bahia e d\u00e1 outras provid\u00eancias.<\/p>\n\n\n\n<h4 class=\"wp-block-heading\"><a target=\"_blank\" href=\"https:\/\/cress-ba.org.br\/wp-content\/uploads\/2026\/01\/DECISC383O_CRESS_5C2AA_REGIC383O_NC2BA_009_DE_20_DE_DEZEMBRO_DE_2021-1.pdf\" rel=\"noreferrer noopener\">DECIS\u00c3O CRESS 5\u00aa REGI\u00c3O N\u00ba 009, DE 20 DE DEZEMBRO DE 2021.&nbsp;(PDF)&nbsp;(XLS)&nbsp;(DOC)<\/a><\/h4>\n\n\n\n<p>Decide. ad referendum do Conselho do pleno, solicitar dos servidores, assessores, estagi\u00e1rios, diretores e prestadores de servi\u00e7os, a apresenta\u00e7\u00e3o da carteira de vacina\u00e7\u00e3o para a COVID-19<\/p>\n\n\n\n<h4 class=\"wp-block-heading\"><a target=\"_blank\" href=\"http:\/\/localhost:8080\/ckfinder\/userfiles\/files\/DEC-2021-02_Decide_ad_referendum_do_Conselho_Pleno_suspender_a_Resolu%C3%A7%C3%A3o_CRESS-5%C2%AA_regi%C3%A3o-n%C2%B00007-2021-assinado.pdf\" rel=\"noreferrer noopener\">DECIS\u00c3O CRESS-BA N\u00ba002-2021&nbsp;(PDF)&nbsp;(XLS)&nbsp;(DOC)<\/a><\/h4>\n\n\n\n<p>Decide, ad referendum do Conselho Pleno, suspender a Resolu\u00e7\u00e3o CRESS 5\u00aa regi\u00e3o, n\u00b00007\/2021, de 17 de agosto de 2021, no \u00e2mbito do Conselho Regional de Servi\u00e7o Social Bahia, e d\u00e1 outras provid\u00eancias.<\/p>\n\n\n\n<h4 class=\"wp-block-heading\"><a target=\"_blank\" href=\"https:\/\/cress-ba.org.br\/wp-content\/uploads\/2026\/01\/DEC-2021-01_ATUALIZA_A_DECISAO_N014-2020_E_INSTITUI_E_REGULAMENTA_A_CERTIDAO_DE_DC389BITO2-1.pdf\" rel=\"noreferrer noopener\">DECIS\u00c3O CRESS-BA N\u00ba001-2021&nbsp;(PDF)&nbsp;(XLS)&nbsp;(DOC)<\/a><\/h4>\n\n\n\n<p>Decide, ad referendum do Conselho Pleno, atualizar a Decis\u00e3o Cress 5\u00aa Regi\u00e3o n\u00ba014, de 13 de agosto de 2020, instituir e regulamentar a emiss\u00e3o da Certid\u00e3o de Regularidade Fiscal, no \u00e2mbito do Conselho Regional de Servi\u00e7o Social da 5\u00aa Regi\u00e3o \u2013 Bahia, e d\u00e1 outras provid\u00eancias.<\/p>\n<\/details>\n\n\n\n<details class=\"wp-block-details is-layout-flow wp-block-details-is-layout-flow\"><summary>2020<\/summary>\n<p><a target=\"_blank\" href=\"https:\/\/cress-ba.org.br\/wp-content\/uploads\/2026\/01\/ERRATA_DA_DECISAO_CRESS-BA_NC2BA013-2020_D4Sign-1.pdf\" rel=\"noreferrer noopener\">ERRATA DA DECIS\u00c3O CRESS-BA N\u00ba013-2020&nbsp;(PDF)&nbsp;(XLS)&nbsp;(DOC)<\/a><\/p>\n\n\n\n<p>Errata \u00e0 Decis\u00e3o Cress 5\u00aa Regi\u00e3o n\u00ba013, de 06 de agosto de 2020, que instituiu, excepcionalmente durante a Pandemia, turnos de funcionamento da sede do Conselho Regional de Servi\u00e7o Social da 5\u00aa Regi\u00e3o \u2013 Bahia, e d\u00e1 outras provid\u00eancias.<\/p>\n\n\n\n<h4 class=\"wp-block-heading\"><a target=\"_blank\" href=\"https:\/\/cress-ba.org.br\/wp-content\/uploads\/2026\/01\/DECISAO_CRESS-BA_NC2BA021-2020_-_ALTERAR_A_DECISAO_CRESS_5C2AA_REGIC383O_NC2BA013-2020_D4Sign-1.pdf\" rel=\"noreferrer noopener\">DECIS\u00c3O CRESS-BA N\u00ba021-2020&nbsp;(PDF)&nbsp;(XLS)&nbsp;(DOC)<\/a><\/h4>\n\n\n\n<p>ALTERAR A DECIS\u00c3O CRESS 5\u00aa REGI\u00c3O N\u00ba013-2020<\/p>\n\n\n\n<h4 class=\"wp-block-heading\"><a href=\"https:\/\/cress-ba.org.br\/wp-content\/uploads\/2026\/01\/DECISAO_CRESS-BA_N\u0437020-2020_-_ALTERAR_O_ARTIGO_9\u0437_DA_DECISAO_CRESS_5\u0436_REGI\u255fO_N\u0437008-2020_D4Sign.pdf\" data-type=\"link\" data-id=\"https:\/\/cress-ba.org.br\/wp-content\/uploads\/2026\/01\/DECISAO_CRESS-BA_N\u0437020-2020_-_ALTERAR_O_ARTIGO_9\u0437_DA_DECISAO_CRESS_5\u0436_REGI\u255fO_N\u0437008-2020_D4Sign.pdf\" target=\"_blank\" rel=\"noreferrer noopener\">DECIS\u00c3O CRESS-BA N\u00ba020-2020\u00a0(PDF)\u00a0(XLS)\u00a0(DOC)<\/a><\/h4>\n\n\n\n<p>ALTERAR O ARTIGO 9\u00ba DA DECIS\u00c3O CRESS 5\u00aa REGI\u00c3O N\u00ba008-2020<\/p>\n\n\n\n<h4 class=\"wp-block-heading\"><a target=\"_blank\" href=\"https:\/\/cress-ba.org.br\/wp-content\/uploads\/2026\/01\/DECISAO_CRESS-BA_NC2BA019-2020_-_ALTERAR_A_DECISAO_NC2BA016-2020_D4Sign-1.pdf\" rel=\"noreferrer noopener\">DECIS\u00c3O CRESS-BA N\u00ba019-2020&nbsp;(PDF)&nbsp;(XLS)&nbsp;(DOC)<\/a><\/h4>\n\n\n\n<p>ALTERAR A DECIS\u00c3O N\u00ba016-2020<\/p>\n\n\n\n<h4 class=\"wp-block-heading\"><a target=\"_blank\" href=\"https:\/\/cress-ba.org.br\/wp-content\/uploads\/2026\/01\/DECISAO_CRESS-BA_N018-2020_-_DEFERE_O_PEDIDO_DE_DESINCOMPATIBILIZACAO_DE_SILVANA_MELO_DA_SILVA_D4Sign1-1.pdf\" rel=\"noreferrer noopener\">DECISAO CRESS-BA N018-2020&nbsp;(PDF)&nbsp;(XLS)&nbsp;(DOC)<\/a><\/h4>\n\n\n\n<p>DEFERE O PEDIDO DE DESINCOMPATIBILIZACAO DE SILVANA MELO DA SILVA<\/p>\n\n\n\n<h4 class=\"wp-block-heading\"><a target=\"_blank\" href=\"https:\/\/cress-ba.org.br\/wp-content\/uploads\/2026\/01\/DECISAO_CRESS-BA_N017-2020_-_DEFERE_O_PEDIDO_DE_DESINCOMPATIBILIZACAO_DE_RAFAELA_MATTOS_SILVA_REIS_D4Sign1-1.pdf\" rel=\"noreferrer noopener\">DECISAO CRESS-BA N017-2020&nbsp;(PDF)&nbsp;(XLS)&nbsp;(DOC)<\/a><\/h4>\n\n\n\n<p>DEFERE O PEDIDO DE DESINCOMPATIBILIZACAO DE RAFAELA MATTOS SILVA REIS<\/p>\n\n\n\n<h4 class=\"wp-block-heading\"><a target=\"_blank\" href=\"https:\/\/cress-ba.org.br\/wp-content\/uploads\/2026\/01\/DECISAO_CRESS-BA_N016-2020_-_ANEXO_I_-_ANEXO_II-1.pdf\" rel=\"noreferrer noopener\">DECISAO CRESS-BA N016-2020&nbsp;(PDF)&nbsp;(XLS)&nbsp;(DOC)<\/a><\/h4>\n\n\n\n<p>&nbsp;REGULAMENTA A EMISSAO DE CERTIDAO DISCIPLINAR E ETICA.<\/p>\n\n\n\n<h4 class=\"wp-block-heading\"><a target=\"_blank\" href=\"https:\/\/cress-ba.org.br\/wp-content\/uploads\/2026\/01\/DECISAO_CRESS-BA_N015-2020_-_DETERMINAR_A_ADMINISTRADORA_QUE_APRESENTE_DOCUMENTOS_QUE_DETERMINAM_JORNADA_PARCIAL1-1.pdf\" rel=\"noreferrer noopener\">DECISAO CRESS-BA N015-2020&nbsp;(PDF)&nbsp;(XLS)&nbsp;(DOC)<\/a><\/h4>\n\n\n\n<p>DETERMINAR A ADMINISTRADORA QUE APRESENTE DOCUMENTOS QUE DETERMINAM JORNADA PARCIAL<\/p>\n\n\n\n<h4 class=\"wp-block-heading\"><a target=\"_blank\" href=\"https:\/\/cress-ba.org.br\/wp-content\/uploads\/2026\/01\/DECISAO_CRESS-BA_N014-2020_-_REVOGA_A_DECISAO_N006-2020_E_INSTITUI_E_REGULAMENTA_A_CERTIDAO_DE_REGULARIDADE_FISCAL1-1.pdf\" rel=\"noreferrer noopener\">DECISAO CRESS-BA N014-2020&nbsp;(PDF)&nbsp;(XLS)&nbsp;(DOC)<\/a><\/h4>\n\n\n\n<p>REVOGA A DECISAO N006-2020 E INSTITUI E REGULAMENTA A CERTIDAO DE REGULARIDADE FISCAL<\/p>\n\n\n\n<h4 class=\"wp-block-heading\"><a target=\"_blank\" href=\"https:\/\/cress-ba.org.br\/wp-content\/uploads\/2026\/01\/DECISAO_CRESS-BA_N013-2020_-_INSTITUIR_TURNOS_DE_TRABALHO_DURANTE_A_PANDEMIA_-_D4Sign1-1.pdf\" rel=\"noreferrer noopener\">DECISAO CRESS-BA N013-2020&nbsp;(PDF)&nbsp;(XLS)&nbsp;(DOC)<\/a><\/h4>\n\n\n\n<p>INSTITUIR TURNOS DE TRABALHO DURANTE A PANDEMIA<\/p>\n\n\n\n<h4 class=\"wp-block-heading\"><a target=\"_blank\" href=\"https:\/\/cress-ba.org.br\/wp-content\/uploads\/2026\/01\/DECISAO_CRESS-BA_N012-2020_-_INSTITUIR_O_MANUAL_DE_NORMAS_E_PROCEDIMENTOS_A_MELHORIA_DA_COMUNICACAO_-_D4Sign1-1.pdf\" rel=\"noreferrer noopener\">DECISAO CRESS-BA N012-2020&nbsp;(PDF)&nbsp;(XLS)&nbsp;(DOC)<\/a><\/h4>\n\n\n\n<p>INSTITUIR O MANUAL DE NORMAS E PROCEDIMENTOS A MELHORIA DA COMUNICACAO<\/p>\n\n\n\n<h4 class=\"wp-block-heading\"><a target=\"_blank\" href=\"https:\/\/cress-ba.org.br\/wp-content\/uploads\/2026\/01\/DECISAO_CRESS-BA_N011-2020_-_INSTITUIR_OS_FORMULARIOS_DE_DENUNCIA_ETICA_DISCIPLINAR_E_DE_DESAGRAVO_-_D4Sign1-1.pdf\" rel=\"noreferrer noopener\">DECISAO CRESS-BA N011-2020&nbsp;(PDF)&nbsp;(XLS)&nbsp;(DOC)<\/a><\/h4>\n\n\n\n<p>INSTITUIR OS FORMULARIOS DE DENUNCIA ETICA, DISCIPLINAR E DE DESAGRAVO<\/p>\n\n\n\n<h4 class=\"wp-block-heading\"><a target=\"_blank\" href=\"https:\/\/cress-ba.org.br\/wp-content\/uploads\/2026\/01\/DECISAO_CRESS-BA_N010-2020_-_REGULAMENTAR_AS_ROTINAS_PARA_GUARDA_E_MOVIMENTACAO_DE_BENS_PATRIMO_-_D4Sign1-1.pdf\" rel=\"noreferrer noopener\">DECISAO CRESS-BA N010-2020&nbsp;(PDF)&nbsp;(XLS)&nbsp;(DOC)<\/a><\/h4>\n\n\n\n<p>REGULAMENTAR AS ROTINAS PARA GUARDA E MOVIMENTACAO DE BENS PATRIMO&nbsp;<\/p>\n\n\n\n<h4 class=\"wp-block-heading\"><a target=\"_blank\" href=\"https:\/\/cress-ba.org.br\/wp-content\/uploads\/2026\/01\/DECISAO_CRESS-BA_N009-2020_-_REGULAMENTAR_O_USO_DO_SPARK_-_D4Sign1-1.pdf\" rel=\"noreferrer noopener\">DECISAO CRESS-BA N009-2020&nbsp;(PDF)&nbsp;(XLS)&nbsp;(DOC)<\/a><\/h4>\n\n\n\n<p>&nbsp;REGULAMENTAR O USO DO SPARK<\/p>\n\n\n\n<h4 class=\"wp-block-heading\"><a target=\"_blank\" href=\"https:\/\/cress-ba.org.br\/wp-content\/uploads\/2026\/01\/DECISAO_CRESS-BA_N008-2020_-_REGULAMENTAR_O_ARTIGO_15_DO_REGIMENTO_INTERNO_DO_CRESS_BAHIA_-_D4Sign1-1.pdf\" rel=\"noreferrer noopener\">DECISAO CRESS-BA N008-2020&nbsp;(PDF)&nbsp;(XLS)&nbsp;(DOC)<\/a><\/h4>\n\n\n\n<p>REGULAMENTAR O ARTIGO 15 DO REGIMENTO INTERNO DO CRESS BAHIA<\/p>\n\n\n\n<h4 class=\"wp-block-heading\"><a target=\"_blank\" href=\"https:\/\/cress-ba.org.br\/wp-content\/uploads\/2026\/01\/DECISAO_CRESS-BA_N007-2020_-_INSTITUIR_E_REGULAMENTAR_O_REGIME_DE_TRABALHO_EXTRAORDINARIO_-_D4Sign1-1.pdf\" rel=\"noreferrer noopener\">DECISAO CRESS-BA N007-2020&nbsp;(PDF)&nbsp;(XLS)&nbsp;(DOC)<\/a><\/h4>\n\n\n\n<p>INSTITUIR E REGULAMENTAR O REGIME DE TRABALHO EXTRAORDINARIO<\/p>\n\n\n\n<h4 class=\"wp-block-heading\"><a target=\"_blank\" href=\"https:\/\/cress-ba.org.br\/wp-content\/uploads\/2026\/01\/DECISAO20CRESS-BA20N006-202020-20INSTITUIR20E20REGULAMENTAR20A20CERTIDAO20DE20REGULARIDADE20FISCAL-1.docx\" rel=\"noreferrer noopener\">DECISAO CRESS-BA N006-2020&nbsp;(PDF)&nbsp;(XLS)&nbsp;(DOC)<\/a><\/h4>\n\n\n\n<p>DECISAO CRESS-BA N006-2020 &#8211; INSTITUIR E REGULAMENTAR A CERTIDAO DE REGULARIDADE FISCAL.<\/p>\n\n\n\n<h4 class=\"wp-block-heading\"><a target=\"_blank\" href=\"https:\/\/cress-ba.org.br\/wp-content\/uploads\/2026\/01\/DECISAO20CRESS-BA20N005-202020-20ORIENTAR20OS20TRABALHADORES20A20AGENDAR20CONSULTAS20MEDICAS20EM20HORARIOS20DIVERSOS20DE20TRABALHO-1.docx\" rel=\"noreferrer noopener\">DECISAO CRESS-BA N005-2020&nbsp;(PDF)&nbsp;(XLS)&nbsp;(DOC)<\/a><\/h4>\n\n\n\n<p>DECISAO CRESS-BA N005-2020 &#8211; ORIENTAR OS TRABALHADORES A AGENDAR CONSULTAS MEDICAS EM HORARIOS DIVERSOS DE TRABALHO.<\/p>\n\n\n\n<h4 class=\"wp-block-heading\"><a target=\"_blank\" href=\"https:\/\/cress-ba.org.br\/wp-content\/uploads\/2026\/01\/DECISAO20CRESS-BA20N004-202020-20DETERMINAR20A20ATUALIZACAO20DA20PASTA20FUNCIONAL20NA20AUTARQUIA-1.docx\" rel=\"noreferrer noopener\">DECISAO CRESS-BA N004-2020&nbsp;(PDF)&nbsp;(XLS)&nbsp;(DOC)<\/a><\/h4>\n\n\n\n<p>DECISAO CRESS-BA N004-2020 &#8211; DETERMINAR A ATUALIZACAO DA PASTA FUNCIONAL NA AUTARQUIA.<\/p>\n\n\n\n<h4 class=\"wp-block-heading\"><a target=\"_blank\" href=\"https:\/\/cress-ba.org.br\/wp-content\/uploads\/2026\/01\/DECISAO20CRESS-BA20N002-202020-20INSTITUIR20O20MAPA20DE20ATIVIDADES20PARA20O20REGIME20DE20TELETRABALHO-1.docx\" rel=\"noreferrer noopener\">DECISAO CRESS-BA N002-2020&nbsp;(PDF)&nbsp;(XLS)&nbsp;(DOC)<\/a><\/h4>\n\n\n\n<p>DECISAO CRESS-BA N002-2020 &#8211; INSTITUIR O MAPA DE ATIVIDADES PARA O REGIME DE TELETRABALHO<\/p>\n\n\n\n<h4 class=\"wp-block-heading\"><a target=\"_blank\" href=\"https:\/\/cress-ba.org.br\/wp-content\/uploads\/2026\/01\/DECISAO20CRESS-BA20N001-202020-20ALTERAR20A20ORGANIZACAO20DA20ADMINISTRACAO2C20ANUIDADE20E20REGISTRO-1.docx\" rel=\"noreferrer noopener\">DECISAO CRESS-BA N001-2020&nbsp;(PDF)&nbsp;(XLS)&nbsp;(DOC)<\/a><\/h4>\n\n\n\n<p>DECIS\u00c3O CRESS-BA N001-2020 &#8211; ALTERAR A ORGANIZA\u00c7\u00c3O DA ADMINISTRA\u00c7\u00c3O, ANUIDADE E REGISTRO<\/p>\n<\/details>\n\n\n\n<details class=\"wp-block-details is-layout-flow wp-block-details-is-layout-flow\"><summary>2014<\/summary>\n<p><a target=\"_blank\" href=\"https:\/\/cress-ba.org.br\/wp-content\/uploads\/2026\/01\/DECISAO20CRESS-BA20N003-202020-20CONCEDER20A20PRORROGACAO20DOS20PRAZOS20DA20ANUIDADE20DE20202020A20TODOSAS20PROFISSIONAIS-1.docx\" rel=\"noreferrer noopener\">DECISAO CRESS-BA N003-2020&nbsp;(PDF)&nbsp;(XLS)&nbsp;(DOC)<\/a><\/p>\n\n\n\n<p>DECISAO CRESS-BA N003-2020 &#8211; CONCEDER A PRORROGACAO DOS PRAZOS DA ANUIDADE DE 2020 A TODOS(AS) PROFISSIONAIS.<\/p>\n<\/details>\n","protected":false},"excerpt":{"rendered":"<p>As decis\u00f5es s\u00e3o atos internos emanados &#8220;ad referendum&#8221; do Conselho Pleno pelo\/a Conselheiro\/a Presidente\/a, de acordo com o disposto no artigo 21, inciso XV, e no artigo 26, inciso VI, todos do Regimento Interno da Autarquia, e destinados aos seus subordinados, expedindo determina\u00e7\u00f5es gerais ou especiais, notadamente, para regulamentar processos de trabalho.<\/p>\n","protected":false},"author":1,"featured_media":0,"parent":0,"menu_order":0,"comment_status":"closed","ping_status":"closed","template":"","meta":{"footnotes":""},"class_list":["post-2742","page","type-page","status-publish","hentry"],"_hostinger_reach_plugin_has_subscription_block":false,"_hostinger_reach_plugin_is_elementor":false,"_links":{"self":[{"href":"https:\/\/cress-ba.org.br\/index.php?rest_route=\/wp\/v2\/pages\/2742","targetHints":{"allow":["GET"]}}],"collection":[{"href":"https:\/\/cress-ba.org.br\/index.php?rest_route=\/wp\/v2\/pages"}],"about":[{"href":"https:\/\/cress-ba.org.br\/index.php?rest_route=\/wp\/v2\/types\/page"}],"author":[{"embeddable":true,"href":"https:\/\/cress-ba.org.br\/index.php?rest_route=\/wp\/v2\/users\/1"}],"replies":[{"embeddable":true,"href":"https:\/\/cress-ba.org.br\/index.php?rest_route=%2Fwp%2Fv2%2Fcomments&post=2742"}],"version-history":[{"count":2,"href":"https:\/\/cress-ba.org.br\/index.php?rest_route=\/wp\/v2\/pages\/2742\/revisions"}],"predecessor-version":[{"id":3292,"href":"https:\/\/cress-ba.org.br\/index.php?rest_route=\/wp\/v2\/pages\/2742\/revisions\/3292"}],"wp:attachment":[{"href":"https:\/\/cress-ba.org.br\/index.php?rest_route=%2Fwp%2Fv2%2Fmedia&parent=2742"}],"curies":[{"name":"wp","href":"https:\/\/api.w.org\/{rel}","templated":true}]}}