{"id":289,"date":"2025-11-01T18:41:08","date_gmt":"2025-11-01T21:41:08","guid":{"rendered":"https:\/\/sitesf2j.com.br\/cress\/?page_id=289"},"modified":"2025-12-18T15:22:37","modified_gmt":"2025-12-18T18:22:37","slug":"estrutura-fisica-do-cress-bahia","status":"publish","type":"page","link":"https:\/\/cress-ba.org.br\/?page_id=289","title":{"rendered":"Estrutura f\u00edsica do CRESS Bahia"},"content":{"rendered":"\n<p><a href=\"https:\/\/cress-ba.org.br\/assets\/frontend\/images\/galeria\/32.jpg\"><\/a><\/p>\n\n\n\n<h6 class=\"wp-block-heading\">Adm Financeiro<\/h6>\n\n\n\n<figure class=\"wp-block-image size-full\"><img loading=\"lazy\" decoding=\"async\" width=\"900\" height=\"598\" src=\"https:\/\/cress-ba.org.br\/wp-content\/uploads\/2025\/12\/01.jpeg\" alt=\"\" class=\"wp-image-2418\" srcset=\"https:\/\/cress-ba.org.br\/wp-content\/uploads\/2025\/12\/01.jpeg 900w, https:\/\/cress-ba.org.br\/wp-content\/uploads\/2025\/12\/01-300x199.jpeg 300w, https:\/\/cress-ba.org.br\/wp-content\/uploads\/2025\/12\/01-768x510.jpeg 768w\" sizes=\"auto, (max-width: 900px) 100vw, 900px\" \/><\/figure>\n\n\n\n<p><strong>Administra\u00e7\u00e3o<\/strong><a href=\"https:\/\/www.cress-ba.org.br\/assets\/frontend\/images\/galeria\/01.JPG\"><\/a><\/p>\n\n\n\n<figure class=\"wp-block-image size-full\"><img loading=\"lazy\" decoding=\"async\" width=\"900\" height=\"598\" src=\"https:\/\/cress-ba.org.br\/wp-content\/uploads\/2025\/12\/02.jpeg\" alt=\"\" class=\"wp-image-2419\" srcset=\"https:\/\/cress-ba.org.br\/wp-content\/uploads\/2025\/12\/02.jpeg 900w, https:\/\/cress-ba.org.br\/wp-content\/uploads\/2025\/12\/02-300x199.jpeg 300w, https:\/\/cress-ba.org.br\/wp-content\/uploads\/2025\/12\/02-768x510.jpeg 768w\" sizes=\"auto, (max-width: 900px) 100vw, 900px\" \/><\/figure>\n\n\n\n<p><strong>Arquivos<\/strong><\/p>\n\n\n\n<figure class=\"wp-block-image size-full\"><img loading=\"lazy\" decoding=\"async\" width=\"900\" height=\"598\" src=\"https:\/\/cress-ba.org.br\/wp-content\/uploads\/2025\/12\/03.jpeg\" alt=\"\" class=\"wp-image-2421\" srcset=\"https:\/\/cress-ba.org.br\/wp-content\/uploads\/2025\/12\/03.jpeg 900w, https:\/\/cress-ba.org.br\/wp-content\/uploads\/2025\/12\/03-300x199.jpeg 300w, https:\/\/cress-ba.org.br\/wp-content\/uploads\/2025\/12\/03-768x510.jpeg 768w\" sizes=\"auto, (max-width: 900px) 100vw, 900px\" \/><\/figure>\n\n\n\n<h6 class=\"wp-block-heading\">Assessoria de Comunica\u00e7\u00e3o e Assessoria t\u00e9cnica<\/h6>\n\n\n\n<p><a href=\"https:\/\/www.cress-ba.org.br\/assets\/frontend\/images\/galeria\/04.JPG\"><\/a><\/p>\n\n\n\n<figure class=\"wp-block-image size-full\"><img loading=\"lazy\" decoding=\"async\" width=\"900\" height=\"598\" src=\"https:\/\/cress-ba.org.br\/wp-content\/uploads\/2025\/12\/04.jpeg\" alt=\"\" class=\"wp-image-2422\" srcset=\"https:\/\/cress-ba.org.br\/wp-content\/uploads\/2025\/12\/04.jpeg 900w, https:\/\/cress-ba.org.br\/wp-content\/uploads\/2025\/12\/04-300x199.jpeg 300w, https:\/\/cress-ba.org.br\/wp-content\/uploads\/2025\/12\/04-768x510.jpeg 768w\" sizes=\"auto, (max-width: 900px) 100vw, 900px\" \/><\/figure>\n\n\n\n<p><strong>Atendimento<\/strong><\/p>\n\n\n\n<figure class=\"wp-block-image size-full\"><img loading=\"lazy\" decoding=\"async\" width=\"900\" height=\"598\" src=\"https:\/\/cress-ba.org.br\/wp-content\/uploads\/2025\/12\/05.jpeg\" alt=\"\" class=\"wp-image-2423\" srcset=\"https:\/\/cress-ba.org.br\/wp-content\/uploads\/2025\/12\/05.jpeg 900w, https:\/\/cress-ba.org.br\/wp-content\/uploads\/2025\/12\/05-300x199.jpeg 300w, https:\/\/cress-ba.org.br\/wp-content\/uploads\/2025\/12\/05-768x510.jpeg 768w\" sizes=\"auto, (max-width: 900px) 100vw, 900px\" \/><\/figure>\n\n\n\n<h6 class=\"wp-block-heading\">Corredor de entrada<\/h6>\n\n\n\n<figure class=\"wp-block-image size-full\"><img loading=\"lazy\" decoding=\"async\" width=\"900\" height=\"598\" src=\"https:\/\/cress-ba.org.br\/wp-content\/uploads\/2025\/12\/06.jpeg\" alt=\"\" class=\"wp-image-2425\" srcset=\"https:\/\/cress-ba.org.br\/wp-content\/uploads\/2025\/12\/06.jpeg 900w, https:\/\/cress-ba.org.br\/wp-content\/uploads\/2025\/12\/06-300x199.jpeg 300w, https:\/\/cress-ba.org.br\/wp-content\/uploads\/2025\/12\/06-768x510.jpeg 768w\" sizes=\"auto, (max-width: 900px) 100vw, 900px\" \/><\/figure>\n\n\n\n<p><a href=\"https:\/\/www.cress-ba.org.br\/assets\/frontend\/images\/galeria\/06.JPG\"><\/a><\/p>\n\n\n\n<h6 class=\"wp-block-heading\">Assessoria de Comunica\u00e7\u00e3o e T\u00e9cnica<\/h6>\n\n\n\n<figure class=\"wp-block-image size-full\"><img loading=\"lazy\" decoding=\"async\" width=\"900\" height=\"676\" src=\"https:\/\/cress-ba.org.br\/wp-content\/uploads\/2025\/12\/07.jpg\" alt=\"\" class=\"wp-image-2426\" srcset=\"https:\/\/cress-ba.org.br\/wp-content\/uploads\/2025\/12\/07.jpg 900w, https:\/\/cress-ba.org.br\/wp-content\/uploads\/2025\/12\/07-300x225.jpg 300w, https:\/\/cress-ba.org.br\/wp-content\/uploads\/2025\/12\/07-768x577.jpg 768w\" sizes=\"auto, (max-width: 900px) 100vw, 900px\" \/><\/figure>\n\n\n\n<p><strong>Audit\u00f3rio<\/strong><a href=\"https:\/\/www.cress-ba.org.br\/assets\/frontend\/images\/galeria\/07.jpg\"><\/a><\/p>\n\n\n\n<figure class=\"wp-block-image size-full\"><img loading=\"lazy\" decoding=\"async\" width=\"900\" height=\"676\" src=\"https:\/\/cress-ba.org.br\/wp-content\/uploads\/2025\/12\/08.jpg\" alt=\"\" class=\"wp-image-2427\" srcset=\"https:\/\/cress-ba.org.br\/wp-content\/uploads\/2025\/12\/08.jpg 900w, https:\/\/cress-ba.org.br\/wp-content\/uploads\/2025\/12\/08-300x225.jpg 300w, https:\/\/cress-ba.org.br\/wp-content\/uploads\/2025\/12\/08-768x577.jpg 768w\" sizes=\"auto, (max-width: 900px) 100vw, 900px\" \/><\/figure>\n\n\n\n<h6 class=\"wp-block-heading\">Assessoria Jur\u00eddica Licita\u00e7\u00f5es e contratos<\/h6>\n\n\n\n<figure class=\"wp-block-image size-full\"><img loading=\"lazy\" decoding=\"async\" width=\"900\" height=\"707\" src=\"https:\/\/cress-ba.org.br\/wp-content\/uploads\/2025\/12\/09.jpeg\" alt=\"\" class=\"wp-image-2428\" srcset=\"https:\/\/cress-ba.org.br\/wp-content\/uploads\/2025\/12\/09.jpeg 900w, https:\/\/cress-ba.org.br\/wp-content\/uploads\/2025\/12\/09-300x236.jpeg 300w, https:\/\/cress-ba.org.br\/wp-content\/uploads\/2025\/12\/09-768x603.jpeg 768w\" sizes=\"auto, (max-width: 900px) 100vw, 900px\" \/><\/figure>\n\n\n\n<p><strong>Banheiro<\/strong><a href=\"https:\/\/www.cress-ba.org.br\/assets\/frontend\/images\/galeria\/09.JPG\"><\/a><\/p>\n\n\n\n<figure class=\"wp-block-image size-full\"><img loading=\"lazy\" decoding=\"async\" width=\"900\" height=\"676\" src=\"https:\/\/cress-ba.org.br\/wp-content\/uploads\/2025\/12\/10.jpg\" alt=\"\" class=\"wp-image-2429\" srcset=\"https:\/\/cress-ba.org.br\/wp-content\/uploads\/2025\/12\/10.jpg 900w, https:\/\/cress-ba.org.br\/wp-content\/uploads\/2025\/12\/10-300x225.jpg 300w, https:\/\/cress-ba.org.br\/wp-content\/uploads\/2025\/12\/10-768x577.jpg 768w\" sizes=\"auto, (max-width: 900px) 100vw, 900px\" \/><\/figure>\n\n\n\n<p>Copa<\/p>\n\n\n\n<figure class=\"wp-block-image size-full\"><img loading=\"lazy\" decoding=\"async\" width=\"900\" height=\"598\" src=\"https:\/\/cress-ba.org.br\/wp-content\/uploads\/2025\/12\/11.jpeg\" alt=\"\" class=\"wp-image-2430\" srcset=\"https:\/\/cress-ba.org.br\/wp-content\/uploads\/2025\/12\/11.jpeg 900w, https:\/\/cress-ba.org.br\/wp-content\/uploads\/2025\/12\/11-300x199.jpeg 300w, https:\/\/cress-ba.org.br\/wp-content\/uploads\/2025\/12\/11-768x510.jpeg 768w\" sizes=\"auto, (max-width: 900px) 100vw, 900px\" \/><\/figure>\n\n\n\n<h6 class=\"wp-block-heading\">Corredor interno<\/h6>\n\n\n\n<figure class=\"wp-block-image size-full\"><img loading=\"lazy\" decoding=\"async\" width=\"900\" height=\"676\" src=\"https:\/\/cress-ba.org.br\/wp-content\/uploads\/2025\/12\/12.jpg\" alt=\"\" class=\"wp-image-2431\" srcset=\"https:\/\/cress-ba.org.br\/wp-content\/uploads\/2025\/12\/12.jpg 900w, https:\/\/cress-ba.org.br\/wp-content\/uploads\/2025\/12\/12-300x225.jpg 300w, https:\/\/cress-ba.org.br\/wp-content\/uploads\/2025\/12\/12-768x577.jpg 768w\" sizes=\"auto, (max-width: 900px) 100vw, 900px\" \/><\/figure>\n\n\n\n<p>Corredor interno<\/p>\n\n\n\n<figure class=\"wp-block-image size-full\"><img loading=\"lazy\" decoding=\"async\" width=\"900\" height=\"598\" src=\"https:\/\/cress-ba.org.br\/wp-content\/uploads\/2025\/12\/13.jpeg\" alt=\"\" class=\"wp-image-2432\" srcset=\"https:\/\/cress-ba.org.br\/wp-content\/uploads\/2025\/12\/13.jpeg 900w, https:\/\/cress-ba.org.br\/wp-content\/uploads\/2025\/12\/13-300x199.jpeg 300w, https:\/\/cress-ba.org.br\/wp-content\/uploads\/2025\/12\/13-768x510.jpeg 768w\" sizes=\"auto, (max-width: 900px) 100vw, 900px\" \/><\/figure>\n\n\n\n<p><strong>Elevadores<\/strong><\/p>\n\n\n\n<figure class=\"wp-block-image size-full\"><img loading=\"lazy\" decoding=\"async\" width=\"900\" height=\"675\" src=\"https:\/\/cress-ba.org.br\/wp-content\/uploads\/2025\/12\/14.jpg\" alt=\"\" class=\"wp-image-2433\" srcset=\"https:\/\/cress-ba.org.br\/wp-content\/uploads\/2025\/12\/14.jpg 900w, https:\/\/cress-ba.org.br\/wp-content\/uploads\/2025\/12\/14-300x225.jpg 300w, https:\/\/cress-ba.org.br\/wp-content\/uploads\/2025\/12\/14-768x576.jpg 768w\" sizes=\"auto, (max-width: 900px) 100vw, 900px\" \/><\/figure>\n\n\n\n<p>Entrada principal<\/p>\n\n\n\n<figure class=\"wp-block-image size-full\"><img loading=\"lazy\" decoding=\"async\" width=\"900\" height=\"676\" src=\"https:\/\/cress-ba.org.br\/wp-content\/uploads\/2025\/12\/15.jpg\" alt=\"\" class=\"wp-image-2434\" srcset=\"https:\/\/cress-ba.org.br\/wp-content\/uploads\/2025\/12\/15.jpg 900w, https:\/\/cress-ba.org.br\/wp-content\/uploads\/2025\/12\/15-300x225.jpg 300w, https:\/\/cress-ba.org.br\/wp-content\/uploads\/2025\/12\/15-768x577.jpg 768w\" sizes=\"auto, (max-width: 900px) 100vw, 900px\" \/><\/figure>\n\n\n\n<p><a href=\"https:\/\/www.cress-ba.org.br\/assets\/frontend\/images\/galeria\/15.jpg\"><\/a><a href=\"https:\/\/www.cress-ba.org.br\/assets\/frontend\/images\/galeria\/13.JPG\"><\/a><a href=\"https:\/\/www.cress-ba.org.br\/assets\/frontend\/images\/galeria\/12.jpg\"><\/a><\/p>\n\n\n\n<h6 class=\"wp-block-heading\">Escada principal<\/h6>\n\n\n\n<figure class=\"wp-block-image size-full\"><img loading=\"lazy\" decoding=\"async\" width=\"900\" height=\"675\" src=\"https:\/\/cress-ba.org.br\/wp-content\/uploads\/2025\/12\/16.jpg\" alt=\"\" class=\"wp-image-2435\" srcset=\"https:\/\/cress-ba.org.br\/wp-content\/uploads\/2025\/12\/16.jpg 900w, https:\/\/cress-ba.org.br\/wp-content\/uploads\/2025\/12\/16-300x225.jpg 300w, https:\/\/cress-ba.org.br\/wp-content\/uploads\/2025\/12\/16-768x576.jpg 768w\" sizes=\"auto, (max-width: 900px) 100vw, 900px\" \/><\/figure>\n\n\n\n<p>Estacionamento com 16 vagas<\/p>\n\n\n\n<p><a href=\"https:\/\/www.cress-ba.org.br\/assets\/frontend\/images\/galeria\/17.jpg\"><\/a><a href=\"https:\/\/www.cress-ba.org.br\/assets\/frontend\/images\/galeria\/16.jpg\"><\/a><\/p>\n\n\n\n<figure class=\"wp-block-image size-full\"><img loading=\"lazy\" decoding=\"async\" width=\"900\" height=\"675\" src=\"https:\/\/cress-ba.org.br\/wp-content\/uploads\/2025\/12\/17.jpg\" alt=\"\" class=\"wp-image-2436\" srcset=\"https:\/\/cress-ba.org.br\/wp-content\/uploads\/2025\/12\/17.jpg 900w, https:\/\/cress-ba.org.br\/wp-content\/uploads\/2025\/12\/17-300x225.jpg 300w, https:\/\/cress-ba.org.br\/wp-content\/uploads\/2025\/12\/17-768x576.jpg 768w\" sizes=\"auto, (max-width: 900px) 100vw, 900px\" \/><\/figure>\n\n\n\n<h6 class=\"wp-block-heading\">Fachada do pr\u00e9dio<\/h6>\n\n\n\n<figure class=\"wp-block-image size-full\"><img loading=\"lazy\" decoding=\"async\" width=\"900\" height=\"675\" src=\"https:\/\/cress-ba.org.br\/wp-content\/uploads\/2025\/12\/18.jpg\" alt=\"\" class=\"wp-image-2437\" srcset=\"https:\/\/cress-ba.org.br\/wp-content\/uploads\/2025\/12\/18.jpg 900w, https:\/\/cress-ba.org.br\/wp-content\/uploads\/2025\/12\/18-300x225.jpg 300w, https:\/\/cress-ba.org.br\/wp-content\/uploads\/2025\/12\/18-768x576.jpg 768w\" sizes=\"auto, (max-width: 900px) 100vw, 900px\" \/><\/figure>\n\n\n\n<p><strong>Recep\u00e7\u00e3o<\/strong><a href=\"https:\/\/www.cress-ba.org.br\/assets\/frontend\/images\/galeria\/18.jpg\"><\/a><\/p>\n\n\n\n<figure class=\"wp-block-image size-full\"><img loading=\"lazy\" decoding=\"async\" width=\"900\" height=\"598\" src=\"https:\/\/cress-ba.org.br\/wp-content\/uploads\/2025\/12\/19.jpeg\" alt=\"\" class=\"wp-image-2438\" srcset=\"https:\/\/cress-ba.org.br\/wp-content\/uploads\/2025\/12\/19.jpeg 900w, https:\/\/cress-ba.org.br\/wp-content\/uploads\/2025\/12\/19-300x199.jpeg 300w, https:\/\/cress-ba.org.br\/wp-content\/uploads\/2025\/12\/19-768x510.jpeg 768w\" sizes=\"auto, (max-width: 900px) 100vw, 900px\" \/><\/figure>\n\n\n\n<p><strong>Recep\u00e7\u00e3o<\/strong><\/p>\n\n\n\n<figure class=\"wp-block-image size-full\"><img loading=\"lazy\" decoding=\"async\" width=\"900\" height=\"598\" src=\"https:\/\/cress-ba.org.br\/wp-content\/uploads\/2025\/12\/20.jpeg\" alt=\"\" class=\"wp-image-2439\" srcset=\"https:\/\/cress-ba.org.br\/wp-content\/uploads\/2025\/12\/20.jpeg 900w, https:\/\/cress-ba.org.br\/wp-content\/uploads\/2025\/12\/20-300x199.jpeg 300w, https:\/\/cress-ba.org.br\/wp-content\/uploads\/2025\/12\/20-768x510.jpeg 768w\" sizes=\"auto, (max-width: 900px) 100vw, 900px\" \/><\/figure>\n\n\n\n<h6 class=\"wp-block-heading\">Sala da Diretoria<\/h6>\n\n\n\n<figure class=\"wp-block-image size-full\"><img loading=\"lazy\" decoding=\"async\" width=\"900\" height=\"598\" src=\"https:\/\/cress-ba.org.br\/wp-content\/uploads\/2025\/12\/21.jpeg\" alt=\"\" class=\"wp-image-2440\" srcset=\"https:\/\/cress-ba.org.br\/wp-content\/uploads\/2025\/12\/21.jpeg 900w, https:\/\/cress-ba.org.br\/wp-content\/uploads\/2025\/12\/21-300x199.jpeg 300w, https:\/\/cress-ba.org.br\/wp-content\/uploads\/2025\/12\/21-768x510.jpeg 768w\" sizes=\"auto, (max-width: 900px) 100vw, 900px\" \/><\/figure>\n\n\n\n<p><a href=\"https:\/\/www.cress-ba.org.br\/assets\/frontend\/images\/galeria\/21.JPG\"><\/a><\/p>\n\n\n\n<h6 class=\"wp-block-heading\">Sala da Diretoria<\/h6>\n\n\n\n<figure class=\"wp-block-image size-full\"><img loading=\"lazy\" decoding=\"async\" width=\"900\" height=\"598\" src=\"https:\/\/cress-ba.org.br\/wp-content\/uploads\/2025\/12\/22.jpeg\" alt=\"\" class=\"wp-image-2441\" srcset=\"https:\/\/cress-ba.org.br\/wp-content\/uploads\/2025\/12\/22.jpeg 900w, https:\/\/cress-ba.org.br\/wp-content\/uploads\/2025\/12\/22-300x199.jpeg 300w, https:\/\/cress-ba.org.br\/wp-content\/uploads\/2025\/12\/22-768x510.jpeg 768w\" sizes=\"auto, (max-width: 900px) 100vw, 900px\" \/><\/figure>\n\n\n\n<p>Sala de \u00c9tica<\/p>\n\n\n\n<figure class=\"wp-block-image size-full\"><img loading=\"lazy\" decoding=\"async\" width=\"900\" height=\"598\" src=\"https:\/\/cress-ba.org.br\/wp-content\/uploads\/2025\/12\/23.jpeg\" alt=\"\" class=\"wp-image-2442\" srcset=\"https:\/\/cress-ba.org.br\/wp-content\/uploads\/2025\/12\/23.jpeg 900w, https:\/\/cress-ba.org.br\/wp-content\/uploads\/2025\/12\/23-300x199.jpeg 300w, https:\/\/cress-ba.org.br\/wp-content\/uploads\/2025\/12\/23-768x510.jpeg 768w\" sizes=\"auto, (max-width: 900px) 100vw, 900px\" \/><\/figure>\n\n\n\n<p><a href=\"https:\/\/www.cress-ba.org.br\/assets\/frontend\/images\/galeria\/23.JPG\"><\/a>Sala de reuni\u00f5es<\/p>\n\n\n\n<figure class=\"wp-block-image size-full\"><img loading=\"lazy\" decoding=\"async\" width=\"900\" height=\"598\" src=\"https:\/\/cress-ba.org.br\/wp-content\/uploads\/2025\/12\/24.jpeg\" alt=\"\" class=\"wp-image-2443\" srcset=\"https:\/\/cress-ba.org.br\/wp-content\/uploads\/2025\/12\/24.jpeg 900w, https:\/\/cress-ba.org.br\/wp-content\/uploads\/2025\/12\/24-300x199.jpeg 300w, https:\/\/cress-ba.org.br\/wp-content\/uploads\/2025\/12\/24-768x510.jpeg 768w\" sizes=\"auto, (max-width: 900px) 100vw, 900px\" \/><\/figure>\n\n\n\n<p>Setor de Fiscaliza\u00e7\u00e3o<\/p>\n\n\n\n<figure class=\"wp-block-image size-full\"><img loading=\"lazy\" decoding=\"async\" width=\"900\" height=\"598\" src=\"https:\/\/cress-ba.org.br\/wp-content\/uploads\/2025\/12\/25.jpeg\" alt=\"\" class=\"wp-image-2444\" srcset=\"https:\/\/cress-ba.org.br\/wp-content\/uploads\/2025\/12\/25.jpeg 900w, https:\/\/cress-ba.org.br\/wp-content\/uploads\/2025\/12\/25-300x199.jpeg 300w, https:\/\/cress-ba.org.br\/wp-content\/uploads\/2025\/12\/25-768x510.jpeg 768w\" sizes=\"auto, (max-width: 900px) 100vw, 900px\" \/><\/figure>\n\n\n\n<p><a href=\"https:\/\/www.cress-ba.org.br\/assets\/frontend\/images\/galeria\/25.JPG\"><\/a>Setor de Fiscaliza\u00e7\u00e3o<\/p>\n\n\n\n<figure class=\"wp-block-image size-full\"><img loading=\"lazy\" decoding=\"async\" width=\"900\" height=\"598\" src=\"https:\/\/cress-ba.org.br\/wp-content\/uploads\/2025\/12\/26.jpeg\" alt=\"\" class=\"wp-image-2445\" srcset=\"https:\/\/cress-ba.org.br\/wp-content\/uploads\/2025\/12\/26.jpeg 900w, https:\/\/cress-ba.org.br\/wp-content\/uploads\/2025\/12\/26-300x199.jpeg 300w, https:\/\/cress-ba.org.br\/wp-content\/uploads\/2025\/12\/26-768x510.jpeg 768w\" sizes=\"auto, (max-width: 900px) 100vw, 900px\" \/><\/figure>\n\n\n\n<p>Setor Operacional<\/p>\n\n\n\n<figure class=\"wp-block-image size-full\"><img loading=\"lazy\" decoding=\"async\" width=\"900\" height=\"598\" src=\"https:\/\/cress-ba.org.br\/wp-content\/uploads\/2025\/12\/27.jpeg\" alt=\"\" class=\"wp-image-2446\" srcset=\"https:\/\/cress-ba.org.br\/wp-content\/uploads\/2025\/12\/27.jpeg 900w, https:\/\/cress-ba.org.br\/wp-content\/uploads\/2025\/12\/27-300x199.jpeg 300w, https:\/\/cress-ba.org.br\/wp-content\/uploads\/2025\/12\/27-768x510.jpeg 768w\" sizes=\"auto, (max-width: 900px) 100vw, 900px\" \/><\/figure>\n\n\n\n<p>Hall de entrada do pr\u00e9dio<\/p>\n\n\n\n<figure class=\"wp-block-image size-full\"><img loading=\"lazy\" decoding=\"async\" width=\"900\" height=\"675\" src=\"https:\/\/cress-ba.org.br\/wp-content\/uploads\/2025\/12\/31.jpg\" alt=\"\" class=\"wp-image-2447\" srcset=\"https:\/\/cress-ba.org.br\/wp-content\/uploads\/2025\/12\/31.jpg 900w, https:\/\/cress-ba.org.br\/wp-content\/uploads\/2025\/12\/31-300x225.jpg 300w, https:\/\/cress-ba.org.br\/wp-content\/uploads\/2025\/12\/31-768x576.jpg 768w\" sizes=\"auto, (max-width: 900px) 100vw, 900px\" \/><\/figure>\n\n\n\n<p>Rampa de acesso<\/p>\n\n\n\n<figure class=\"wp-block-image size-full\"><img loading=\"lazy\" decoding=\"async\" width=\"900\" height=\"675\" src=\"https:\/\/cress-ba.org.br\/wp-content\/uploads\/2025\/12\/32.jpg\" alt=\"\" class=\"wp-image-2448\" srcset=\"https:\/\/cress-ba.org.br\/wp-content\/uploads\/2025\/12\/32.jpg 900w, https:\/\/cress-ba.org.br\/wp-content\/uploads\/2025\/12\/32-300x225.jpg 300w, https:\/\/cress-ba.org.br\/wp-content\/uploads\/2025\/12\/32-768x576.jpg 768w\" sizes=\"auto, (max-width: 900px) 100vw, 900px\" \/><\/figure>\n\n\n\n<p><a href=\"https:\/\/www.cress-ba.org.br\/assets\/frontend\/images\/galeria\/32.jpg\"><\/a><a href=\"https:\/\/www.cress-ba.org.br\/assets\/frontend\/images\/galeria\/31.jpg\"><\/a><a href=\"https:\/\/www.cress-ba.org.br\/assets\/frontend\/images\/galeria\/27.JPG\"><\/a><a href=\"https:\/\/www.cress-ba.org.br\/assets\/frontend\/images\/galeria\/26.JPG\"><\/a><a href=\"https:\/\/www.cress-ba.org.br\/assets\/frontend\/images\/galeria\/24.JPG\"><\/a><a href=\"https:\/\/www.cress-ba.org.br\/assets\/frontend\/images\/galeria\/22.JPG\"><\/a><\/p>\n\n\n\n<p><\/p>\n","protected":false},"excerpt":{"rendered":"<p>Adm Financeiro Administra\u00e7\u00e3o Arquivos Assessoria de Comunica\u00e7\u00e3o e Assessoria t\u00e9cnica Atendimento Corredor de entrada Assessoria de Comunica\u00e7\u00e3o e T\u00e9cnica Audit\u00f3rio Assessoria Jur\u00eddica Licita\u00e7\u00f5es e contratos Banheiro Copa Corredor interno Corredor interno Elevadores Entrada principal Escada principal Estacionamento com 16 vagas Fachada do pr\u00e9dio Recep\u00e7\u00e3o Recep\u00e7\u00e3o Sala da Diretoria Sala da Diretoria Sala de \u00c9tica Sala [&hellip;]<\/p>\n","protected":false},"author":1,"featured_media":0,"parent":0,"menu_order":0,"comment_status":"closed","ping_status":"closed","template":"","meta":{"footnotes":""},"class_list":["post-289","page","type-page","status-publish","hentry"],"_hostinger_reach_plugin_has_subscription_block":false,"_hostinger_reach_plugin_is_elementor":false,"_links":{"self":[{"href":"https:\/\/cress-ba.org.br\/index.php?rest_route=\/wp\/v2\/pages\/289","targetHints":{"allow":["GET"]}}],"collection":[{"href":"https:\/\/cress-ba.org.br\/index.php?rest_route=\/wp\/v2\/pages"}],"about":[{"href":"https:\/\/cress-ba.org.br\/index.php?rest_route=\/wp\/v2\/types\/page"}],"author":[{"embeddable":true,"href":"https:\/\/cress-ba.org.br\/index.php?rest_route=\/wp\/v2\/users\/1"}],"replies":[{"embeddable":true,"href":"https:\/\/cress-ba.org.br\/index.php?rest_route=%2Fwp%2Fv2%2Fcomments&post=289"}],"version-history":[{"count":3,"href":"https:\/\/cress-ba.org.br\/index.php?rest_route=\/wp\/v2\/pages\/289\/revisions"}],"predecessor-version":[{"id":2449,"href":"https:\/\/cress-ba.org.br\/index.php?rest_route=\/wp\/v2\/pages\/289\/revisions\/2449"}],"wp:attachment":[{"href":"https:\/\/cress-ba.org.br\/index.php?rest_route=%2Fwp%2Fv2%2Fmedia&parent=289"}],"curies":[{"name":"wp","href":"https:\/\/api.w.org\/{rel}","templated":true}]}}