{"id":292,"date":"2025-11-01T18:45:54","date_gmt":"2025-11-01T21:45:54","guid":{"rendered":"https:\/\/sitesf2j.com.br\/cress\/?page_id=292"},"modified":"2026-01-05T11:55:29","modified_gmt":"2026-01-05T14:55:29","slug":"funcionarios","status":"publish","type":"page","link":"https:\/\/cress-ba.org.br\/?page_id=292","title":{"rendered":"Funcion\u00e1rios"},"content":{"rendered":"\n<p><strong>SETOR DE REGISTRO PROFISSIONAL:<\/strong><\/p>\n\n\n\n<p>Elaine de Ara\u00fajo D&#8217;Avila\u00a0&#8211; Assistente administrativo<\/p>\n\n\n\n<p>Sidin\u00e9ia Rego da Hora &#8211; Assistente Administrativo<\/p>\n\n\n\n<p>Neide Ramos Pinto de Souza &#8211; Assistente Administrativo<\/p>\n\n\n\n<hr class=\"wp-block-separator has-alpha-channel-opacity\"\/>\n\n\n\n<p><strong>SETOR DE ORIENTA\u00c7\u00c3O E FISCALIZA\u00c7\u00c3O:<\/strong><\/p>\n\n\n\n<p>Camila Marques Mendon\u00e7a &#8211; Agente Fiscal<\/p>\n\n\n\n<p>Daniele Souza Nunes &#8211; Agente Fiscal<\/p>\n\n\n\n<p>Elaine Silva Freitas Socorro &#8211; Agente Fiscal<\/p>\n\n\n\n<p>Gildsone Souza Sampaio &#8211; Agente Fiscal<\/p>\n\n\n\n<hr class=\"wp-block-separator has-alpha-channel-opacity\"\/>\n\n\n\n<p><strong>ADMINISTRA\u00c7\u00c3O:<\/strong><br>\u00a0<br>Roberta Alves Rietjens &#8211; Administradora<\/p>\n\n\n\n<p>Rita de C\u00e1ssia Gomes &#8211; Secret\u00e1ria Executiva (Coordenadora Geral)<\/p>\n\n\n\n<hr class=\"wp-block-separator has-alpha-channel-opacity\"\/>\n\n\n\n<p><strong>SETOR OPERACIONAL \/ LOG\u00cdSTICA:<\/strong><\/p>\n\n\n\n<p>Vanderlino Concei\u00e7\u00e3o de Carvalho &#8211; Assistente Administrativo<\/p>\n\n\n\n<p><strong>ASSESSORIAS<\/strong><\/p>\n\n\n\n<p>Ana\u00edra L\u00f4bo e Pinheiro &#8211; Assessoria de Comunica\u00e7\u00e3o<\/p>\n\n\n\n<p>Diego Hort\u00e9lio Correia Silva &#8211; Assessor de Licita\u00e7\u00e3o\u00a0<\/p>\n\n\n\n<p>Josemeire de Jesus &#8211; Assessora T\u00e9cnica Especial<\/p>\n\n\n\n<p>Vitor Luis Marques dos Santos &#8211; Assessor Jur\u00eddico<\/p>\n\n\n\n<p><\/p>\n","protected":false},"excerpt":{"rendered":"<p>SETOR DE REGISTRO PROFISSIONAL: Elaine de Ara\u00fajo D&#8217;Avila\u00a0&#8211; Assistente administrativo Sidin\u00e9ia Rego da Hora &#8211; Assistente Administrativo Neide Ramos Pinto de Souza &#8211; Assistente Administrativo SETOR DE ORIENTA\u00c7\u00c3O E FISCALIZA\u00c7\u00c3O: Camila Marques Mendon\u00e7a &#8211; Agente Fiscal Daniele Souza Nunes &#8211; Agente Fiscal Elaine Silva Freitas Socorro &#8211; Agente Fiscal Gildsone Souza Sampaio &#8211; Agente Fiscal [&hellip;]<\/p>\n","protected":false},"author":1,"featured_media":0,"parent":0,"menu_order":0,"comment_status":"closed","ping_status":"closed","template":"","meta":{"footnotes":""},"class_list":["post-292","page","type-page","status-publish","hentry"],"_hostinger_reach_plugin_has_subscription_block":false,"_hostinger_reach_plugin_is_elementor":false,"_links":{"self":[{"href":"https:\/\/cress-ba.org.br\/index.php?rest_route=\/wp\/v2\/pages\/292","targetHints":{"allow":["GET"]}}],"collection":[{"href":"https:\/\/cress-ba.org.br\/index.php?rest_route=\/wp\/v2\/pages"}],"about":[{"href":"https:\/\/cress-ba.org.br\/index.php?rest_route=\/wp\/v2\/types\/page"}],"author":[{"embeddable":true,"href":"https:\/\/cress-ba.org.br\/index.php?rest_route=\/wp\/v2\/users\/1"}],"replies":[{"embeddable":true,"href":"https:\/\/cress-ba.org.br\/index.php?rest_route=%2Fwp%2Fv2%2Fcomments&post=292"}],"version-history":[{"count":4,"href":"https:\/\/cress-ba.org.br\/index.php?rest_route=\/wp\/v2\/pages\/292\/revisions"}],"predecessor-version":[{"id":2548,"href":"https:\/\/cress-ba.org.br\/index.php?rest_route=\/wp\/v2\/pages\/292\/revisions\/2548"}],"wp:attachment":[{"href":"https:\/\/cress-ba.org.br\/index.php?rest_route=%2Fwp%2Fv2%2Fmedia&parent=292"}],"curies":[{"name":"wp","href":"https:\/\/api.w.org\/{rel}","templated":true}]}}