{"id":320,"date":"2025-11-01T18:58:57","date_gmt":"2025-11-01T21:58:57","guid":{"rendered":"https:\/\/sitesf2j.com.br\/cress\/?page_id=320"},"modified":"2025-11-01T18:58:57","modified_gmt":"2025-11-01T21:58:57","slug":"comissoes-de-instrucao","status":"publish","type":"page","link":"https:\/\/cress-ba.org.br\/?page_id=320","title":{"rendered":"COMISS\u00d5ES DE INSTRU\u00c7\u00c3O"},"content":{"rendered":"\n<p>A nomea\u00e7\u00e3o da Comiss\u00e3o de Instru\u00e7\u00e3o, ap\u00f3s a instaura\u00e7\u00e3o do processo \u00e9tico pelo Conselho Pleno, ocorrer\u00e1 atrav\u00e9s de Portaria, que n\u00e3o \u00e9 publicada, considerando a necessidade do sigilo das informa\u00e7\u00f5es inerentes ao procedimento.<\/p>\n\n\n\n<p>A Comiss\u00e3o de Instru\u00e7\u00e3o \u00e9 composta por, no m\u00ednimo, 02 (dois\/duas) Assistentes Sociais da Base da Categoria, em pleno gozo dos seus direitos.<\/p>\n\n\n\n<p>Em resumo, a Comiss\u00e3o de Instru\u00e7\u00e3o tem por finalidade apurar de forma competente, diligente e respons\u00e1vel todos os fatos narrados na den\u00fancia, portanto, dever\u00e1 observar o devido processo legal, o contradit\u00f3rio e a ampla defesa, que s\u00e3o princ\u00edpios democr\u00e1ticos previstos na Constitui\u00e7\u00e3o Federal de 1988.<\/p>\n\n\n\n<p>Ap\u00f3s a apura\u00e7\u00e3o dos fatos, a Comiss\u00e3o de Instru\u00e7\u00e3o dever\u00e1 elaborar o Parecer Final e, posteriormente, submeter ao julgamento do Conselho Pleno.<\/p>\n","protected":false},"excerpt":{"rendered":"<p>A nomea\u00e7\u00e3o da Comiss\u00e3o de Instru\u00e7\u00e3o, ap\u00f3s a instaura\u00e7\u00e3o do processo \u00e9tico pelo Conselho Pleno, ocorrer\u00e1 atrav\u00e9s de Portaria, que n\u00e3o \u00e9 publicada, considerando a necessidade do sigilo das informa\u00e7\u00f5es inerentes ao procedimento. A Comiss\u00e3o de Instru\u00e7\u00e3o \u00e9 composta por, no m\u00ednimo, 02 (dois\/duas) Assistentes Sociais da Base da Categoria, em pleno gozo dos seus [&hellip;]<\/p>\n","protected":false},"author":1,"featured_media":0,"parent":0,"menu_order":0,"comment_status":"closed","ping_status":"closed","template":"","meta":{"footnotes":""},"class_list":["post-320","page","type-page","status-publish","hentry"],"_hostinger_reach_plugin_has_subscription_block":false,"_hostinger_reach_plugin_is_elementor":false,"_links":{"self":[{"href":"https:\/\/cress-ba.org.br\/index.php?rest_route=\/wp\/v2\/pages\/320","targetHints":{"allow":["GET"]}}],"collection":[{"href":"https:\/\/cress-ba.org.br\/index.php?rest_route=\/wp\/v2\/pages"}],"about":[{"href":"https:\/\/cress-ba.org.br\/index.php?rest_route=\/wp\/v2\/types\/page"}],"author":[{"embeddable":true,"href":"https:\/\/cress-ba.org.br\/index.php?rest_route=\/wp\/v2\/users\/1"}],"replies":[{"embeddable":true,"href":"https:\/\/cress-ba.org.br\/index.php?rest_route=%2Fwp%2Fv2%2Fcomments&post=320"}],"version-history":[{"count":1,"href":"https:\/\/cress-ba.org.br\/index.php?rest_route=\/wp\/v2\/pages\/320\/revisions"}],"predecessor-version":[{"id":321,"href":"https:\/\/cress-ba.org.br\/index.php?rest_route=\/wp\/v2\/pages\/320\/revisions\/321"}],"wp:attachment":[{"href":"https:\/\/cress-ba.org.br\/index.php?rest_route=%2Fwp%2Fv2%2Fmedia&parent=320"}],"curies":[{"name":"wp","href":"https:\/\/api.w.org\/{rel}","templated":true}]}}