{"id":3268,"date":"2026-01-27T10:33:50","date_gmt":"2026-01-27T13:33:50","guid":{"rendered":"http:\/\/localhost:8083\/?page_id=3268"},"modified":"2026-01-27T10:34:08","modified_gmt":"2026-01-27T13:34:08","slug":"editais","status":"publish","type":"page","link":"https:\/\/cress-ba.org.br\/?page_id=3268","title":{"rendered":"Editais"},"content":{"rendered":"\n<details class=\"wp-block-details is-layout-flow wp-block-details-is-layout-flow\"><summary>2023<\/summary>\n<p><a target=\"_blank\" href=\"https:\/\/cress-ba.org.br\/wp-content\/uploads\/2026\/01\/EDITAL_2C2AA_ASSEMBLEIA_CRESS-BA_2023-1.pdf\" rel=\"noreferrer noopener\">RETIFICA\u00c7\u00c3O EDITAL DE CONVOCA\u00c7\u00c3O ASSEMBLEIA GERAL ORDIN\u00c1RIA N\u00ba2\/2023 &#8211; 19 DE OUTUBRO&nbsp;(PDF)&nbsp;(XLS)&nbsp;(DOC)<\/a><\/p>\n\n\n\n<p>O CONSELHO REGIONAL DE SERVI\u00c7O SOCIAL-CRESS, 5\u00ba REGI\u00c3O BAHIA, com sede na Rua Doutor Jos\u00e9 Peroba, 149, Edif\u00edcio Eldorado Empresarial, 5\u00ba Andar, Salas 501\/502, STIEP, CEP:41.770-235, Salvador-Bahia, atrav\u00e9s da conselheira presidenta Sra. Leila Carine doa Reis Concei\u00e7\u00e3o resolve retificar o Edital de Convoca\u00e7\u00e3o para II Assembleia Geral Ordin\u00e1ria CRESS-BA de 2023, publicado em: 02\/10\/2023, Edi\u00e7\u00e3o: 188, Se\u00e7\u00e3o: 3, P\u00e1gina: 206.&nbsp;Onde se l\u00ea: &#8220;dia 20 de outubro de 2023 \u00e0s 18h&#8221;, leia-se: &#8220;dia 19 de outubro de 2023 \u00e0s 18h.&#8221;<\/p>\n\n\n\n<h4 class=\"wp-block-heading\"><a target=\"_blank\" href=\"https:\/\/cress-ba.org.br\/wp-content\/uploads\/2026\/01\/EDITAL_CONVOCAC387C383O_II_ASSEMBLEIA_GERAL_2023-1.pdf\" rel=\"noreferrer noopener\">EDITAL DE CONVOCA\u00c7\u00c3O ASSEMBLEIA GERAL ORDIN\u00c1RIA 19 DE OUTUBRO&nbsp;(PDF)&nbsp;(XLS)&nbsp;(DOC)<\/a><\/h4>\n\n\n\n<p>EDITAL DE CONVOCA\u00c7\u00c3O ASSEMBLEIA GERAL ORDIN\u00c1RIA &nbsp;&#8211; EDITAL N\u00ba 02\/2023.<\/p>\n\n\n\n<p>A Gest\u00e3o ViraMundo, do Conselho Regional de Servi\u00e7o Social da Bahia &#8211; 5\u00aa Regi\u00e3o, tri\u00eanio 2023-2026, em cumprimento \u00e0s disposi\u00e7\u00f5es legais e estatut\u00e1rias &#8211; conforme Regimento Interno do CRESS-BA, CNPJ: 14.820.039\/0001-60, em seus artigos 7\u00ba, 8\u00ba, 9\u00ba, 10\u00ba e 20\u00ba &#8211; convoca todos\/as assistentes sociais inscritos\/as no \u00e2mbito de jurisdi\u00e7\u00e3o do Conselho Regional de Servi\u00e7o Social da Bahia para participarem de Assembleia Geral Ordin\u00e1ria, a ser realizada ao vig\u00e9simo dia do m\u00eas de outubro do ano de dois mil e vinte e tr\u00eas, na sede do CRESS-BA, situada \u00e0 Rua Dr. Jos\u00e9 Peroba, 149 &#8211; Stiep, Salvador &#8211; BA, 41770-235, \u00e0s 18h (dezoito horas) em primeira convoca\u00e7\u00e3o, com a presen\u00e7a de 1\/5 (um quinto) do n\u00famero de inscritos e \u00e0s 18h30 (dezoito horas e trinta minutos ) em segunda convoca\u00e7\u00e3o, com qualquer n\u00famero de presentes, para deliberar sobre as seguintes pautas:<\/p>\n\n\n\n<p>ORDEM DO DIA:<\/p>\n\n\n\n<p>1 &#8211; Acolhimento e Metodologia da Assembleia;<\/p>\n\n\n\n<p>2 &#8211; Repasse sobre 50\u00ba Encontro Nacional do Conjunto CFESS-CRESS;<\/p>\n\n\n\n<p>3 &#8211; Informes e Presta\u00e7\u00e3o de Contas;<\/p>\n\n\n\n<p>4 &#8211; Discuss\u00e3o e aprova\u00e7\u00e3o de anuidade;<\/p>\n\n\n\n<p>5 &#8211; O que ocorrer.<\/p>\n\n\n\n<p>A Assembleia Geral constitui-se inst\u00e2ncia m\u00e1xima deliberativa no \u00e2mbito dos Conselhos Regionais de Servi\u00e7o Social da qual fazem parte os\/as assistentes sociais inscritos\/as em seus respectivos \u00e2mbitos de jurisdi\u00e7\u00e3o, em pleno gozo de seus direitos e quites com as anuidades, at\u00e9 o ano anterior, com direito a voz e voto.<\/p>\n\n\n\n<h4 class=\"wp-block-heading\"><a target=\"_blank\" href=\"https:\/\/cress-ba.org.br\/wp-content\/uploads\/2026\/01\/PUB_DOU_1_ASSEMBLEIA-1.pdf\" rel=\"noreferrer noopener\">EDITAL DE CONVOCA\u00e7\u00e3O ASSEMBLEIA GERAL ORDIN\u00e1RIA 05 DE AGOSTO&nbsp;(PDF)&nbsp;(XLS)&nbsp;(DOC)<\/a><\/h4>\n\n\n\n<p>A presidenta&nbsp; do Conselho Regional de Servi\u00e7o Social da 5\u00aa Regi\u00e3o, Leila Carine dos Reis Concei\u00e7\u00e3o, em cumprimento \u00e0s disposi\u00e7\u00f5es legais estatut\u00e1rias &#8211; conforme Regimento Interno do CRESS-BA 5\u00aa Regi\u00e3o, em seus artigos 7\u00ba,&nbsp; 8\u00ba, 9\u00ba, 10\u00ba e 20\u00ba &#8211; convoca todos\/as assistentes sociais inscritos\/as no \u00e2mbito de jurisdi\u00e7\u00e3o do Conselho Regional de Servi\u00e7o Social da Bahia&nbsp; para participarem de Assembleia Geral Ordin\u00e1ria,&nbsp; a ser realizada aos cinco dias do m\u00eas de agosto do ano de dois mil e vinte e tr\u00eas, na sede do CRESS-BA, situada \u00e0 Rua &nbsp;Dr. Jos\u00e9 Peroba, 149 &#8211; Stiep, Salvador &#8211; BA, 41770-235, \u00e0s&nbsp; 09h&nbsp; (nove&nbsp; horas) em primeira convoca\u00e7\u00e3o, com a presen\u00e7a de 1\/5 (um quinto)&nbsp; do n\u00famero de inscritos&nbsp; e \u00e0s 09h30min (nove horas e trinta minutos) em segunda&nbsp; convoca\u00e7\u00e3o, com qualquer n\u00famero de presentes, para deliberar sobre as seguintes pautas:<\/p>\n\n\n\n<p>ORDEM DO DIA<\/p>\n\n\n\n<p>1 \u2013 Acolhimento e Metodologia da Assembleia;<\/p>\n\n\n\n<p>2 \u2013 Informes;<\/p>\n\n\n\n<p>3- Panorama da Gest\u00e3o Viramundo (sessenta dias de gest\u00e3o);<\/p>\n\n\n\n<p>4 \u2013 Elei\u00e7\u00e3o dos delegados Encontro Nacional CFESS-CRESS;<\/p>\n\n\n\n<p>5- O que ocorrer;<\/p>\n<\/details>\n\n\n\n<details class=\"wp-block-details is-layout-flow wp-block-details-is-layout-flow\"><summary>2022<\/summary>\n<p><a target=\"_blank\" href=\"https:\/\/cress-ba.org.br\/wp-content\/uploads\/2026\/01\/EDITAL_DE_CONVOCAC387C383O_PARA_II_ASSEMBLEIA_GERAL_ORDINC381RIA_CRESS-1.pdf\" rel=\"noreferrer noopener\">EDITAL RETIFICADO DE CONVOCA\u00e7\u00e3O PARA A II ASSEMBLEIA GERAL CRESS BA 2022&nbsp;(PDF)&nbsp;(XLS)&nbsp;(DOC)<\/a><\/p>\n\n\n\n<p>Edital RETIFICADO de convoca\u00e7\u00e3o da II Assembleia Geral do CRESS BA.&nbsp;<\/p>\n\n\n\n<h4 class=\"wp-block-heading\"><a target=\"_blank\" href=\"https:\/\/cress-ba.org.br\/wp-content\/uploads\/2026\/01\/RetificaC3A7C3A3o_Edital_n_01_II_ASSEMBLEIA_GERAL_ORDINC381RIA_CRESS-1.pdf\" rel=\"noreferrer noopener\">RETIFICA\u00e7\u00e3O N\u00ba 01 DO EDITAL DE CONVOCA\u00e7\u00e3O DA II ASSEMBLEIA GERAL CRESS-BA&nbsp;(PDF)&nbsp;(XLS)&nbsp;(DOC)<\/a><\/h4>\n\n\n\n<p>Retifica\u00e7\u00e3o n\u00ba 01 do Edital de convoca\u00e7\u00e3o para a II Assembleia Geral CRESS BA 2022<\/p>\n\n\n\n<h4 class=\"wp-block-heading\"><a target=\"_blank\" href=\"https:\/\/cress-ba.org.br\/wp-content\/uploads\/2026\/01\/EDITAL_DE_CONVOCAC387C383O_PARA_II_ASSEMBLEIA_GERAL_ORDINC381RIA_CRESS_1-1.pdf\" rel=\"noreferrer noopener\">EDITAL DE CONVOCA\u00c7\u00c3O PARA II ASSEMBLEIA GERAL ORDIN\u00c1RIA CRESS-BA 2022&nbsp;(PDF)&nbsp;(XLS)&nbsp;(DOC)<\/a><\/h4>\n\n\n\n<p>O CONSELHO REGIONAL DE SERVI\u00c7O SOCIAL-CRESS, 5\u00ba REGI\u00c3O&nbsp;BAHIA, com sede na Rua Doutor Jos\u00e9 Peroba, 149, Edif\u00edcio<\/p>\n\n\n\n<p>Eldorado Empresarial, 5\u00ba Andar, Salas 501\/502, STIEP,&nbsp;CEP:41.770-235, Salvador-Bahia, CONVOCA, atrav\u00e9s do presente<\/p>\n\n\n\n<p>edital, todas\/os assistentes sociais do Estado da Bahia para&nbsp;II Assembleia Geral Ordin\u00e1ria, que ser\u00e1 realizada em sua sede,<\/p>\n\n\n\n<p>no endere\u00e7o acima citado, \u00e0s 09h do dia 15 de outubro de 2022.<\/p>\n\n\n\n<h4 class=\"wp-block-heading\"><a target=\"_blank\" href=\"https:\/\/cress-ba.org.br\/wp-content\/uploads\/2026\/01\/EDITAL_DE_CONVOCAC387C383O_PARA_ASSEMBLC389IA_GERAL_ORDINC381RIA_CRESS-1.pdf\" rel=\"noreferrer noopener\">EDITAL DE CONVOCA\u00c7\u00c3O PARA ASSEMBLEIA GERAL ORDIN\u00c1RIA CRESS-BA 2022&nbsp;(PDF)&nbsp;(XLS)&nbsp;(DOC)<\/a><\/h4>\n\n\n\n<p>O CONSELHO REGIONAL DE SERVI\u00c7O SOCIAL-CRESS, 5\u00ba REGI\u00c3O BAHIA, com sede na Rua Doutor Jos\u00e9 Peroba, 149, Edif\u00edcio Eldorado Empresarial, 5\u00ba Andar, Salas 501\/502, STIEP, CEP:41.770-235, Salvador-Bahia,&nbsp;<strong>CONVOCA,<\/strong>&nbsp;atrav\u00e9s do presente edital, todas\/os assistentes sociais do Estado da Bahia para Assembleia Geral Ordin\u00e1ria, que ser\u00e1 realizada no Polo Uniasselvi, localizado na Avenida Get\u00falio Vargas, 799 Centro de Feira de Santana \u00e0s 14h do dia 23 de julho de 2022.<\/p>\n\n\n\n<h4 class=\"wp-block-heading\"><a target=\"_blank\" href=\"https:\/\/cress-ba.org.br\/wp-content\/uploads\/2026\/01\/edital1-1.pdf\" rel=\"noreferrer noopener\">TESTE TEXTO EDITAL&nbsp;(PDF)&nbsp;(XLS)&nbsp;(DOC)<\/a><\/h4>\n\n\n\n<p>teste texto edital publica\u00e7\u00e3o<\/p>\n<\/details>\n\n\n\n<p><\/p>\n","protected":false},"excerpt":{"rendered":"","protected":false},"author":1,"featured_media":0,"parent":0,"menu_order":0,"comment_status":"closed","ping_status":"closed","template":"","meta":{"footnotes":""},"class_list":["post-3268","page","type-page","status-publish","hentry"],"_hostinger_reach_plugin_has_subscription_block":false,"_hostinger_reach_plugin_is_elementor":false,"_links":{"self":[{"href":"https:\/\/cress-ba.org.br\/index.php?rest_route=\/wp\/v2\/pages\/3268","targetHints":{"allow":["GET"]}}],"collection":[{"href":"https:\/\/cress-ba.org.br\/index.php?rest_route=\/wp\/v2\/pages"}],"about":[{"href":"https:\/\/cress-ba.org.br\/index.php?rest_route=\/wp\/v2\/types\/page"}],"author":[{"embeddable":true,"href":"https:\/\/cress-ba.org.br\/index.php?rest_route=\/wp\/v2\/users\/1"}],"replies":[{"embeddable":true,"href":"https:\/\/cress-ba.org.br\/index.php?rest_route=%2Fwp%2Fv2%2Fcomments&post=3268"}],"version-history":[{"count":2,"href":"https:\/\/cress-ba.org.br\/index.php?rest_route=\/wp\/v2\/pages\/3268\/revisions"}],"predecessor-version":[{"id":3286,"href":"https:\/\/cress-ba.org.br\/index.php?rest_route=\/wp\/v2\/pages\/3268\/revisions\/3286"}],"wp:attachment":[{"href":"https:\/\/cress-ba.org.br\/index.php?rest_route=%2Fwp%2Fv2%2Fmedia&parent=3268"}],"curies":[{"name":"wp","href":"https:\/\/api.w.org\/{rel}","templated":true}]}}