{"id":3407,"date":"2026-02-09T10:52:11","date_gmt":"2026-02-09T13:52:11","guid":{"rendered":"https:\/\/cress-ba.org.br\/?page_id=3407"},"modified":"2026-02-09T10:59:55","modified_gmt":"2026-02-09T13:59:55","slug":"legislacao-profissional-orientacao-e-fiscalizacao","status":"publish","type":"page","link":"https:\/\/cress-ba.org.br\/?page_id=3407","title":{"rendered":"Legisla\u00e7\u00e3o profissional"},"content":{"rendered":"\n<p><strong><a href=\"https:\/\/www.cfess.org.br\/legislacao\/view\/528\/resolucao-n-3831999\">Resolu\u00e7\u00e3o CFESS n\u00ba 383\/1999<\/a><\/strong> &#8211; Caracteriza o\/a assistente social como profissional da sa\u00fade.<\/p>\n\n\n\n<p><strong><a href=\"https:\/\/www.cfess.org.br\/legislacao\/view\/516\/resolucao-n-4892006\">Resolu\u00e7\u00e3o CFESS n\u00ba 489\/2006<\/a><\/strong> &#8211; Estabelece normas vedando condutas discriminat\u00f3rias ou preconceituosas, por orienta\u00e7\u00e3o e express\u00e3o sexual por pessoas do mesmo sexo, no exerc\u00edcio profissional do assistente social.<\/p>\n\n\n\n<p><strong><a href=\"https:\/\/www.cfess.org.br\/arquivos\/Resolucao533.pdf\">Resolu\u00e7\u00e3o CFESS n\u00ba 533\/2008<\/a> <\/strong>&#8211; Regulamenta\u00e7\u00e3o da supervis\u00e3o direta de est\u00e1gio no Servi\u00e7o Social.<\/p>\n\n\n\n<p><a href=\"https:\/\/www.cfess.org.br\/arquivos\/Resolucao_CFESS_557-2009.pdf\"><strong>Resolu\u00e7\u00e3o CFESS n\u00ba 557\/2009<\/strong><\/a> &#8211; Disp\u00f5e sobre a emiss\u00e3o de pareceres, laudos, opini\u00f5es t\u00e9cnicas conjuntos entre o assistente social e outros profissionais.<\/p>\n\n\n\n<p><strong><a href=\"http:\/\/www.cfess.org.br\/arquivos\/resol590-2010.pdf\" target=\"_blank\" rel=\"noreferrer noopener\">Resolu\u00e7\u00e3o CFESS n\u00ba 590\/2010<\/a> &#8211; <\/strong>Regulamenta o procedimento de aplica\u00e7\u00e3o de multas pelos CRESS, por descumprimento da lei 8662\/93 e em especial por exerc\u00edcio da profiss\u00e3o de assistente social sem o registro no CRESS competente.<\/p>\n\n\n\n<p><a href=\"https:\/\/www.cfess.org.br\/legislacao\/view\/474\/resolucao-n-5692010\" target=\"_blank\" rel=\"noreferrer noopener\"><strong>Resolu\u00e7\u00e3o n\u00ba 569\/2010<\/strong><\/a> &#8211; Disp\u00f5e sobre a veda\u00e7\u00e3o da realiza\u00e7\u00e3o de terapias associadas ao t\u00edtulo e\/ou ao exerc\u00edcio profissional do assistente social.<\/p>\n\n\n\n<p><a href=\"https:\/\/www.cfess.org.br\/legislacao\/view\/383\/resolucao-n-8452018\" target=\"_blank\" rel=\"noreferrer noopener\"><strong>Resolu\u00e7\u00e3o n\u00ba 845\/2018<\/strong><\/a> &#8211; Disp\u00f5e sobre a atua\u00e7\u00e3o profissional do\/a assistente social em rela\u00e7\u00e3o ao processo transexualizador.<\/p>\n\n\n\n<p><a href=\"https:\/\/www.cfess.org.br\/legislacao\/view\/306\/resolucao-9922022\" target=\"_blank\" rel=\"noreferrer noopener\"><strong>Resolu\u00e7\u00e3o 992\/2022<\/strong><\/a> &#8211; Estabelece normas vedando atos e condutas discriminat\u00f3rias e\/ou preconceituosas contra pessoas com defici\u00eancia no exerc\u00edcio profissional do\/a assistente social, regulamentando os princ\u00edpios II, VI e XI inscritos no C\u00f3digo de \u00c9tica Profissional.<\/p>\n\n\n\n<p><a href=\"https:\/\/www.cfess.org.br\/legislacao\/view\/257\/resolucao-10542023\" target=\"_blank\" rel=\"noreferrer noopener\"><strong>Resolu\u00e7\u00e3o 1054\/2023<\/strong><\/a> &#8211; Estabelece normas vedando condutas de DISCRIMINA\u00c7\u00c3O E\/OU PRECONCEITO \u00c9TNICO-RACIAL no exerc\u00edcio profissional do\/a assistente social, referenciadas nos princ\u00edpios II, VI, XI inscritos na Resolu\u00e7\u00e3o CFESS n\u00ba 273 de 13 de mar\u00e7o de 1993, que institui o C\u00f3digo de \u00c9tica Profissional do\/a assistente social.<\/p>\n\n\n\n<p><a href=\"https:\/\/www.cfess.org.br\/legislacao\/view\/583\/resolucao-n-10982025\" target=\"_blank\" rel=\"noreferrer noopener\"><strong>Resolu\u00e7\u00e3o n\u00b0 1.098\/2025<\/strong><\/a> &#8211; Disp\u00f5e sobre os procedimentos para salvaguarda de documentos t\u00e9cnicos e de documentos t\u00e9cnicos sigilosos do Servi\u00e7o Social.<\/p>\n\n\n\n<p><a href=\"https:\/\/www.cfess.org.br\/legislacao\/view\/232\/resolucao-10842024\" target=\"_blank\" rel=\"noreferrer noopener\"><strong>Resolu\u00e7\u00e3o 1.084\/2024<\/strong><\/a> &#8211; Disp\u00f5e sobre a LAICIDADE na profiss\u00e3o e no Exerc\u00edcio Profissional da\/o assistente social, em face da laicidade de Estado.<\/p>\n\n\n\n<p><a href=\"https:\/\/www.cfess.org.br\/legislacao\/view\/242\/resolucao-10732024\" target=\"_blank\" rel=\"noreferrer noopener\"><strong>Resolu\u00e7\u00e3o 1.073\/2024<\/strong><\/a> &#8211; Institui procedimentos para a realiza\u00e7\u00e3o de DESAGRAVO P\u00daBLICO, e regulamenta a al\u00ednea \u201ce\u201d do artigo 2\u00ba do C\u00f3digo de \u00c9tica do Assistente Social \/Altera e revoga a Resolu\u00e7\u00e3o CFESS n\u00ba 443, 23 de maio de 2003.<\/p>\n\n\n\n<p><a href=\"https:\/\/www.cfess.org.br\/legislacao\/view\/607\/resolucao-n-11142025\" target=\"_blank\" rel=\"noreferrer noopener\"><strong>Resolu\u00e7\u00e3o n\u00ba 1.114\/2025<\/strong><\/a> &#8211; Disp\u00f5e sobre as condi\u00e7\u00f5es \u00e9ticas e t\u00e9cnicas para o exerc\u00edcio profissional da(o) Assistente Social.<\/p>\n\n\n\n<p><\/p>\n","protected":false},"excerpt":{"rendered":"<p>Resolu\u00e7\u00e3o CFESS n\u00ba 383\/1999 &#8211; Caracteriza o\/a assistente social como profissional da sa\u00fade. Resolu\u00e7\u00e3o CFESS n\u00ba 489\/2006 &#8211; Estabelece normas vedando condutas discriminat\u00f3rias ou preconceituosas, por orienta\u00e7\u00e3o e express\u00e3o sexual por pessoas do mesmo sexo, no exerc\u00edcio profissional do assistente social. Resolu\u00e7\u00e3o CFESS n\u00ba 533\/2008 &#8211; Regulamenta\u00e7\u00e3o da supervis\u00e3o direta de est\u00e1gio no Servi\u00e7o Social. [&hellip;]<\/p>\n","protected":false},"author":2,"featured_media":0,"parent":0,"menu_order":0,"comment_status":"closed","ping_status":"closed","template":"","meta":{"footnotes":""},"class_list":["post-3407","page","type-page","status-publish","hentry"],"_hostinger_reach_plugin_has_subscription_block":false,"_hostinger_reach_plugin_is_elementor":false,"_links":{"self":[{"href":"https:\/\/cress-ba.org.br\/index.php?rest_route=\/wp\/v2\/pages\/3407","targetHints":{"allow":["GET"]}}],"collection":[{"href":"https:\/\/cress-ba.org.br\/index.php?rest_route=\/wp\/v2\/pages"}],"about":[{"href":"https:\/\/cress-ba.org.br\/index.php?rest_route=\/wp\/v2\/types\/page"}],"author":[{"embeddable":true,"href":"https:\/\/cress-ba.org.br\/index.php?rest_route=\/wp\/v2\/users\/2"}],"replies":[{"embeddable":true,"href":"https:\/\/cress-ba.org.br\/index.php?rest_route=%2Fwp%2Fv2%2Fcomments&post=3407"}],"version-history":[{"count":2,"href":"https:\/\/cress-ba.org.br\/index.php?rest_route=\/wp\/v2\/pages\/3407\/revisions"}],"predecessor-version":[{"id":3412,"href":"https:\/\/cress-ba.org.br\/index.php?rest_route=\/wp\/v2\/pages\/3407\/revisions\/3412"}],"wp:attachment":[{"href":"https:\/\/cress-ba.org.br\/index.php?rest_route=%2Fwp%2Fv2%2Fmedia&parent=3407"}],"curies":[{"name":"wp","href":"https:\/\/api.w.org\/{rel}","templated":true}]}}