{"id":352,"date":"2025-11-04T11:16:10","date_gmt":"2025-11-04T14:16:10","guid":{"rendered":"https:\/\/sitesf2j.com.br\/cress\/?page_id=352"},"modified":"2025-11-04T11:16:11","modified_gmt":"2025-11-04T14:16:11","slug":"projetos-de-lei","status":"publish","type":"page","link":"https:\/\/cress-ba.org.br\/?page_id=352","title":{"rendered":"PROJETOS DE LEI"},"content":{"rendered":"\n<p>Acompanhar a tramita\u00e7\u00e3o dos Projetos de Lei (PL), na C\u00e2mara dos Deputados e no Senado, que envolvem o Servi\u00e7o Social e o\/a assistente social \u00e9 uma a\u00e7\u00e3o continua do CFESS.&nbsp;<br><br><strong>Acesse em:<\/strong><br><strong><a href=\"http:\/\/www.cfess.org.br\/visualizar\/menu\/local\/acompanhamentos-de-projetos-de-lei\">Acompanhamento de Projetos de Lei.<\/a>&nbsp;&nbsp;<br><a href=\"http:\/\/www.cfess.org.br\/arquivos\/acompanhamentopls2020cfess.pdf\">Acompanhamento de Projetos de lei para baixar<\/a>&nbsp;<\/strong><\/p>\n","protected":false},"excerpt":{"rendered":"<p>Acompanhar a tramita\u00e7\u00e3o dos Projetos de Lei (PL), na C\u00e2mara dos Deputados e no Senado, que envolvem o Servi\u00e7o Social e o\/a assistente social \u00e9 uma a\u00e7\u00e3o continua do CFESS.&nbsp; Acesse em:Acompanhamento de Projetos de Lei.&nbsp;&nbsp;Acompanhamento de Projetos de lei para baixar&nbsp;<\/p>\n","protected":false},"author":1,"featured_media":0,"parent":0,"menu_order":0,"comment_status":"closed","ping_status":"closed","template":"","meta":{"footnotes":""},"class_list":["post-352","page","type-page","status-publish","hentry"],"_hostinger_reach_plugin_has_subscription_block":false,"_hostinger_reach_plugin_is_elementor":false,"_links":{"self":[{"href":"https:\/\/cress-ba.org.br\/index.php?rest_route=\/wp\/v2\/pages\/352","targetHints":{"allow":["GET"]}}],"collection":[{"href":"https:\/\/cress-ba.org.br\/index.php?rest_route=\/wp\/v2\/pages"}],"about":[{"href":"https:\/\/cress-ba.org.br\/index.php?rest_route=\/wp\/v2\/types\/page"}],"author":[{"embeddable":true,"href":"https:\/\/cress-ba.org.br\/index.php?rest_route=\/wp\/v2\/users\/1"}],"replies":[{"embeddable":true,"href":"https:\/\/cress-ba.org.br\/index.php?rest_route=%2Fwp%2Fv2%2Fcomments&post=352"}],"version-history":[{"count":1,"href":"https:\/\/cress-ba.org.br\/index.php?rest_route=\/wp\/v2\/pages\/352\/revisions"}],"predecessor-version":[{"id":353,"href":"https:\/\/cress-ba.org.br\/index.php?rest_route=\/wp\/v2\/pages\/352\/revisions\/353"}],"wp:attachment":[{"href":"https:\/\/cress-ba.org.br\/index.php?rest_route=%2Fwp%2Fv2%2Fmedia&parent=352"}],"curies":[{"name":"wp","href":"https:\/\/api.w.org\/{rel}","templated":true}]}}