{"id":366,"date":"2025-11-04T11:21:28","date_gmt":"2025-11-04T14:21:28","guid":{"rendered":"https:\/\/sitesf2j.com.br\/cress\/?page_id=366"},"modified":"2026-05-11T14:34:05","modified_gmt":"2026-05-11T17:34:05","slug":"comissoes-cress-ba","status":"publish","type":"page","link":"https:\/\/cress-ba.org.br\/?page_id=366","title":{"rendered":"Comiss\u00f5es Tem\u00e1ticas"},"content":{"rendered":"\n<p>Os Conselhos Regionais de Servi\u00e7o Social, criados pela Lei Federal n\u00ba8.662, de 07 de junho de 1993, integrantes do Conjunto CFESS\/CRESS, s\u00e3o autarquias federais destinadas, basicamente, \u00e0 disciplina, \u00e0 defesa e \u00e0 fiscaliza\u00e7\u00e3o do exerc\u00edcio profissional de Assistentes Sociais.<\/p>\n\n\n\n<p>Desta maneira, com a finalidade de cumprir as suas finalidades e dar celeridade \u00e0s suas decis\u00f5es, os Conselhos Regionais de Servi\u00e7o Social poder\u00e3o constituir Comiss\u00f5es, que poder\u00e3o ser compostas por Conselheiros\/as efetivos\/as e suplentes, assessores\/as, trabalhadores\/as e convidados\/as, expedindo-se Portarias e Resolu\u00e7\u00f5es para a regulamenta\u00e7\u00e3o.<\/p>\n\n\n\n<p>As comiss\u00f5es tem\u00e1ticas &#8211; regulamentas pela <a href=\"https:\/\/cress-ba.org.br\/wp-content\/uploads\/2026\/05\/COMISSOES-TEMATICAS_RESOLUCAO_CRESS_5_REGIAO_NOVEMBRO_DE_2023.pdf\">Resolu\u00e7\u00e3o CRESS 5\u00aa Regi\u00e3o N\u00ba 017, de 11 de novembro de 2023<\/a> &#8211; s\u00e3o espa\u00e7os de discuss\u00e3o e proposi\u00e7\u00e3o que visam contribuir com a qualifica\u00e7\u00e3o do exerc\u00edcio profissional de Assistentes Sociais e tamb\u00e9m com a atua\u00e7\u00e3o pol\u00edtica do conjunto CFESS\/CRESS. <\/p>\n\n\n\n<p>Atualmente, no \u00e2mbito do CRESS 5\u00aa Regi\u00e3o &#8211;&nbsp;Bahia,&nbsp;est\u00e3o institu\u00eddas&nbsp;as seguintes comiss\u00f5es:<\/p>\n\n\n\n<ul class=\"wp-block-list\">\n<li>Comiss\u00e3o de Sa\u00fade \/ Sa\u00fade Mental<\/li>\n\n\n\n<li>Comiss\u00e3o de Previd\u00eancia Social<\/li>\n\n\n\n<li>Comiss\u00e3o de Assist\u00eancia Social<\/li>\n\n\n\n<li>Comiss\u00e3o de Educa\u00e7\u00e3o<\/li>\n\n\n\n<li>Comiss\u00e3o de Interioriza\u00e7\u00e3o<\/li>\n\n\n\n<li>Comiss\u00e3o de Trabalho e Forma\u00e7\u00e3o Profissional<\/li>\n\n\n\n<li>Comiss\u00e3o Sociojur\u00eddica<\/li>\n\n\n\n<li>Comiss\u00e3o de Direito \u00e0 Cidade<\/li>\n\n\n\n<li>Comiss\u00e3o de G\u00eanero, Ra\u00e7a e Etnia<\/li>\n<\/ul>\n\n\n\n<p><strong>Como participar:<\/strong><\/p>\n\n\n\n<p>Para dinamizar a participa\u00e7\u00e3o e encaminhamentos, foram formalizados novos grupos de&nbsp;<em>whatsapp<\/em>&nbsp;para serem canal de comunica\u00e7\u00e3o institucional das comiss\u00f5es, destinado exclusivamente para informes, combinados e agendas de cada comiss\u00e3o.<\/p>\n\n\n\n<p>Pessoas interessadas em participar de alguma comiss\u00e3o podem entrar em&nbsp;contato atrav\u00e9s dos e-mails&nbsp;<strong>ascom@cress-ba.org.br<\/strong>&nbsp;ou&nbsp;<strong>astec@cress-ba.org.br,&nbsp;<\/strong>e enviar seu n\u00famero de telefone (com whatsapp)&nbsp;para ser adicionada\/o no grupo tem\u00e1tico.<\/p>\n","protected":false},"excerpt":{"rendered":"<p>Os Conselhos Regionais de Servi\u00e7o Social, criados pela Lei Federal n\u00ba8.662, de 07 de junho de 1993, integrantes do Conjunto CFESS\/CRESS, s\u00e3o autarquias federais destinadas, basicamente, \u00e0 disciplina, \u00e0 defesa e \u00e0 fiscaliza\u00e7\u00e3o do exerc\u00edcio profissional de Assistentes Sociais. Desta maneira, com a finalidade de cumprir as suas finalidades e dar celeridade \u00e0s suas decis\u00f5es, [&hellip;]<\/p>\n","protected":false},"author":1,"featured_media":0,"parent":0,"menu_order":0,"comment_status":"closed","ping_status":"closed","template":"","meta":{"footnotes":""},"class_list":["post-366","page","type-page","status-publish","hentry"],"_hostinger_reach_plugin_has_subscription_block":false,"_hostinger_reach_plugin_is_elementor":false,"_links":{"self":[{"href":"https:\/\/cress-ba.org.br\/index.php?rest_route=\/wp\/v2\/pages\/366","targetHints":{"allow":["GET"]}}],"collection":[{"href":"https:\/\/cress-ba.org.br\/index.php?rest_route=\/wp\/v2\/pages"}],"about":[{"href":"https:\/\/cress-ba.org.br\/index.php?rest_route=\/wp\/v2\/types\/page"}],"author":[{"embeddable":true,"href":"https:\/\/cress-ba.org.br\/index.php?rest_route=\/wp\/v2\/users\/1"}],"replies":[{"embeddable":true,"href":"https:\/\/cress-ba.org.br\/index.php?rest_route=%2Fwp%2Fv2%2Fcomments&post=366"}],"version-history":[{"count":3,"href":"https:\/\/cress-ba.org.br\/index.php?rest_route=\/wp\/v2\/pages\/366\/revisions"}],"predecessor-version":[{"id":5671,"href":"https:\/\/cress-ba.org.br\/index.php?rest_route=\/wp\/v2\/pages\/366\/revisions\/5671"}],"wp:attachment":[{"href":"https:\/\/cress-ba.org.br\/index.php?rest_route=%2Fwp%2Fv2%2Fmedia&parent=366"}],"curies":[{"name":"wp","href":"https:\/\/api.w.org\/{rel}","templated":true}]}}