{"id":368,"date":"2025-11-04T11:22:09","date_gmt":"2025-11-04T14:22:09","guid":{"rendered":"https:\/\/sitesf2j.com.br\/cress\/?page_id=368"},"modified":"2025-11-04T11:22:09","modified_gmt":"2025-11-04T14:22:09","slug":"comissao-de-assistencia-social","status":"publish","type":"page","link":"https:\/\/cress-ba.org.br\/?page_id=368","title":{"rendered":"COMISS\u00c3O DE ASSIST\u00caNCIA SOCIAL"},"content":{"rendered":"\n<p>A&nbsp;Comiss\u00e3o de Assist\u00eancia Social&nbsp;defende a qualidade da pol\u00edtica p\u00fablica na perspectiva da garantia de direitos da categoria usu\u00e1ria e a interven\u00e7\u00e3o qualificada e cr\u00edtica das\/os assistentes sociais como trabalhadoras\/es.<\/p>\n\n\n\n<p>Al\u00e9m das reuni\u00f5es ordin\u00e1rias, a comiss\u00e3o atua a partir&nbsp;da representa\u00e7\u00e3o de conselheiras\/os em F\u00f3runs, Conselhos de Direitos e de Pol\u00edticas e defende a socializa\u00e7\u00e3o da pol\u00edtica e participa\u00e7\u00e3o democr\u00e1tica dos assistentes sociais nos espa\u00e7os de controle social democr\u00e1tico.<\/p>\n\n\n\n<p>A&nbsp;<strong>Comiss\u00e3o de Assist\u00eancia Social<\/strong>&nbsp;\u00e9 composta por profissionais que atuam na \u00e1rea da assist\u00eancia social, discentes de gradua\u00e7\u00e3o em servi\u00e7o social e representantes de movimentos sociais da categoria usu\u00e1ria da pol\u00edtica de assist\u00eancia.<\/p>\n\n\n\n<p><strong>E-MAIL PARA CONTATO:&nbsp;<\/strong>ASSISTENCIA@CRESS-BA.ORG.BR<\/p>\n\n\n\n<p><strong>Data de reuni\u00f5es:<\/strong><\/p>\n\n\n\n<figure class=\"wp-block-table\"><table class=\"has-fixed-layout\"><tbody><tr><td><strong>JAM<\/strong><\/td><td><strong>FEV&nbsp;<\/strong><\/td><td><strong>MAR&nbsp;<\/strong><\/td><td><strong>ABR&nbsp;<\/strong><\/td><td><strong>MAI&nbsp;<\/strong><\/td><td><strong>JUN&nbsp;<\/strong><\/td><td><strong>JUL&nbsp;<\/strong><\/td><td><strong>AGO&nbsp;<\/strong><\/td><td><strong>SET&nbsp;<\/strong><\/td><td><strong>OUT<\/strong><\/td><td><strong>&nbsp;NOV&nbsp;<\/strong><\/td><td><strong>DEZ<\/strong><\/td><\/tr><tr><td>&nbsp;<\/td><td><strong>16.02&nbsp;<\/strong><\/td><td><strong>08.03<\/strong><strong>15.03<\/strong><\/td><td><strong>&nbsp;12.04&nbsp;&nbsp;<\/strong><\/td><td><strong>10.05<\/strong><\/td><td><strong>&nbsp;&nbsp;14.06<\/strong><\/td><td><strong>&nbsp;12.07<\/strong><\/td><td><strong>09.08&nbsp;<\/strong><\/td><td><strong>08.09&nbsp;<\/strong><\/td><td><strong>11.10&nbsp;<\/strong><\/td><td><strong>08.11<\/strong><\/td><td><strong>&nbsp;13.12<\/strong><\/td><\/tr><\/tbody><\/table><\/figure>\n\n\n\n<p><strong><a href=\"https:\/\/crp03.org.br\/wp-content\/uploads\/2022\/02\/Nota-Conjunta-CRP03-CRESS-SAS_compressed.pdf\" target=\"_blank\" rel=\"noreferrer noopener\">Nota T\u00e9cnica Conjunta&nbsp;SAS-SDHDS\/CRES-BA\/CRP-03 N\u00ba01\/2019<\/a><\/strong><br>(Atua\u00e7\u00e3o interdiciplinar de Assistente Sociais e Psic\u00f3logas\/os no SUAS, no Estado da Bahia.<\/p>\n\n\n\n<p><strong><a href=\"https:\/\/www.mds.gov.br\/webarquivos\/arquivo\/assistencia_social\/nota_tecnica_120520016.pdf\" target=\"_blank\" rel=\"noreferrer noopener\">Nota T\u00e9cnica N\u00ba 02\/2016 SNAS\/MDS<\/a><\/strong><br>(Sobre a rela\u00e7\u00e3o entre o sistema \u00fanico de Assist\u00eancia Social &#8211; SUAS e os \u00f3rg\u00e3o do Sistema de Justi\u00e7a)<\/p>\n\n\n\n<p><a href=\"http:\/\/www.cfess.org.br\/arquivos\/Resolucao_CFESS_557-2009.pdf\" target=\"_blank\" rel=\"noreferrer noopener\"><strong>Resolu\u00e7\u00e3o CFESS N\u00ba 557\/2009<\/strong><\/a><br>(Disp\u00f5e sobre a emiss\u00e3o de pareceres, laudos, opini\u00f5es&nbsp;t\u00e9cnicas conjuntos entre o assistente sociais e outros profissionais)<\/p>\n","protected":false},"excerpt":{"rendered":"<p>A&nbsp;Comiss\u00e3o de Assist\u00eancia Social&nbsp;defende a qualidade da pol\u00edtica p\u00fablica na perspectiva da garantia de direitos da categoria usu\u00e1ria e a interven\u00e7\u00e3o qualificada e cr\u00edtica das\/os assistentes sociais como trabalhadoras\/es. Al\u00e9m das reuni\u00f5es ordin\u00e1rias, a comiss\u00e3o atua a partir&nbsp;da representa\u00e7\u00e3o de conselheiras\/os em F\u00f3runs, Conselhos de Direitos e de Pol\u00edticas e defende a socializa\u00e7\u00e3o da pol\u00edtica [&hellip;]<\/p>\n","protected":false},"author":1,"featured_media":0,"parent":0,"menu_order":0,"comment_status":"closed","ping_status":"closed","template":"","meta":{"footnotes":""},"class_list":["post-368","page","type-page","status-publish","hentry"],"_hostinger_reach_plugin_has_subscription_block":false,"_hostinger_reach_plugin_is_elementor":false,"_links":{"self":[{"href":"https:\/\/cress-ba.org.br\/index.php?rest_route=\/wp\/v2\/pages\/368","targetHints":{"allow":["GET"]}}],"collection":[{"href":"https:\/\/cress-ba.org.br\/index.php?rest_route=\/wp\/v2\/pages"}],"about":[{"href":"https:\/\/cress-ba.org.br\/index.php?rest_route=\/wp\/v2\/types\/page"}],"author":[{"embeddable":true,"href":"https:\/\/cress-ba.org.br\/index.php?rest_route=\/wp\/v2\/users\/1"}],"replies":[{"embeddable":true,"href":"https:\/\/cress-ba.org.br\/index.php?rest_route=%2Fwp%2Fv2%2Fcomments&post=368"}],"version-history":[{"count":1,"href":"https:\/\/cress-ba.org.br\/index.php?rest_route=\/wp\/v2\/pages\/368\/revisions"}],"predecessor-version":[{"id":369,"href":"https:\/\/cress-ba.org.br\/index.php?rest_route=\/wp\/v2\/pages\/368\/revisions\/369"}],"wp:attachment":[{"href":"https:\/\/cress-ba.org.br\/index.php?rest_route=%2Fwp%2Fv2%2Fmedia&parent=368"}],"curies":[{"name":"wp","href":"https:\/\/api.w.org\/{rel}","templated":true}]}}