{"id":370,"date":"2025-11-04T11:22:17","date_gmt":"2025-11-04T14:22:17","guid":{"rendered":"https:\/\/sitesf2j.com.br\/cress\/?page_id=370"},"modified":"2025-11-04T11:22:18","modified_gmt":"2025-11-04T14:22:18","slug":"comissao-de-trabalho-e-formacao-profissional","status":"publish","type":"page","link":"https:\/\/cress-ba.org.br\/?page_id=370","title":{"rendered":"COMISS\u00c3O DE TRABALHO E\u00a0FORMA\u00c7\u00c3O PROFISSIONAL"},"content":{"rendered":"\n<p>\u00c0&nbsp;Comiss\u00e3o de Forma\u00e7\u00e3o Profissional&nbsp;cabe atuar na articula\u00e7\u00e3o entre a forma\u00e7\u00e3o e o exerc\u00edcio profissional, estimulando a cria\u00e7\u00e3o de mecanismos que contribuam para o aprimoramento intelectual da\/o assistente social; participar em eventos relativos \u00e0 tem\u00e1tica que defendam o projeto de Forma\u00e7\u00e3o Profissional, referenciado nas diretrizes curriculares aprovadas pela ABEPSS e suas implica\u00e7\u00f5es para o exerc\u00edcio profissional.<\/p>\n\n\n\n<p>A&nbsp;<strong>Comiss\u00e3o de Forma\u00e7\u00e3o Profissional<\/strong>&nbsp;\u00e9 composta por profissionais docentes, discentes de gradua\u00e7\u00e3o e p\u00f3s-gradua\u00e7\u00e3o, supervisores acad\u00eamicos e de campo de est\u00e1gio, membros da diretoria do CRESS\/BA, representantes das entidades da categoria, articulando-se com os movimentos sociais e outros sujeitos pol\u00edticos.<\/p>\n\n\n\n<p><strong>E-MAIL PARA CONTATO:&nbsp;<\/strong>FORMACAOPROFISSIONAL@CRESS-BA.ORG.BR<\/p>\n\n\n\n<p><strong>Data de reuni\u00f5es:<\/strong><\/p>\n\n\n\n<figure class=\"wp-block-table\"><table class=\"has-fixed-layout\"><tbody><tr><td><strong>JAM&nbsp;<\/strong><\/td><td>FEV&nbsp;<\/td><td>MAR&nbsp;<\/td><td>ABR&nbsp;<\/td><td>MAI&nbsp;<\/td><td>JUN&nbsp;<\/td><td>JUL&nbsp;<\/td><td>AGO&nbsp;<\/td><td>SET&nbsp;<\/td><td>OUT<\/td><td>&nbsp;NOV&nbsp;<\/td><td>DEZ<\/td><\/tr><tr><td>&nbsp;<\/td><td><strong>24.02<\/strong><\/td><td>&nbsp;<\/td><td>&nbsp;<\/td><td>&nbsp;<\/td><td>&nbsp;<\/td><td>&nbsp;<\/td><td>&nbsp;<\/td><td>&nbsp;<\/td><td>&nbsp;<\/td><td>&nbsp;<\/td><td>&nbsp;<\/td><\/tr><\/tbody><\/table><\/figure>\n\n\n\n<p><strong>Documentos da comiss\u00e3o:<\/strong><\/p>\n","protected":false},"excerpt":{"rendered":"<p>\u00c0&nbsp;Comiss\u00e3o de Forma\u00e7\u00e3o Profissional&nbsp;cabe atuar na articula\u00e7\u00e3o entre a forma\u00e7\u00e3o e o exerc\u00edcio profissional, estimulando a cria\u00e7\u00e3o de mecanismos que contribuam para o aprimoramento intelectual da\/o assistente social; participar em eventos relativos \u00e0 tem\u00e1tica que defendam o projeto de Forma\u00e7\u00e3o Profissional, referenciado nas diretrizes curriculares aprovadas pela ABEPSS e suas implica\u00e7\u00f5es para o exerc\u00edcio profissional. [&hellip;]<\/p>\n","protected":false},"author":1,"featured_media":0,"parent":0,"menu_order":0,"comment_status":"closed","ping_status":"closed","template":"","meta":{"footnotes":""},"class_list":["post-370","page","type-page","status-publish","hentry"],"_hostinger_reach_plugin_has_subscription_block":false,"_hostinger_reach_plugin_is_elementor":false,"_links":{"self":[{"href":"https:\/\/cress-ba.org.br\/index.php?rest_route=\/wp\/v2\/pages\/370","targetHints":{"allow":["GET"]}}],"collection":[{"href":"https:\/\/cress-ba.org.br\/index.php?rest_route=\/wp\/v2\/pages"}],"about":[{"href":"https:\/\/cress-ba.org.br\/index.php?rest_route=\/wp\/v2\/types\/page"}],"author":[{"embeddable":true,"href":"https:\/\/cress-ba.org.br\/index.php?rest_route=\/wp\/v2\/users\/1"}],"replies":[{"embeddable":true,"href":"https:\/\/cress-ba.org.br\/index.php?rest_route=%2Fwp%2Fv2%2Fcomments&post=370"}],"version-history":[{"count":1,"href":"https:\/\/cress-ba.org.br\/index.php?rest_route=\/wp\/v2\/pages\/370\/revisions"}],"predecessor-version":[{"id":371,"href":"https:\/\/cress-ba.org.br\/index.php?rest_route=\/wp\/v2\/pages\/370\/revisions\/371"}],"wp:attachment":[{"href":"https:\/\/cress-ba.org.br\/index.php?rest_route=%2Fwp%2Fv2%2Fmedia&parent=370"}],"curies":[{"name":"wp","href":"https:\/\/api.w.org\/{rel}","templated":true}]}}