{"id":372,"date":"2025-11-04T11:22:40","date_gmt":"2025-11-04T14:22:40","guid":{"rendered":"https:\/\/sitesf2j.com.br\/cress\/?page_id=372"},"modified":"2025-12-18T16:44:35","modified_gmt":"2025-12-18T19:44:35","slug":"comissao-de-previdencia-social","status":"publish","type":"page","link":"https:\/\/cress-ba.org.br\/?page_id=372","title":{"rendered":"COMISS\u00c3O DE PREVID\u00caNCIA SOCIAL\u00a0"},"content":{"rendered":"\n<p>Cabe \u00e0 Comiss\u00e3o de Previd\u00eancia Social debater e propor sobre a\u00e7\u00f5es pol\u00edticas, \u00e9ticas e t\u00e9cnicas&nbsp;quanto \u00e0s quest\u00f5es relacionadas ao exerc\u00edcio profissional no \u00e2mbito do INSS, na perspectiva da qualifica\u00e7\u00e3o do exerc\u00edcio profissional&nbsp;e no acesso e&nbsp;garantia de direitos Assistenciais e Previdenci\u00e1rios.<\/p>\n\n\n\n<p>Participam da&nbsp;<strong>Comiss\u00e3o de Previd\u00eancia&nbsp;<\/strong><strong>Social<\/strong>,&nbsp;assistentes sociais&nbsp;do Servi\u00e7o Social&nbsp;e da Reabilita\u00e7\u00e3o Profissional&nbsp;do INSS,&nbsp;bem como&nbsp;de outras&nbsp;\u00e1reas&nbsp;profissionais&nbsp;que manifestem interesse em se somar nesse processo formativo a partir de reuni\u00f5es ordin\u00e1rias bimestrais&nbsp;realizadas&nbsp;na \u00faltima&nbsp;quinta-feira do m\u00eas, \u00e0s 19:30h .<\/p>\n\n\n\n<p><strong>E-MAIL PARA CONTATO:&nbsp;<\/strong>PREVIDENCIA@CRESS-BA.ORG.BR<\/p>\n\n\n\n<p><strong>Datas de Reuni\u00f5es 2023:<\/strong><\/p>\n\n\n\n<figure class=\"wp-block-table\"><table class=\"has-fixed-layout\"><tbody><tr><td>JUL<\/td><td>&nbsp;SET&nbsp;<\/td><td>NOV<\/td><\/tr><tr><td>27.07&nbsp;<\/td><td>28.09&nbsp;<\/td><td>30.11&nbsp;<\/td><\/tr><\/tbody><\/table><\/figure>\n\n\n\n<p><strong>Datas de Reuni\u00f5es 2024 &#8211;&nbsp;re<\/strong><strong>uni\u00f5es online, bimestrais, na \u00faltima quinta-feira<\/strong><\/p>\n\n\n\n<p>25.04&nbsp;<\/p>\n\n\n\n<p>27,06<\/p>\n\n\n\n<p>29.08<\/p>\n\n\n\n<p>31.10&nbsp;<\/p>\n\n\n\n<p>19.12&nbsp;<\/p>\n\n\n\n<p>Email da Comiss\u00e3o de Previd\u00eancia:&nbsp;<a href=\"mailto:previdencia@cress-ba.org.br\">previdencia@cress-ba.org.br<\/a><\/p>\n\n\n\n<p><strong>Documentos da comiss\u00e3o:<\/strong><\/p>\n\n\n\n<p><a href=\"https:\/\/www.in.gov.br\/web\/dou\/-\/instrucao-normativa-pres\/inss-n-155-de-26-de-setembro-de-2023-512448063\">INSTRU\u00c7\u00c3O NORMATIVA INSS N\u00ba 155, DE 26 DE SETEMBRO DE 2023<\/a>&nbsp;&#8211;&nbsp;altera a<a href=\"https:\/\/www.in.gov.br\/en\/web\/dou\/-\/instrucao-normativa-pres\/inss-n-128-de-28-de-marco-de-2022-389275446\">&nbsp;Instru\u00e7\u00e3o Normativa PRES\/INSS n\u00ba 128<\/a>, de 28 de mar\u00e7o de 2022, que disciplina as regras, procedimentos e rotinas necess\u00e1rias \u00e0 efetiva aplica\u00e7\u00e3o das normas de direito previdenci\u00e1rio<\/p>\n\n\n\n<p><strong>Relatorias&nbsp;2023<\/strong><\/p>\n\n\n\n<p><a href=\"https:\/\/cress-ba.org.br\/wp-content\/uploads\/2025\/12\/Relatoria-Reuniao-Comissao-de-Previdencia-27_07_23.pdf\">Relatoria reuni\u00e3o 27\/07\/23<\/a><\/p>\n\n\n\n<p><a href=\"https:\/\/cress-ba.org.br\/wp-content\/uploads\/2025\/12\/Relatoria-Reuniao-Comissao-Previdencia-28_09_23.pdf\">Relatoria reuni\u00e3o 28\/09\/23<\/a><\/p>\n\n\n\n<p><strong>Relatorias&nbsp;2024<\/strong><\/p>\n\n\n\n<p><a href=\"https:\/\/cress-ba.org.br\/wp-content\/uploads\/2025\/12\/Relatoria-Reuniao-Comissao-Previdencia-07_03_24.pdf\">Relatoria reuni\u00e3o 07\/03\/24<\/a><\/p>\n\n\n\n<p><a href=\"https:\/\/cress-ba.org.br\/wp-content\/uploads\/2025\/12\/Relatoria-Reuniao-Comissao-Previdencia-25_04_24.pdf\">Relatoria reuni\u00e3o 25\/04\/24<\/a><\/p>\n\n\n\n<p><a href=\"https:\/\/cress-ba.org.br\/wp-content\/uploads\/2025\/12\/Relatoria-Reuniao-Comissao-Previdencia-28_06_24.pdf\">Relatoria reuni\u00e3o 28\/06\/24<\/a><\/p>\n\n\n\n<p><\/p>\n","protected":false},"excerpt":{"rendered":"<p>Cabe \u00e0 Comiss\u00e3o de Previd\u00eancia Social debater e propor sobre a\u00e7\u00f5es pol\u00edticas, \u00e9ticas e t\u00e9cnicas&nbsp;quanto \u00e0s quest\u00f5es relacionadas ao exerc\u00edcio profissional no \u00e2mbito do INSS, na perspectiva da qualifica\u00e7\u00e3o do exerc\u00edcio profissional&nbsp;e no acesso e&nbsp;garantia de direitos Assistenciais e Previdenci\u00e1rios. Participam da&nbsp;Comiss\u00e3o de Previd\u00eancia&nbsp;Social,&nbsp;assistentes sociais&nbsp;do Servi\u00e7o Social&nbsp;e da Reabilita\u00e7\u00e3o Profissional&nbsp;do INSS,&nbsp;bem como&nbsp;de outras&nbsp;\u00e1reas&nbsp;profissionais&nbsp;que manifestem interesse [&hellip;]<\/p>\n","protected":false},"author":1,"featured_media":0,"parent":0,"menu_order":0,"comment_status":"closed","ping_status":"closed","template":"","meta":{"footnotes":""},"class_list":["post-372","page","type-page","status-publish","hentry"],"_hostinger_reach_plugin_has_subscription_block":false,"_hostinger_reach_plugin_is_elementor":false,"_links":{"self":[{"href":"https:\/\/cress-ba.org.br\/index.php?rest_route=\/wp\/v2\/pages\/372","targetHints":{"allow":["GET"]}}],"collection":[{"href":"https:\/\/cress-ba.org.br\/index.php?rest_route=\/wp\/v2\/pages"}],"about":[{"href":"https:\/\/cress-ba.org.br\/index.php?rest_route=\/wp\/v2\/types\/page"}],"author":[{"embeddable":true,"href":"https:\/\/cress-ba.org.br\/index.php?rest_route=\/wp\/v2\/users\/1"}],"replies":[{"embeddable":true,"href":"https:\/\/cress-ba.org.br\/index.php?rest_route=%2Fwp%2Fv2%2Fcomments&post=372"}],"version-history":[{"count":2,"href":"https:\/\/cress-ba.org.br\/index.php?rest_route=\/wp\/v2\/pages\/372\/revisions"}],"predecessor-version":[{"id":2456,"href":"https:\/\/cress-ba.org.br\/index.php?rest_route=\/wp\/v2\/pages\/372\/revisions\/2456"}],"wp:attachment":[{"href":"https:\/\/cress-ba.org.br\/index.php?rest_route=%2Fwp%2Fv2%2Fmedia&parent=372"}],"curies":[{"name":"wp","href":"https:\/\/api.w.org\/{rel}","templated":true}]}}