{"id":374,"date":"2025-11-04T11:22:59","date_gmt":"2025-11-04T14:22:59","guid":{"rendered":"https:\/\/sitesf2j.com.br\/cress\/?page_id=374"},"modified":"2026-02-10T17:14:53","modified_gmt":"2026-02-10T20:14:53","slug":"comissao-de-educacao","status":"publish","type":"page","link":"https:\/\/cress-ba.org.br\/?page_id=374","title":{"rendered":"COMISS\u00c3O DE EDUCA\u00c7\u00c3O"},"content":{"rendered":"\n<p>A&nbsp;Comiss\u00e3o de Educa\u00e7\u00e3o&nbsp;tem como objetivo identificar e mobilizar as\/os profissionais de Servi\u00e7o Social que atuam na Educa\u00e7\u00e3o baiana \u00e0 milit\u00e2ncia na \u00e1rea; debater a conjuntura da pol\u00edtica de educa\u00e7\u00e3o e a expans\u00e3o da inser\u00e7\u00e3o do Servi\u00e7o Social; realizar trocas de experi\u00eancias e pesquisas na \u00e1rea; Refletir as compet\u00eancias e desafios da atua\u00e7\u00e3o do Servi\u00e7o Social na Educa\u00e7\u00e3o.<\/p>\n\n\n\n<p>Participam da&nbsp;<strong>Comiss\u00e3o de Educa\u00e7\u00e3o,<\/strong>&nbsp;profissionais e estudantes de Servi\u00e7o Social, especialmente as\/os que atuam ou pesquisam na \u00e1rea de Educa\u00e7\u00e3o.<\/p>\n\n\n\n<p><strong>E-MAIL PARA CONTATO:&nbsp;<\/strong>EDUCACAO@CRESS-BA.ORG.BR<\/p>\n\n\n\n<p><strong>Reuni\u00f5es<\/strong><\/p>\n\n\n\n<p>As reuni\u00f5es ordin\u00e1rias da comiss\u00e3o de educa\u00e7\u00e3o ocorrem bimestralmente, na \u00faltima quarta-feira do m\u00eas, \u00e0s 19h. O calend\u00e1rio \u00e9 pass\u00edvel de altera\u00e7\u00e3o, sendo sempre informado, previamente, via redes sociais do CRESS-BA<\/p>\n\n\n\n<p><strong>Documentos da comiss\u00e3o:<\/strong><\/p>\n\n\n\n<ul class=\"wp-block-list\">\n<li>LEI N\u00ba 13.935, DE 11 DE DEZEMBRO DE 2019 (Disp\u00f5e sobre a presta\u00e7\u00e3o de servi\u00e7os de psicologia e de servi\u00e7o social nas redes p\u00fablicas de educa\u00e7\u00e3o b\u00e1sica).&nbsp;<a href=\"http:\/\/www.planalto.gov.br\/ccivil_03\/_ato2019-2022\/2019\/lei\/L13935.htm\" target=\"_blank\" rel=\"noreferrer noopener\">Dispon\u00edvel aqui<\/a>.<strong>&nbsp;<\/strong><\/li>\n\n\n\n<li>Manual \u201cPsic\u00f3logas(os) e Assistentes Sociais na Rede P\u00fablica de Educa\u00e7\u00e3o B\u00e1sica: orienta\u00e7\u00f5es para regulamenta\u00e7\u00e3o da Lei n\u00ba 13.935, de 2019\u201d.&nbsp;<strong><a href=\"http:\/\/www.cfess.org.br\/arquivos\/ASePSInaEducacaoBasica-VS2021.pdf\" target=\"_blank\" rel=\"noreferrer noopener\">Dispon\u00edvel aqui<\/a><\/strong>.<\/li>\n\n\n\n<li>Subs\u00eddio para a Regulamenta\u00e7\u00e3o da Lei n\u00ba 13.935, de 2019.&nbsp;<a href=\"https:\/\/abrapee.files.wordpress.com\/2020\/09\/anexo_0242141_subsidio_para_a_regulamentacao_da_lei_13.935_2019.pdf\" target=\"_blank\" rel=\"noreferrer noopener\"><strong>Dispon\u00edvel aqui<\/strong><\/a>.<\/li>\n\n\n\n<li>Minuta de Decreto que Regulamenta a Lei n\u00ba 13.935, de 2019.&nbsp;<strong><a href=\"https:\/\/abrapee.files.wordpress.com\/2020\/09\/minuta_0242142_minuta_de_decreto_que_regulamenta_a_lei_n__13.935_2019.pdf\" target=\"_blank\" rel=\"noreferrer noopener\">Dispon\u00edvel aqui<\/a><\/strong>.&nbsp;<\/li>\n\n\n\n<li>Subs\u00eddios para a Atua\u00e7\u00e3o de Assistentes Sociais na Pol\u00edtica de Educa\u00e7\u00e3o.&nbsp;<a href=\"http:\/\/www.cfess.org.br\/arquivos\/BROCHURACFESS_SUBSIDIOS-AS-EDUCACAO.pdf\" target=\"_blank\" rel=\"noreferrer noopener\"><strong>Dispon\u00edvel aqui<\/strong><\/a>.<\/li>\n\n\n\n<li>Informa\u00e7\u00e3o T\u00e9cnica 05\/2021 CEDUC (MP-BA)&nbsp;a acerca da poss\u00edvel atua\u00e7\u00e3o dos doutos Promotores de Justi\u00e7a com atribui\u00e7\u00e3o na \u00e1rea de defesa da educa\u00e7\u00e3o no tocante \u00e0s medidas extrajudiciais e judiciais a serem tomadas com vistas a assegurar o cumprimento das obriga\u00e7\u00f5es estabelecidas na Lei Federal n\u00ba 13.935\/2019, que disp\u00f5e sobre a presta\u00e7\u00e3o de servi\u00e7os de Psicologia e de Servi\u00e7o Social nas redes p\u00fablicas de educa\u00e7\u00e3o b\u00e1sica.&nbsp;<\/li>\n<\/ul>\n\n\n\n<p><strong>Relatorias das reuni\u00f5es<\/strong><\/p>\n\n\n\n<p><a href=\"https:\/\/cress-ba.org.br\/wp-content\/uploads\/2025\/12\/COMISSAO-DE-EDUCACAO-CRESS.pdf\"><strong>1\u00ba reuni\u00e3o da Comiss\u00e3o de Educa\u00e7\u00e3o do tri\u00eanio 2023 a 2026<\/strong><\/a><\/p>\n\n\n\n<p><a href=\"https:\/\/cress-ba.org.br\/wp-content\/uploads\/2025\/12\/2a-reuniao-da-Comissao-de-Educacao-do-trienio-2023-a-2026_-27_09_2023.pdf\"><strong>2\u00aa reuni\u00e3o da Comiss\u00e3o de Educa\u00e7\u00e3o do tri\u00eanio 2023-2026<\/strong><\/a><\/p>\n\n\n\n<p><a href=\"https:\/\/cress-ba.org.br\/wp-content\/uploads\/2025\/12\/Educacao-relatoria-comissoes-tematicas-04_12_2023-.pdf\"><strong>3\u00aa Reuni\u00e3o da Comiss\u00e3o de Educa\u00e7\u00e3o do tri\u00eanio 2023-2026<\/strong><\/a><\/p>\n\n\n\n<p><a href=\"https:\/\/cress-ba.org.br\/wp-content\/uploads\/2025\/12\/Relatoria-Comissao-Educacao-03_04_2024.pdf\"><strong>4\u00aa Reuni\u00e3o da Comiss\u00e3o de Educa\u00e7\u00e3o do tri\u00eanio 2023-2026<\/strong><\/a><\/p>\n\n\n\n<p><\/p>\n","protected":false},"excerpt":{"rendered":"<p>A&nbsp;Comiss\u00e3o de Educa\u00e7\u00e3o&nbsp;tem como objetivo identificar e mobilizar as\/os profissionais de Servi\u00e7o Social que atuam na Educa\u00e7\u00e3o baiana \u00e0 milit\u00e2ncia na \u00e1rea; debater a conjuntura da pol\u00edtica de educa\u00e7\u00e3o e a expans\u00e3o da inser\u00e7\u00e3o do Servi\u00e7o Social; realizar trocas de experi\u00eancias e pesquisas na \u00e1rea; Refletir as compet\u00eancias e desafios da atua\u00e7\u00e3o do Servi\u00e7o Social [&hellip;]<\/p>\n","protected":false},"author":1,"featured_media":0,"parent":0,"menu_order":0,"comment_status":"closed","ping_status":"closed","template":"","meta":{"footnotes":""},"class_list":["post-374","page","type-page","status-publish","hentry"],"_hostinger_reach_plugin_has_subscription_block":false,"_hostinger_reach_plugin_is_elementor":false,"_links":{"self":[{"href":"https:\/\/cress-ba.org.br\/index.php?rest_route=\/wp\/v2\/pages\/374","targetHints":{"allow":["GET"]}}],"collection":[{"href":"https:\/\/cress-ba.org.br\/index.php?rest_route=\/wp\/v2\/pages"}],"about":[{"href":"https:\/\/cress-ba.org.br\/index.php?rest_route=\/wp\/v2\/types\/page"}],"author":[{"embeddable":true,"href":"https:\/\/cress-ba.org.br\/index.php?rest_route=\/wp\/v2\/users\/1"}],"replies":[{"embeddable":true,"href":"https:\/\/cress-ba.org.br\/index.php?rest_route=%2Fwp%2Fv2%2Fcomments&post=374"}],"version-history":[{"count":4,"href":"https:\/\/cress-ba.org.br\/index.php?rest_route=\/wp\/v2\/pages\/374\/revisions"}],"predecessor-version":[{"id":3466,"href":"https:\/\/cress-ba.org.br\/index.php?rest_route=\/wp\/v2\/pages\/374\/revisions\/3466"}],"wp:attachment":[{"href":"https:\/\/cress-ba.org.br\/index.php?rest_route=%2Fwp%2Fv2%2Fmedia&parent=374"}],"curies":[{"name":"wp","href":"https:\/\/api.w.org\/{rel}","templated":true}]}}