{"id":380,"date":"2025-11-04T11:24:04","date_gmt":"2025-11-04T14:24:04","guid":{"rendered":"https:\/\/sitesf2j.com.br\/cress\/?page_id=380"},"modified":"2025-11-04T11:24:05","modified_gmt":"2025-11-04T14:24:05","slug":"comissao-de-direito-a-cidade","status":"publish","type":"page","link":"https:\/\/cress-ba.org.br\/?page_id=380","title":{"rendered":"COMISS\u00c3O DE DIREITO \u00c0 CIDADE"},"content":{"rendered":"\n<p>Constituem o escopo de discuss\u00f5es, reflex\u00f5es e pr\u00e1ticas dessa&nbsp;Comiss\u00e3o a atua\u00e7\u00e3o profissional nos diferentes espa\u00e7o s\u00f3cio-ocupacionais que se relacionam com a pol\u00edticas urbanas, habitacionais, de saneamento b\u00e1sico, ambiental, agr\u00e1ria, fundi\u00e1ria, entre outras relacionadas ao direito \u00e0 cidade, \u00e0 moradia e \u00e0 terra\/territ\u00f3rio; e os movimentos sociais, comunit\u00e1rios e territoriais que pautam a garantia e amplia\u00e7\u00e3o desses direitos em articula\u00e7\u00e3o com as demais pol\u00edticas sociais (sa\u00fade, educa\u00e7\u00e3o, emprego e renda, assist\u00eancia social, etc.), na perspectiva de seguridade social ampliada.&nbsp;<\/p>\n\n\n\n<p><br>A comiss\u00e3o de direito \u00e0 cidade \u00e9 um espa\u00e7o aberto \u00e0 participa\u00e7\u00e3o de assistentes sociais, estudantes e demais interessadas nas suas tem\u00e1ticas de discuss\u00e3o.&nbsp;<\/p>\n\n\n\n<p><strong>E-MAIL PARA CONTATO:&nbsp;<\/strong>DIREITOACIDADE@CRESS-BA.ORG.BR<\/p>\n\n\n\n<p><strong>Datas de reuni\u00f5es (2024):<\/strong><\/p>\n\n\n\n<ul class=\"wp-block-list\">\n<li><em><strong>26\/02 (segunda-feira) \u00e0s 19h30,\u00a0online<\/strong><\/em><\/li>\n<\/ul>\n\n\n\n<p>Reuni\u00e3o conjunta com a comiss\u00e3o de g\u00eanero, ra\u00e7a e etnia. Pauta: organiza\u00e7\u00e3o de atividade conjunta sobre quest\u00e3o ambiental e popula\u00e7\u00f5es racializadas e atividades do 8M<\/p>\n\n\n\n<ul class=\"wp-block-list\">\n<li><strong><em>29\/04 (segunda-feira) \u00e0s 19h,\u00a0online<\/em><\/strong><\/li>\n<\/ul>\n\n\n\n<p>Prov\u00e1vel pauta: o trabalho de assistentes sociais na pol\u00edtica urbana, habitacional e de saneamento em Salvador&nbsp;<\/p>\n\n\n\n<ul class=\"wp-block-list\">\n<li><em><strong>17\/06 (segunda-feira),\u00a0\u00e0s 19h,\u00a0online<\/strong><\/em><\/li>\n<\/ul>\n\n\n\n<p>Prov\u00e1vel pauta: planejamento de atividades do segundo semestre de 2024<\/p>\n","protected":false},"excerpt":{"rendered":"<p>Constituem o escopo de discuss\u00f5es, reflex\u00f5es e pr\u00e1ticas dessa&nbsp;Comiss\u00e3o a atua\u00e7\u00e3o profissional nos diferentes espa\u00e7o s\u00f3cio-ocupacionais que se relacionam com a pol\u00edticas urbanas, habitacionais, de saneamento b\u00e1sico, ambiental, agr\u00e1ria, fundi\u00e1ria, entre outras relacionadas ao direito \u00e0 cidade, \u00e0 moradia e \u00e0 terra\/territ\u00f3rio; e os movimentos sociais, comunit\u00e1rios e territoriais que pautam a garantia e amplia\u00e7\u00e3o [&hellip;]<\/p>\n","protected":false},"author":1,"featured_media":0,"parent":0,"menu_order":0,"comment_status":"closed","ping_status":"closed","template":"","meta":{"footnotes":""},"class_list":["post-380","page","type-page","status-publish","hentry"],"_hostinger_reach_plugin_has_subscription_block":false,"_hostinger_reach_plugin_is_elementor":false,"_links":{"self":[{"href":"https:\/\/cress-ba.org.br\/index.php?rest_route=\/wp\/v2\/pages\/380","targetHints":{"allow":["GET"]}}],"collection":[{"href":"https:\/\/cress-ba.org.br\/index.php?rest_route=\/wp\/v2\/pages"}],"about":[{"href":"https:\/\/cress-ba.org.br\/index.php?rest_route=\/wp\/v2\/types\/page"}],"author":[{"embeddable":true,"href":"https:\/\/cress-ba.org.br\/index.php?rest_route=\/wp\/v2\/users\/1"}],"replies":[{"embeddable":true,"href":"https:\/\/cress-ba.org.br\/index.php?rest_route=%2Fwp%2Fv2%2Fcomments&post=380"}],"version-history":[{"count":1,"href":"https:\/\/cress-ba.org.br\/index.php?rest_route=\/wp\/v2\/pages\/380\/revisions"}],"predecessor-version":[{"id":381,"href":"https:\/\/cress-ba.org.br\/index.php?rest_route=\/wp\/v2\/pages\/380\/revisions\/381"}],"wp:attachment":[{"href":"https:\/\/cress-ba.org.br\/index.php?rest_route=%2Fwp%2Fv2%2Fmedia&parent=380"}],"curies":[{"name":"wp","href":"https:\/\/api.w.org\/{rel}","templated":true}]}}