{"id":382,"date":"2025-11-04T11:24:20","date_gmt":"2025-11-04T14:24:20","guid":{"rendered":"https:\/\/sitesf2j.com.br\/cress\/?page_id=382"},"modified":"2026-02-10T17:21:32","modified_gmt":"2026-02-10T20:21:32","slug":"comissao-de-saude","status":"publish","type":"page","link":"https:\/\/cress-ba.org.br\/?page_id=382","title":{"rendered":"COMISS\u00c3O DE SA\u00daDE"},"content":{"rendered":"\n<p>A&nbsp;Comiss\u00e3o de sa\u00fade&nbsp;articula as\/os assistentes sociais dos diversos espa\u00e7os s\u00f3cio ocupacionais na \u00e1rea da sa\u00fade, &nbsp;com o objetivo de socializar experi\u00eancias, sistematizar conhecimentos e criar subs\u00eddios para o debate em torno das demandas que s\u00e3o postas \u00e0 profiss\u00e3o,&nbsp; propondo alternativas e estrat\u00e9gias para implanta\u00e7\u00e3o e implementa\u00e7\u00e3o de propostas de trabalho, bem como a pol\u00edtica de sa\u00fade e aspectos referentes ao Sistema \u00danico de Sa\u00fade \u2013 SUS, al\u00e9m de promover debates, estudos, propor pareceres, pesquisas, entre outras a\u00e7\u00f5es.&nbsp;<\/p>\n\n\n\n<p>&nbsp;A&nbsp;<strong>Comiss\u00e3o de Sa\u00fade<\/strong>&nbsp;\u00e9 composta por conselheiros do CRESS e assistentes sociais da base, atuantes em servi\u00e7os de sa\u00fade e estudantes que tenham interesse na discuss\u00e3o da pol\u00edtica de sa\u00fade.<\/p>\n\n\n\n<p><strong>E-MAIL PARA CONTATO:&nbsp;<\/strong>COMISSAODESAUDE@CRESS-BA.ORG.BR<\/p>\n\n\n\n<p><strong>Documentos da comiss\u00e3o:<\/strong><\/p>\n\n\n\n<p><strong><a href=\"https:\/\/cress-ba.org.br\/wp-content\/uploads\/2025\/12\/PTC-Urgencia-e-Emergencia-CRESS-BA.pdf\" target=\"_blank\" rel=\"noreferrer noopener\">Protocolo de atua\u00e7\u00e3o dos\/as profissionais do Servi\u00e7o Social nas unidades de urg\u00eancia e emerg\u00eancia<\/a><\/strong><\/p>\n\n\n\n<p><strong><a href=\"https:\/\/cress-ba.org.br\/wp-content\/uploads\/2025\/12\/PTC-Atencao-Basica.pdf\" target=\"_blank\" rel=\"noreferrer noopener\">Protocolo de atua\u00e7\u00e3o das\/os Assistentes Sociais na aten\u00e7\u00e3o b\u00e1sica na Bahia<\/a><\/strong><\/p>\n\n\n\n<p><strong><a href=\"https:\/\/cress-ba.org.br\/?p=2468\" target=\"_blank\" rel=\"noreferrer noopener\">Nota p\u00fablica: CRESS-BA na defesa do SUS<\/a><\/strong><\/p>\n\n\n\n<p><strong><a href=\"https:\/\/cress-ba.org.br\/?p=2471\" target=\"_blank\" rel=\"noreferrer noopener\">Manifesto contra o retrocesso:&nbsp; nota em defesa da Reforma Psiqui\u00e1trica<\/a><\/strong><\/p>\n\n\n\n<p><strong><a href=\"https:\/\/cress-ba.org.br\/wp-content\/uploads\/2025\/12\/PTC-atuacao-na-politica-de-saude.pdf\" target=\"_blank\" rel=\"noreferrer noopener\">Par\u00e2metros para atua\u00e7\u00e3o de Assistentes Sociais na Pol\u00edtica de Sa\u00fade<\/a>&nbsp; &nbsp;&#8212;&#8212;&nbsp;&nbsp;<a href=\"https:\/\/cress-ba.org.br\/?p=2475\" target=\"_blank\" rel=\"noreferrer noopener\">(mat\u00e9ria completa)<\/a><\/strong><\/p>\n\n\n\n<p><strong>SA\u00daDE MENTAL<\/strong><\/p>\n\n\n\n<p><strong>Contatos:&nbsp;<\/strong><\/p>\n\n\n\n<p><strong>Documentos da comiss\u00e3o:<\/strong><\/p>\n","protected":false},"excerpt":{"rendered":"<p>A&nbsp;Comiss\u00e3o de sa\u00fade&nbsp;articula as\/os assistentes sociais dos diversos espa\u00e7os s\u00f3cio ocupacionais na \u00e1rea da sa\u00fade, &nbsp;com o objetivo de socializar experi\u00eancias, sistematizar conhecimentos e criar subs\u00eddios para o debate em torno das demandas que s\u00e3o postas \u00e0 profiss\u00e3o,&nbsp; propondo alternativas e estrat\u00e9gias para implanta\u00e7\u00e3o e implementa\u00e7\u00e3o de propostas de trabalho, bem como a pol\u00edtica de [&hellip;]<\/p>\n","protected":false},"author":1,"featured_media":0,"parent":0,"menu_order":0,"comment_status":"closed","ping_status":"closed","template":"","meta":{"footnotes":""},"class_list":["post-382","page","type-page","status-publish","hentry"],"_hostinger_reach_plugin_has_subscription_block":false,"_hostinger_reach_plugin_is_elementor":false,"_links":{"self":[{"href":"https:\/\/cress-ba.org.br\/index.php?rest_route=\/wp\/v2\/pages\/382","targetHints":{"allow":["GET"]}}],"collection":[{"href":"https:\/\/cress-ba.org.br\/index.php?rest_route=\/wp\/v2\/pages"}],"about":[{"href":"https:\/\/cress-ba.org.br\/index.php?rest_route=\/wp\/v2\/types\/page"}],"author":[{"embeddable":true,"href":"https:\/\/cress-ba.org.br\/index.php?rest_route=\/wp\/v2\/users\/1"}],"replies":[{"embeddable":true,"href":"https:\/\/cress-ba.org.br\/index.php?rest_route=%2Fwp%2Fv2%2Fcomments&post=382"}],"version-history":[{"count":3,"href":"https:\/\/cress-ba.org.br\/index.php?rest_route=\/wp\/v2\/pages\/382\/revisions"}],"predecessor-version":[{"id":3468,"href":"https:\/\/cress-ba.org.br\/index.php?rest_route=\/wp\/v2\/pages\/382\/revisions\/3468"}],"wp:attachment":[{"href":"https:\/\/cress-ba.org.br\/index.php?rest_route=%2Fwp%2Fv2%2Fmedia&parent=382"}],"curies":[{"name":"wp","href":"https:\/\/api.w.org\/{rel}","templated":true}]}}