{"id":384,"date":"2025-11-04T11:24:57","date_gmt":"2025-11-04T14:24:57","guid":{"rendered":"https:\/\/sitesf2j.com.br\/cress\/?page_id=384"},"modified":"2026-02-10T17:16:25","modified_gmt":"2026-02-10T20:16:25","slug":"interiorizacao","status":"publish","type":"page","link":"https:\/\/cress-ba.org.br\/?page_id=384","title":{"rendered":"Interioriza\u00e7\u00e3o"},"content":{"rendered":"\n<p>A Comiss\u00e3o de Interioriza\u00e7\u00e3o do CRESS-BA busca apoiar a iniciativa de profissionais interessados em se organizar de modo coletivo e procura estabelecer interlocu\u00e7\u00e3o entre a categoria dos Assistentes Sociais em especial aos que est\u00e3o no interior do estado e o Conselho. \u00c9 respons\u00e1vel pelo acompanhamento e suporte t\u00e9cnico formativo dos NUCRESS &#8211; N\u00facleos de Base de Assistentes Sociais em todo o estado da Bahia.<\/p>\n\n\n\n<p>A Comiss\u00e3o&nbsp;tem como principal objetivo fortalecer os espa\u00e7os de articula\u00e7\u00e3o coletiva da categoria de base para aperfei\u00e7oar a organiza\u00e7\u00e3o pol\u00edtica pedag\u00f3gica dos \/as assistentes sociais atrav\u00e9s dos NUCRESS, multiplicando os v\u00e1rios debates inseridos no \u00e2mbito do conjunto CFESS\/CRESS.<\/p>\n\n\n\n<p>Os NUCRESS s\u00e3o espa\u00e7os de articula\u00e7\u00e3o e organiza\u00e7\u00e3o dos assistentes sociais de base, considerando a diversidade regional e territorial da dimens\u00e3o do estado da Bahia constitu\u00eddo de 417 munic\u00edpios. Esses N\u00facleos de Base de Assistentes Sociais, desempenham o papel de interioriza\u00e7\u00e3o, descentraliza\u00e7\u00e3o e democratiza\u00e7\u00e3o da gest\u00e3o t\u00e9cnico-pol\u00edtica do CRESS \/BA.<\/p>\n\n\n\n<p>Os NUCRESS t\u00eam o papel de colaborar e manter a interlocu\u00e7\u00e3o com as a\u00e7\u00f5es do CRESS\/BA, visando defender a qualidade dos servi\u00e7os profissionais prestados \u00e0 sociedade e a troca e circula\u00e7\u00e3o das informa\u00e7\u00f5es. Ao mesmo tempo, os NUCRESS tamb\u00e9m t\u00eam como compet\u00eancias:<\/p>\n\n\n\n<p>I \u2013 Divulgar e zelar pela observ\u00e2ncia da Lei do Exerc\u00edcio Profissional (Lei Federal n\u00ba8.622\/93) e do C\u00f3digo de \u00c9tica Profissional (Resolu\u00e7\u00e3o CFESS n\u00ba273\/93);<\/p>\n\n\n\n<p>II \u2013 Promover debates sobre o Servi\u00e7o Social ou temas afins com a profiss\u00e3o;<\/p>\n\n\n\n<p>III \u2013 Promover forma\u00e7\u00e3o continuada das\/os profissionais;<\/p>\n\n\n\n<p>IV \u2013 Defender o exerc\u00edcio profissional e a qualidade do servi\u00e7o prestado aos usu\u00e1rios;<\/p>\n\n\n\n<p>V \u2013 Contribuir com a defesa dos direitos e deveres da\/o Assistente Social;<\/p>\n\n\n\n<p>VI \u2013 Contribuir para a defesa das Pol\u00edticas P\u00fablicas e de Direito como Direito do Cidad\u00e3o e Dever do Estado;<\/p>\n\n\n\n<p>VII \u2013 Divulgar a profiss\u00e3o junto \u00e0 sociedade atrav\u00e9s dos meios de comunica\u00e7\u00e3o, especialmente&nbsp;no Dia da\/o Assistente Social.<\/p>\n\n\n\n<p><strong>E-MAIL PARA CONTATO:&nbsp;<\/strong>INTERIORIZACAO@CRESS-BA.ORG.BR<\/p>\n\n\n\n<p><strong>Documentos<\/strong><\/p>\n\n\n\n<p><a href=\"https:\/\/cress-ba.org.br\/wp-content\/uploads\/2025\/12\/Relatoria-da-Primeira-Reuniao-da-Comissao-de-Interiorizacao-do-ano-de-2024.pdf\">Relatoria da 1\u00aa reuni\u00e3o do ano de 2024 &#8211; 20\/02<\/a><\/p>\n\n\n\n<p><\/p>\n","protected":false},"excerpt":{"rendered":"<p>A Comiss\u00e3o de Interioriza\u00e7\u00e3o do CRESS-BA busca apoiar a iniciativa de profissionais interessados em se organizar de modo coletivo e procura estabelecer interlocu\u00e7\u00e3o entre a categoria dos Assistentes Sociais em especial aos que est\u00e3o no interior do estado e o Conselho. \u00c9 respons\u00e1vel pelo acompanhamento e suporte t\u00e9cnico formativo dos NUCRESS &#8211; N\u00facleos de Base [&hellip;]<\/p>\n","protected":false},"author":1,"featured_media":0,"parent":0,"menu_order":0,"comment_status":"closed","ping_status":"closed","template":"","meta":{"footnotes":""},"class_list":["post-384","page","type-page","status-publish","hentry"],"_hostinger_reach_plugin_has_subscription_block":false,"_hostinger_reach_plugin_is_elementor":false,"_links":{"self":[{"href":"https:\/\/cress-ba.org.br\/index.php?rest_route=\/wp\/v2\/pages\/384","targetHints":{"allow":["GET"]}}],"collection":[{"href":"https:\/\/cress-ba.org.br\/index.php?rest_route=\/wp\/v2\/pages"}],"about":[{"href":"https:\/\/cress-ba.org.br\/index.php?rest_route=\/wp\/v2\/types\/page"}],"author":[{"embeddable":true,"href":"https:\/\/cress-ba.org.br\/index.php?rest_route=\/wp\/v2\/users\/1"}],"replies":[{"embeddable":true,"href":"https:\/\/cress-ba.org.br\/index.php?rest_route=%2Fwp%2Fv2%2Fcomments&post=384"}],"version-history":[{"count":3,"href":"https:\/\/cress-ba.org.br\/index.php?rest_route=\/wp\/v2\/pages\/384\/revisions"}],"predecessor-version":[{"id":3467,"href":"https:\/\/cress-ba.org.br\/index.php?rest_route=\/wp\/v2\/pages\/384\/revisions\/3467"}],"wp:attachment":[{"href":"https:\/\/cress-ba.org.br\/index.php?rest_route=%2Fwp%2Fv2%2Fmedia&parent=384"}],"curies":[{"name":"wp","href":"https:\/\/api.w.org\/{rel}","templated":true}]}}