{"id":457,"date":"2025-11-14T03:49:58","date_gmt":"2025-11-14T06:49:58","guid":{"rendered":"https:\/\/sitesf2j.com.br\/cress\/?page_id=457"},"modified":"2026-05-11T14:28:56","modified_gmt":"2026-05-11T17:28:56","slug":"e-sic","status":"publish","type":"page","link":"https:\/\/cress-ba.org.br\/?page_id=457","title":{"rendered":"e-SIC"},"content":{"rendered":"\n<p><strong>SOLICITA\u00c7\u00c3O DE INFORMA\u00c7\u00d5ES AO CRESS-BA<\/strong><\/p>\n\n\n\n<p>Este formul\u00e1rio visa atender \u00e0s observa\u00e7\u00f5es da Lei Geral de Prote\u00e7\u00e3o de Dados Pessoais (LGPD), Lei N\u00ba 13.709, de agosto de 2018; Lei N\u00ba 9.610, de 19 de fevereiro de 1998, legisla\u00e7\u00e3o sobre direitos autorais; Lei n\u00ba 12.527\/2011, que regulamenta o direito constitucional de acesso \u00e0s informa\u00e7\u00f5es p\u00fablicas; e \u00e0s Resolu\u00e7\u00f5es CFESS <a href=\"https:\/\/www.cfess.org.br\/arquivos\/Res9210-2019.pdf\">n\u00ba 910\/2019<\/a> e <a href=\"https:\/\/www.cfess.org.br\/arquivos\/Rescfess9792021.pdf\">979\/2021<\/a> e <a href=\"https:\/\/cress-ba.org.br\/wp-content\/uploads\/2026\/05\/E-SIC-RESOLUCAO-CRESS-5a-REGIAO-No-010-DE-28-DE-AGOSTO-DE-2024.pdf\">Resolu\u00e7\u00e3o CRESS 5\u00aa Regi\u00e3o N\u00ba 010, de agosto de 2024.<\/a><br><\/p>\n\n\n<style id=\"wpforms-css-vars-2405\">\n\t\t\t\t#wpforms-2405 {\n\t\t\t\t--wpforms-container-padding: 0px;\n--wpforms-container-border-width: 1px;\n--wpforms-container-border-radius: 3px;\n--wpforms-background-color: rgba(0, 0, 0, 0);\n--wpforms-field-size-input-height: 43px;\n--wpforms-field-size-input-spacing: 15px;\n--wpforms-field-size-font-size: 16px;\n--wpforms-field-size-line-height: 19px;\n--wpforms-field-size-padding-h: 14px;\n--wpforms-field-size-checkbox-size: 16px;\n--wpforms-field-size-sublabel-spacing: 5px;\n--wpforms-field-size-icon-size: 1;\n--wpforms-label-size-font-size: 16px;\n--wpforms-label-size-line-height: 19px;\n--wpforms-label-size-sublabel-font-size: 14px;\n--wpforms-label-size-sublabel-line-height: 17px;\n--wpforms-button-size-font-size: 17px;\n--wpforms-button-size-height: 41px;\n--wpforms-button-size-padding-h: 15px;\n--wpforms-button-size-margin-top: 10px;\n--wpforms-container-shadow-size-box-shadow: none;\n\t\t\t}\n\t\t\t<\/style><div class=\"wpforms-container wpforms-container-full wpforms-render-modern\" id=\"wpforms-2405\"><form id=\"wpforms-form-2405\" class=\"wpforms-validate wpforms-form wpforms-ajax-form\" data-formid=\"2405\" method=\"post\" enctype=\"multipart\/form-data\" action=\"\/index.php?rest_route=%2Fwp%2Fv2%2Fpages%2F457\" data-token=\"cf9af82de826c25d611526261cd1c089\" data-token-time=\"1778768011\"><noscript class=\"wpforms-error-noscript\">Ative o JavaScript no seu navegador para preencher este formul\u00e1rio.<\/noscript><div id=\"wpforms-error-noscript\" style=\"display: none;\">Ative o JavaScript no seu navegador para preencher este formul\u00e1rio.<\/div><div class=\"wpforms-field-container\"><div id=\"wpforms-2405-field_1-container\" class=\"wpforms-field wpforms-field-radio\" data-field-id=\"1\"><fieldset><legend class=\"wpforms-field-label\">Informe se necessita que a sua identidade seja preservada:<\/legend><ul id=\"wpforms-2405-field_1\"><li class=\"choice-1 depth-1\"><input type=\"radio\" id=\"wpforms-2405-field_1_1\" name=\"wpforms[fields][1]\" value=\"Sim\" aria-errormessage=\"wpforms-2405-field_1_1-error\"  ><label class=\"wpforms-field-label-inline\" for=\"wpforms-2405-field_1_1\">Sim<\/label><\/li><li class=\"choice-2 depth-1\"><input type=\"radio\" id=\"wpforms-2405-field_1_2\" name=\"wpforms[fields][1]\" value=\"N\u00e3o\" aria-errormessage=\"wpforms-2405-field_1_2-error\"  ><label class=\"wpforms-field-label-inline\" for=\"wpforms-2405-field_1_2\">N\u00e3o<\/label><\/li><\/ul><\/fieldset><\/div><div id=\"wpforms-2405-field_2-container\" class=\"wpforms-field wpforms-field-text\" data-field-id=\"2\"><label class=\"wpforms-field-label\" for=\"wpforms-2405-field_2\">Nome completo:<\/label><input type=\"text\" id=\"wpforms-2405-field_2\" class=\"wpforms-field-medium\" name=\"wpforms[fields][2]\" aria-errormessage=\"wpforms-2405-field_2-error\" ><\/div><div id=\"wpforms-2405-field_3-container\" class=\"wpforms-field wpforms-field-text\" data-field-id=\"3\"><label class=\"wpforms-field-label\" for=\"wpforms-2405-field_3\">Informe o nome social, se houver interesse<\/label><input type=\"text\" id=\"wpforms-2405-field_3\" class=\"wpforms-field-medium\" name=\"wpforms[fields][3]\" aria-errormessage=\"wpforms-2405-field_3-error\" ><\/div><div id=\"wpforms-2405-field_4-container\" class=\"wpforms-field wpforms-field-number\" data-field-id=\"4\"><label class=\"wpforms-field-label\" for=\"wpforms-2405-field_4\">CPF (ou n\u00famero do passaporte, no caso de ser pessoa estrangeira n\u00e3o residente no Brasil):<\/label><input type=\"number\" id=\"wpforms-2405-field_4\" class=\"wpforms-field-medium\" name=\"wpforms[fields][4]\" step=\"any\" aria-errormessage=\"wpforms-2405-field_4-error\" ><\/div><div id=\"wpforms-2405-field_16-container\" class=\"wpforms-field wpforms-field-text\" data-field-id=\"16\"><label class=\"wpforms-field-label\" for=\"wpforms-2405-field_16\">CNPJ - Em caso de pessoa jur\u00eddica<\/label><input type=\"text\" id=\"wpforms-2405-field_16\" class=\"wpforms-field-medium\" name=\"wpforms[fields][16]\" aria-errormessage=\"wpforms-2405-field_16-error\" ><\/div><div id=\"wpforms-2405-field_6-container\" class=\"wpforms-field wpforms-field-text\" data-field-id=\"6\"><label class=\"wpforms-field-label\" for=\"wpforms-2405-field_6\">Endere\u00e7o de e-mail v\u00e1lido:* (Caso n\u00e3o possua endere\u00e7o de e-mail, forne\u00e7a seu endere\u00e7o residencial completo)<\/label><input type=\"text\" id=\"wpforms-2405-field_6\" class=\"wpforms-field-medium\" name=\"wpforms[fields][6]\" aria-errormessage=\"wpforms-2405-field_6-error\" ><\/div><div id=\"wpforms-2405-field_7-container\" class=\"wpforms-field wpforms-field-text\" data-field-id=\"7\"><label class=\"wpforms-field-label\" for=\"wpforms-2405-field_7\">N\u00famero de telefone para contato:<\/label><input type=\"text\" id=\"wpforms-2405-field_7\" class=\"wpforms-field-medium\" name=\"wpforms[fields][7]\" aria-errormessage=\"wpforms-2405-field_7-error\" ><\/div><div id=\"wpforms-2405-field_8-container\" class=\"wpforms-field wpforms-field-select wpforms-field-select-style-classic\" data-field-id=\"8\"><label class=\"wpforms-field-label\" for=\"wpforms-2405-field_8\">A qual categoria pertence:<\/label><select id=\"wpforms-2405-field_8\" class=\"wpforms-field-medium\" name=\"wpforms[fields][8]\"><option value=\"Assistente Social com inscri\u00e7\u00e3o\/registro ativo no CRESS\"  class=\"choice-1 depth-1\"  >Assistente Social com inscri\u00e7\u00e3o\/registro ativo no CRESS<\/option><option value=\"Assistente Social, apenas, Bacharelado\/Gradua\u00e7\u00e3o em Servi\u00e7o Social, sem registro ativo no CRESS\"  class=\"choice-2 depth-1\"  >Assistente Social, apenas, Bacharelado\/Gradua\u00e7\u00e3o em Servi\u00e7o Social, sem registro ativo no CRESS<\/option><option value=\"Estudante de Gradua\u00e7\u00e3o em Servi\u00e7o Social\"  class=\"choice-3 depth-1\"  >Estudante de Gradua\u00e7\u00e3o em Servi\u00e7o Social<\/option><option value=\"Estudante de P\u00f3s Gradua\u00e7\u00e3o em Servi\u00e7o Social\"  class=\"choice-4 depth-1\"  >Estudante de P\u00f3s Gradua\u00e7\u00e3o em Servi\u00e7o Social<\/option><option value=\"Estudante de outros cursos\/\u00e1reas\"  class=\"choice-5 depth-1\"  >Estudante de outros cursos\/\u00e1reas<\/option><option value=\"Profissional de outra \u00e1rea\"  class=\"choice-6 depth-1\"  >Profissional de outra \u00e1rea<\/option><option value=\"Outro\"  class=\"choice-7 depth-1\"  >Outro<\/option><\/select><\/div><div id=\"wpforms-2405-field_17-container\" class=\"wpforms-field wpforms-field-select wpforms-field-select-style-classic\" data-field-id=\"17\"><label class=\"wpforms-field-label\" for=\"wpforms-2405-field_17\">Cor\/Ra\u00e7a<\/label><select id=\"wpforms-2405-field_17\" class=\"wpforms-field-medium\" name=\"wpforms[fields][17]\"><option value=\"Preta\"  class=\"choice-1 depth-1\"  >Preta<\/option><option value=\"Parda\"  class=\"choice-2 depth-1\"  >Parda<\/option><option value=\"Ind\u00edgena\"  class=\"choice-3 depth-1\"  >Ind\u00edgena<\/option><option value=\"Branca\"  class=\"choice-4 depth-1\"  >Branca<\/option><option value=\"Amarela\"  class=\"choice-5 depth-1\"  >Amarela<\/option><\/select><\/div><div id=\"wpforms-2405-field_13-container\" class=\"wpforms-field wpforms-field-select wpforms-field-select-style-classic\" data-field-id=\"13\"><label class=\"wpforms-field-label\" for=\"wpforms-2405-field_13\">Identidade de g\u00eanero<\/label><select id=\"wpforms-2405-field_13\" class=\"wpforms-field-medium\" name=\"wpforms[fields][13]\"><option value=\"Mulher Cisg\u00eanero\"  class=\"choice-1 depth-1\"  >Mulher Cisg\u00eanero<\/option><option value=\"Mulher Trans\"  class=\"choice-2 depth-1\"  >Mulher Trans<\/option><option value=\"Homem Cisg\u00eanero\"  class=\"choice-3 depth-1\"  >Homem Cisg\u00eanero<\/option><option value=\"Homem Trans\"  class=\"choice-4 depth-1\"  >Homem Trans<\/option><option value=\"N\u00e3o Bin\u00e1rio\"  class=\"choice-5 depth-1\"  >N\u00e3o Bin\u00e1rio<\/option><option value=\"Travesti\"  class=\"choice-6 depth-1\"  >Travesti<\/option><option value=\"Outro\"  class=\"choice-8 depth-1\"  >Outro<\/option><\/select><\/div><div id=\"wpforms-2405-field_18-container\" class=\"wpforms-field wpforms-field-select wpforms-field-select-style-classic\" data-field-id=\"18\"><label class=\"wpforms-field-label\" for=\"wpforms-2405-field_18\">Orienta\u00e7\u00e3o Sexual<\/label><select id=\"wpforms-2405-field_18\" class=\"wpforms-field-medium\" name=\"wpforms[fields][18]\"><option value=\"Assexual\"  class=\"choice-1 depth-1\"  >Assexual<\/option><option value=\"Pansexual\"  class=\"choice-2 depth-1\"  >Pansexual<\/option><option value=\"Bissexual\"  class=\"choice-3 depth-1\"  >Bissexual<\/option><option value=\"Homossexual\"  class=\"choice-4 depth-1\"  >Homossexual<\/option><option value=\"Heterossexual\"  class=\"choice-5 depth-1\"  >Heterossexual<\/option><option value=\"Outro\"  class=\"choice-8 depth-1\"  >Outro<\/option><\/select><\/div><div id=\"wpforms-2405-field_14-container\" class=\"wpforms-field wpforms-field-radio\" data-field-id=\"14\"><fieldset><legend class=\"wpforms-field-label\">\u00c9 pessoa com defici\u00eancia ou necessidades espec\u00edficas? <\/legend><ul id=\"wpforms-2405-field_14\"><li class=\"choice-1 depth-1\"><input type=\"radio\" id=\"wpforms-2405-field_14_1\" name=\"wpforms[fields][14]\" value=\"Sim\" aria-errormessage=\"wpforms-2405-field_14_1-error\"  ><label class=\"wpforms-field-label-inline\" for=\"wpforms-2405-field_14_1\">Sim<\/label><\/li><li class=\"choice-2 depth-1\"><input type=\"radio\" id=\"wpforms-2405-field_14_2\" name=\"wpforms[fields][14]\" value=\"N\u00e3o\" aria-errormessage=\"wpforms-2405-field_14_2-error\"  ><label class=\"wpforms-field-label-inline\" for=\"wpforms-2405-field_14_2\">N\u00e3o<\/label><\/li><\/ul><\/fieldset><\/div><div id=\"wpforms-2405-field_19-container\" class=\"wpforms-field wpforms-field-text\" data-field-id=\"19\"><label class=\"wpforms-field-label\" for=\"wpforms-2405-field_19\">Qual defici\u00eancia? <\/label><input type=\"text\" id=\"wpforms-2405-field_19\" class=\"wpforms-field-medium\" name=\"wpforms[fields][19]\" aria-errormessage=\"wpforms-2405-field_19-error\" aria-describedby=\"wpforms-2405-field_19-description\" ><div id=\"wpforms-2405-field_19-description\" class=\"wpforms-field-description\">Caso deseje solicitar acessibilidade, descreva acima.<\/div><\/div><div id=\"wpforms-2405-field_21-container\" class=\"wpforms-field wpforms-field-select wpforms-field-select-style-classic\" data-field-id=\"21\"><label class=\"wpforms-field-label\" for=\"wpforms-2405-field_21\">Sinalize com qual \u00e1rea tem\u00e1tica a sua solicita\u00e7\u00e3o est\u00e1 relacionada:*<\/label><select id=\"wpforms-2405-field_21\" class=\"wpforms-field-medium\" name=\"wpforms[fields][21]\"><option value=\"G\u00eanero, Ra\u00e7a e\/ou Etnia\"  class=\"choice-1 depth-1\"  >G\u00eanero, Ra\u00e7a e\/ou Etnia<\/option><option value=\"\u00c9tica Profissional\"  class=\"choice-2 depth-1\"  >\u00c9tica Profissional<\/option><option value=\"Inscri\u00e7\u00e3o e Registro\"  class=\"choice-3 depth-1\"  >Inscri\u00e7\u00e3o e Registro<\/option><option value=\"Orienta\u00e7\u00e3o e Fiscaliza\u00e7\u00e3o Profissional\"  class=\"choice-4 depth-1\"  >Orienta\u00e7\u00e3o e Fiscaliza\u00e7\u00e3o Profissional<\/option><option value=\"Forma\u00e7\u00e3o Profissional\"  class=\"choice-5 depth-1\"  >Forma\u00e7\u00e3o Profissional<\/option><option value=\"Administrativo-Financeiro\"  class=\"choice-6 depth-1\"  >Administrativo-Financeiro<\/option><option value=\"Interioriza\u00e7\u00e3o\"  class=\"choice-7 depth-1\"  >Interioriza\u00e7\u00e3o<\/option><option value=\"Assist\u00eancia Social\"  class=\"choice-8 depth-1\"  >Assist\u00eancia Social<\/option><option value=\"Previd\u00eancia Social\"  class=\"choice-9 depth-1\"  >Previd\u00eancia Social<\/option><option value=\"Sa\u00fade\"  class=\"choice-10 depth-1\"  >Sa\u00fade<\/option><option value=\"Educa\u00e7\u00e3o\"  class=\"choice-11 depth-1\"  >Educa\u00e7\u00e3o<\/option><option value=\"Direito \u00e0 Cidade\"  class=\"choice-12 depth-1\"  >Direito \u00e0 Cidade<\/option><option value=\"Sociojur\u00eddico\"  class=\"choice-13 depth-1\"  >Sociojur\u00eddico<\/option><option value=\"Comunica\u00e7\u00e3o\"  class=\"choice-14 depth-1\"  >Comunica\u00e7\u00e3o<\/option><option value=\"Patrim\u00f4nio\"  class=\"choice-15 depth-1\"  >Patrim\u00f4nio<\/option><option value=\"Gest\u00e3o Documental\"  class=\"choice-16 depth-1\"  >Gest\u00e3o Documental<\/option><option value=\"Transpar\u00eancia, Lei de Acesso \u00e0 Informa\u00e7\u00e3o, Lei Geral de Prote\u00e7\u00e3o de Dados.\"  class=\"choice-17 depth-1\"  >Transpar\u00eancia, Lei de Acesso \u00e0 Informa\u00e7\u00e3o, Lei Geral de Prote\u00e7\u00e3o de Dados.<\/option><option value=\"Gest\u00e3o do Trabalho\"  class=\"choice-18 depth-1\"  >Gest\u00e3o do Trabalho<\/option><option value=\"Anuidade, Inadimpl\u00eancia\"  class=\"choice-19 depth-1\"  >Anuidade, Inadimpl\u00eancia<\/option><\/select><\/div><div id=\"wpforms-2405-field_22-container\" class=\"wpforms-field wpforms-field-select wpforms-field-select-style-classic\" data-field-id=\"22\"><label class=\"wpforms-field-label\" for=\"wpforms-2405-field_22\">Como se dar\u00e1 o seu levantamento de dados\/pesquisa?<\/label><select id=\"wpforms-2405-field_22\" class=\"wpforms-field-medium\" name=\"wpforms[fields][22]\"><option value=\"Envolve pesquisa com seres humanos.\"  class=\"choice-1 depth-1\"  >Envolve pesquisa com seres humanos.<\/option><option value=\"A pesquisa envolve identifica\u00e7\u00e3o do (a) participante.\"  class=\"choice-2 depth-1\"  >A pesquisa envolve identifica\u00e7\u00e3o do (a) participante.<\/option><option value=\"Envolve levantamento documental.\"  class=\"choice-3 depth-1\"  >Envolve levantamento documental.<\/option><option value=\"Envolve pesquisa bibliogr\u00e1fica.\"  class=\"choice-4 depth-1\"  >Envolve pesquisa bibliogr\u00e1fica.<\/option><option value=\"Envolve visita in loco e\/ou entrevistas.\"  class=\"choice-19 depth-1\"  >Envolve visita in loco e\/ou entrevistas.<\/option><option value=\"Necessito de registros fotogr\u00e1ficos, filmagens.\"  class=\"choice-20 depth-1\"  >Necessito de registros fotogr\u00e1ficos, filmagens.<\/option><option value=\"Trata-se de pesquisa de opini\u00e3o p\u00fablica com participantes n\u00e3o identificados\"  class=\"choice-21 depth-1\"  >Trata-se de pesquisa de opini\u00e3o p\u00fablica com participantes n\u00e3o identificados<\/option><option value=\"Pesquisa na qual se utiliza informa\u00e7\u00f5es de dom\u00ednio\/acesso p\u00fablico.\"  class=\"choice-22 depth-1\"  >Pesquisa na qual se utiliza informa\u00e7\u00f5es de dom\u00ednio\/acesso p\u00fablico.<\/option><option value=\"Pesquisa com bancos de dados sem identifica\u00e7\u00e3o individual.\"  class=\"choice-23 depth-1\"  >Pesquisa com bancos de dados sem identifica\u00e7\u00e3o individual.<\/option><option value=\"Atividade realizada com finalidade exclusiva de educa\u00e7\u00e3o, de ensino ou de treinamento sem finalidade de pesquisa (exceto trabalhos para conclus\u00e3o de curso e similares).\"  class=\"choice-24 depth-1\"  >Atividade realizada com finalidade exclusiva de educa\u00e7\u00e3o, de ensino ou de treinamento sem finalidade de pesquisa (exceto trabalhos para conclus\u00e3o de curso e similares).<\/option><option value=\"Outro\"  class=\"choice-25 depth-1\"  >Outro<\/option><\/select><\/div>\t\t<div id=\"wpforms-2405-field_5-container\"\n\t\t\tclass=\"wpforms-field wpforms-field-text\"\n\t\t\tdata-field-type=\"text\"\n\t\t\tdata-field-id=\"5\"\n\t\t\t>\n\t\t\t<label class=\"wpforms-field-label\" for=\"wpforms-2405-field_5\" >endere\u00e7o no telefone<\/label>\n\t\t\t<input type=\"text\" id=\"wpforms-2405-field_5\" class=\"wpforms-field-medium\" name=\"wpforms[fields][5]\" >\n\t\t<\/div>\n\t\t<div id=\"wpforms-2405-field_23-container\" class=\"wpforms-field wpforms-field-text\" data-field-id=\"23\"><label class=\"wpforms-field-label\" for=\"wpforms-2405-field_23\">Descreva, detalhadamente, que tipo de informa\u00e7\u00e3o voc\u00ea deseja:*<\/label><input type=\"text\" id=\"wpforms-2405-field_23\" class=\"wpforms-field-medium\" name=\"wpforms[fields][23]\" aria-errormessage=\"wpforms-2405-field_23-error\" aria-describedby=\"wpforms-2405-field_23-description\" ><div id=\"wpforms-2405-field_23-description\" class=\"wpforms-field-description\">Pedimos, para uma resposta satisfat\u00f3ria, que seja realizada a contextualiza\u00e7\u00e3o da sua d\u00favida.<\/div><\/div><div id=\"wpforms-2405-field_24-container\" class=\"wpforms-field wpforms-field-text\" data-field-id=\"24\"><label class=\"wpforms-field-label\" for=\"wpforms-2405-field_24\">Seu levantamento de dados\/pesquisa foi submetida e aprovada junto ao Comit\u00ea de \u00c9tica em Pesquisa\/Plataforma Brasil? <\/label><input type=\"text\" id=\"wpforms-2405-field_24\" class=\"wpforms-field-medium\" name=\"wpforms[fields][24]\" aria-errormessage=\"wpforms-2405-field_24-error\" aria-describedby=\"wpforms-2405-field_24-description\" ><div id=\"wpforms-2405-field_24-description\" class=\"wpforms-field-description\">Pedimos, para uma resposta satisfat\u00f3ria, que seja realizada a contextualiza\u00e7\u00e3o da sua d\u00favida.<\/div><\/div><div id=\"wpforms-2405-field_26-container\" class=\"wpforms-field wpforms-field-radio\" data-field-id=\"26\"><fieldset><legend class=\"wpforms-field-label\">Conforme a Lei n\u00ba 13.709\/2018<\/legend><ul id=\"wpforms-2405-field_26\"><li class=\"choice-1 depth-1\"><input type=\"radio\" id=\"wpforms-2405-field_26_1\" name=\"wpforms[fields][26]\" value=\"Sim\" aria-errormessage=\"wpforms-2405-field_26_1-error\" aria-describedby=\"wpforms-2405-field_26-description\"  ><label class=\"wpforms-field-label-inline\" for=\"wpforms-2405-field_26_1\">Sim<\/label><\/li><li class=\"choice-3 depth-1\"><input type=\"radio\" id=\"wpforms-2405-field_26_3\" name=\"wpforms[fields][26]\" value=\"N\u00e3o\" aria-errormessage=\"wpforms-2405-field_26_3-error\" aria-describedby=\"wpforms-2405-field_26-description\"  ><label class=\"wpforms-field-label-inline\" for=\"wpforms-2405-field_26_3\">N\u00e3o<\/label><\/li><\/ul><div id=\"wpforms-2405-field_26-description\" class=\"wpforms-field-description\">Conforme a Lei n\u00ba 13.709\/2018, que instituiu a Lei Geral de Prote\u00e7\u00e3o de Dados Pessoais, solicitamos que informe ci\u00eancia e acordo quanto \u00e0 coleta, uso e tratamento dos dados pessoais aqui fornecidos, por parte do CRESS-BA, em acordo com o artigo 7 da lei citada e destaques para os incisos III e IV, de forma a atender o interesse do profissional requisitante e da categoria atendida por esta autarquia:*\n\"III - pela administra\u00e7\u00e3o p\u00fablica, para o tratamento e uso compartilhado de dados necess\u00e1rios \u00e0 execu\u00e7\u00e3o de pol\u00edticas p\u00fablicas previstas em leis e regulamentos ou respaldadas em contratos, conv\u00eanios ou instrumentos cong\u00eaneres, observadas as disposi\u00e7\u00f5es do Cap\u00edtulo IV desta Lei;\nIV - para a realiza\u00e7\u00e3o de estudos por \u00f3rg\u00e3o de pesquisa, garantida, sempre que poss\u00edvel, a anonimiza\u00e7\u00e3o dos dados pessoais\";<\/div><\/fieldset><\/div><script>\n\t\t\t\t( function() {\n\t\t\t\t\tconst style = document.createElement( 'style' );\n\t\t\t\t\tstyle.appendChild( document.createTextNode( '#wpforms-2405-field_5-container { position: absolute !important; overflow: hidden !important; display: inline !important; height: 1px !important; width: 1px !important; z-index: -1000 !important; padding: 0 !important; } #wpforms-2405-field_5-container input { visibility: hidden; } #wpforms-conversational-form-page #wpforms-2405-field_5-container label { counter-increment: none; }' ) );\n\t\t\t\t\tdocument.head.appendChild( style );\n\t\t\t\t\tdocument.currentScript?.remove();\n\t\t\t\t} )();\n\t\t\t<\/script><\/div><!-- .wpforms-field-container --><div class=\"wpforms-submit-container\" ><input type=\"hidden\" name=\"wpforms[id]\" value=\"2405\"><input type=\"hidden\" name=\"page_title\" value=\"\"><input type=\"hidden\" name=\"page_url\" value=\"https:\/\/cress-ba.org.br\/index.php?rest_route=\/wp\/v2\/pages\/457\"><input type=\"hidden\" name=\"url_referer\" value=\"\"><button type=\"submit\" name=\"wpforms[submit]\" id=\"wpforms-submit-2405\" class=\"wpforms-submit\" data-alt-text=\"Enviando\u2026\" data-submit-text=\"Enviar\" aria-live=\"assertive\" value=\"wpforms-submit\">Enviar<\/button><img loading=\"lazy\" decoding=\"async\" src=\"https:\/\/cress-ba.org.br\/wp-content\/plugins\/wpforms-lite\/assets\/images\/submit-spin.svg\" class=\"wpforms-submit-spinner\" style=\"display: none;\" width=\"26\" height=\"26\" alt=\"Carregando\"><\/div><\/form><\/div>  <!-- .wpforms-container -->\n","protected":false},"excerpt":{"rendered":"<p>SOLICITA\u00c7\u00c3O DE INFORMA\u00c7\u00d5ES AO CRESS-BA Este formul\u00e1rio visa atender \u00e0s observa\u00e7\u00f5es da Lei Geral de Prote\u00e7\u00e3o de Dados Pessoais (LGPD), Lei N\u00ba 13.709, de agosto de 2018; Lei N\u00ba 9.610, de 19 de fevereiro de 1998, legisla\u00e7\u00e3o sobre direitos autorais; Lei n\u00ba 12.527\/2011, que regulamenta o direito constitucional de acesso \u00e0s informa\u00e7\u00f5es p\u00fablicas; e \u00e0s [&hellip;]<\/p>\n","protected":false},"author":1,"featured_media":0,"parent":0,"menu_order":0,"comment_status":"closed","ping_status":"closed","template":"","meta":{"footnotes":""},"class_list":["post-457","page","type-page","status-publish","hentry"],"_hostinger_reach_plugin_has_subscription_block":false,"_hostinger_reach_plugin_is_elementor":false,"_links":{"self":[{"href":"https:\/\/cress-ba.org.br\/index.php?rest_route=\/wp\/v2\/pages\/457","targetHints":{"allow":["GET"]}}],"collection":[{"href":"https:\/\/cress-ba.org.br\/index.php?rest_route=\/wp\/v2\/pages"}],"about":[{"href":"https:\/\/cress-ba.org.br\/index.php?rest_route=\/wp\/v2\/types\/page"}],"author":[{"embeddable":true,"href":"https:\/\/cress-ba.org.br\/index.php?rest_route=\/wp\/v2\/users\/1"}],"replies":[{"embeddable":true,"href":"https:\/\/cress-ba.org.br\/index.php?rest_route=%2Fwp%2Fv2%2Fcomments&post=457"}],"version-history":[{"count":8,"href":"https:\/\/cress-ba.org.br\/index.php?rest_route=\/wp\/v2\/pages\/457\/revisions"}],"predecessor-version":[{"id":5668,"href":"https:\/\/cress-ba.org.br\/index.php?rest_route=\/wp\/v2\/pages\/457\/revisions\/5668"}],"wp:attachment":[{"href":"https:\/\/cress-ba.org.br\/index.php?rest_route=%2Fwp%2Fv2%2Fmedia&parent=457"}],"curies":[{"name":"wp","href":"https:\/\/api.w.org\/{rel}","templated":true}]}}