{"id":471,"date":"2025-11-24T07:01:51","date_gmt":"2025-11-24T10:01:51","guid":{"rendered":"https:\/\/sitesf2j.com.br\/cress\/?page_id=471"},"modified":"2026-02-05T14:31:33","modified_gmt":"2026-02-05T17:31:33","slug":"registro-profissional","status":"publish","type":"page","link":"https:\/\/cress-ba.org.br\/?page_id=471","title":{"rendered":"Registro profissional"},"content":{"rendered":"\n<ul class=\"wp-block-list\">\n<li><a href=\"https:\/\/cress-ba.org.br\/?page_id=184\" data-type=\"page\" data-id=\"184\">Primeira inscri\u00e7\u00e3o<\/a><\/li>\n\n\n\n<li><a href=\"https:\/\/cress-ba.org.br\/?page_id=190\" data-type=\"page\" data-id=\"190\">Reinscri\u00e7\u00e3o<\/a><\/li>\n\n\n\n<li><a href=\"https:\/\/cress-ba.org.br\/?page_id=209\" data-type=\"page\" data-id=\"209\">Inscri\u00e7\u00e3o pessoa jur\u00eddica<\/a><\/li>\n\n\n\n<li><a href=\"https:\/\/cress-ba.org.br\/?page_id=193\" data-type=\"page\" data-id=\"193\">Transfer\u00eancia<\/a><\/li>\n\n\n\n<li><a href=\"https:\/\/cress-ba.org.br\/?page_id=202\" data-type=\"page\" data-id=\"202\">Cancelamento<\/a><\/li>\n\n\n\n<li><a href=\"https:\/\/cress-ba.org.br\/?page_id=198\">Registro secund\u00e1rio<\/a><\/li>\n\n\n\n<li><a href=\"https:\/\/cress-ba.org.br\/?page_id=229\" data-type=\"page\" data-id=\"229\">DIP<\/a><\/li>\n<\/ul>\n","protected":false},"excerpt":{"rendered":"","protected":false},"author":1,"featured_media":0,"parent":0,"menu_order":0,"comment_status":"closed","ping_status":"closed","template":"","meta":{"footnotes":""},"class_list":["post-471","page","type-page","status-publish","hentry"],"_hostinger_reach_plugin_has_subscription_block":false,"_hostinger_reach_plugin_is_elementor":false,"_links":{"self":[{"href":"https:\/\/cress-ba.org.br\/index.php?rest_route=\/wp\/v2\/pages\/471","targetHints":{"allow":["GET"]}}],"collection":[{"href":"https:\/\/cress-ba.org.br\/index.php?rest_route=\/wp\/v2\/pages"}],"about":[{"href":"https:\/\/cress-ba.org.br\/index.php?rest_route=\/wp\/v2\/types\/page"}],"author":[{"embeddable":true,"href":"https:\/\/cress-ba.org.br\/index.php?rest_route=\/wp\/v2\/users\/1"}],"replies":[{"embeddable":true,"href":"https:\/\/cress-ba.org.br\/index.php?rest_route=%2Fwp%2Fv2%2Fcomments&post=471"}],"version-history":[{"count":5,"href":"https:\/\/cress-ba.org.br\/index.php?rest_route=\/wp\/v2\/pages\/471\/revisions"}],"predecessor-version":[{"id":3365,"href":"https:\/\/cress-ba.org.br\/index.php?rest_route=\/wp\/v2\/pages\/471\/revisions\/3365"}],"wp:attachment":[{"href":"https:\/\/cress-ba.org.br\/index.php?rest_route=%2Fwp%2Fv2%2Fmedia&parent=471"}],"curies":[{"name":"wp","href":"https:\/\/api.w.org\/{rel}","templated":true}]}}