{"id":479,"date":"2025-11-24T08:23:19","date_gmt":"2025-11-24T11:23:19","guid":{"rendered":"https:\/\/sitesf2j.com.br\/cress\/?page_id=479"},"modified":"2026-01-27T15:12:19","modified_gmt":"2026-01-27T18:12:19","slug":"legislacao-e-notas-tecnicas","status":"publish","type":"page","link":"https:\/\/cress-ba.org.br\/?page_id=479","title":{"rendered":"Legisla\u00e7\u00e3o e notas t\u00e9cnicas"},"content":{"rendered":"\n<ul class=\"wp-block-list\">\n<li><strong><a href=\"https:\/\/cress-ba.org.br\/?page_id=2742\" data-type=\"page\" data-id=\"2742\">Decis\u00f5es<\/a><\/strong><\/li>\n\n\n\n<li><strong><a href=\"https:\/\/cress-ba.org.br\/?page_id=2769\" data-type=\"page\" data-id=\"2769\">Portarias<\/a><\/strong><\/li>\n\n\n\n<li><strong><a href=\"https:\/\/cress-ba.org.br\/?page_id=3118\" data-type=\"page\" data-id=\"3118\">Resolu\u00e7\u00f5es<\/a><\/strong><\/li>\n\n\n\n<li><strong><a href=\"https:\/\/cress-ba.org.br\/?page_id=332\" data-type=\"page\" data-id=\"332\">Lei do Exerc\u00edcio Profissional<\/a><\/strong><\/li>\n\n\n\n<li><strong><a href=\"https:\/\/cress-ba.org.br\/?page_id=337\" data-type=\"page\" data-id=\"337\">Estatuto do Conjunto CFESS-CRESS<\/a><\/strong><\/li>\n\n\n\n<li><strong><a href=\"https:\/\/cress-ba.org.br\/?page_id=341\" data-type=\"page\" data-id=\"341\">Regimento Interno do CRESS-BA<\/a><\/strong><\/li>\n\n\n\n<li><strong><a href=\"https:\/\/cress-ba.org.br\/?page_id=343\" data-type=\"page\" data-id=\"343\">C\u00f3digo de \u00e9tica profissional<\/a><\/strong><\/li>\n\n\n\n<li><strong><a href=\"https:\/\/cress-ba.org.br\/?page_id=345\" data-type=\"page\" data-id=\"345\">C\u00f3digo de processo \u00e9tico<\/a><\/strong><\/li>\n\n\n\n<li><strong><a href=\"https:\/\/cress-ba.org.br\/?page_id=348\" data-type=\"page\" data-id=\"348\">C\u00f3digo de processo disciplinar<\/a><\/strong><\/li>\n\n\n\n<li><strong><a href=\"https:\/\/cress-ba.org.br\/?page_id=350\" data-type=\"link\" data-id=\"https:\/\/cress-ba.org.br\/?page_id=350\">C\u00f3digo eleitoral do conjunto CFESS-CRESS<\/a><\/strong><\/li>\n\n\n\n<li><strong><a href=\"https:\/\/www.cfess.org.br\/legislacao\/index?LegislacaoSearch%5Bid_legislacao_categoria%5D=4\" data-type=\"link\" data-id=\"https:\/\/www.cfess.org.br\/legislacao\/index?LegislacaoSearch%5Bid_legislacao_categoria%5D=4\" target=\"_blank\" rel=\"noreferrer noopener\">Resolu\u00e7\u00f5es do CFESS<\/a><\/strong><\/li>\n\n\n\n<li><strong><a href=\"https:\/\/cress-ba.org.br\/?page_id=352\" data-type=\"page\" data-id=\"352\">Projetos de Lei<\/a><\/strong><\/li>\n\n\n\n<li><strong><a href=\"https:\/\/cress-ba.org.br\/?page_id=354\" data-type=\"page\" data-id=\"354\">Notas t\u00e9cnicas<\/a><\/strong><\/li>\n\n\n\n<li><strong><a href=\"https:\/\/cress-ba.org.br\/?page_id=3268\" data-type=\"page\" data-id=\"3268\">Editais<\/a><\/strong><\/li>\n<\/ul>\n\n\n\n<p><\/p>\n","protected":false},"excerpt":{"rendered":"","protected":false},"author":1,"featured_media":0,"parent":0,"menu_order":0,"comment_status":"closed","ping_status":"closed","template":"","meta":{"footnotes":""},"class_list":["post-479","page","type-page","status-publish","hentry"],"_hostinger_reach_plugin_has_subscription_block":false,"_hostinger_reach_plugin_is_elementor":false,"_links":{"self":[{"href":"https:\/\/cress-ba.org.br\/index.php?rest_route=\/wp\/v2\/pages\/479","targetHints":{"allow":["GET"]}}],"collection":[{"href":"https:\/\/cress-ba.org.br\/index.php?rest_route=\/wp\/v2\/pages"}],"about":[{"href":"https:\/\/cress-ba.org.br\/index.php?rest_route=\/wp\/v2\/types\/page"}],"author":[{"embeddable":true,"href":"https:\/\/cress-ba.org.br\/index.php?rest_route=\/wp\/v2\/users\/1"}],"replies":[{"embeddable":true,"href":"https:\/\/cress-ba.org.br\/index.php?rest_route=%2Fwp%2Fv2%2Fcomments&post=479"}],"version-history":[{"count":5,"href":"https:\/\/cress-ba.org.br\/index.php?rest_route=\/wp\/v2\/pages\/479\/revisions"}],"predecessor-version":[{"id":3295,"href":"https:\/\/cress-ba.org.br\/index.php?rest_route=\/wp\/v2\/pages\/479\/revisions\/3295"}],"wp:attachment":[{"href":"https:\/\/cress-ba.org.br\/index.php?rest_route=%2Fwp%2Fv2%2Fmedia&parent=479"}],"curies":[{"name":"wp","href":"https:\/\/api.w.org\/{rel}","templated":true}]}}