{"id":482,"date":"2025-11-24T08:27:04","date_gmt":"2025-11-24T11:27:04","guid":{"rendered":"https:\/\/sitesf2j.com.br\/cress\/?page_id=482"},"modified":"2025-11-24T08:27:05","modified_gmt":"2025-11-24T11:27:05","slug":"etica-profissional","status":"publish","type":"page","link":"https:\/\/cress-ba.org.br\/?page_id=482","title":{"rendered":"\u00c9tica Profissional"},"content":{"rendered":"\n<ul class=\"wp-block-list\">\n<li><a href=\"https:\/\/cress-ba.org.br\/?page_id=317\" data-type=\"page\" data-id=\"317\"><strong>COMISS\u00c3O PERMANENTE DE \u00c9TICA<\/strong><\/a><\/li>\n\n\n\n<li><a href=\"https:\/\/cress-ba.org.br\/?page_id=320\" data-type=\"page\" data-id=\"320\"><strong>COMISS\u00d5ES DE INSTRU\u00c7\u00c3O<\/strong><\/a><\/li>\n<\/ul>\n","protected":false},"excerpt":{"rendered":"","protected":false},"author":1,"featured_media":0,"parent":0,"menu_order":0,"comment_status":"closed","ping_status":"closed","template":"","meta":{"footnotes":""},"class_list":["post-482","page","type-page","status-publish","hentry"],"_hostinger_reach_plugin_has_subscription_block":false,"_hostinger_reach_plugin_is_elementor":false,"_links":{"self":[{"href":"https:\/\/cress-ba.org.br\/index.php?rest_route=\/wp\/v2\/pages\/482","targetHints":{"allow":["GET"]}}],"collection":[{"href":"https:\/\/cress-ba.org.br\/index.php?rest_route=\/wp\/v2\/pages"}],"about":[{"href":"https:\/\/cress-ba.org.br\/index.php?rest_route=\/wp\/v2\/types\/page"}],"author":[{"embeddable":true,"href":"https:\/\/cress-ba.org.br\/index.php?rest_route=\/wp\/v2\/users\/1"}],"replies":[{"embeddable":true,"href":"https:\/\/cress-ba.org.br\/index.php?rest_route=%2Fwp%2Fv2%2Fcomments&post=482"}],"version-history":[{"count":1,"href":"https:\/\/cress-ba.org.br\/index.php?rest_route=\/wp\/v2\/pages\/482\/revisions"}],"predecessor-version":[{"id":483,"href":"https:\/\/cress-ba.org.br\/index.php?rest_route=\/wp\/v2\/pages\/482\/revisions\/483"}],"wp:attachment":[{"href":"https:\/\/cress-ba.org.br\/index.php?rest_route=%2Fwp%2Fv2%2Fmedia&parent=482"}],"curies":[{"name":"wp","href":"https:\/\/api.w.org\/{rel}","templated":true}]}}